{"id":5139,"date":"2020-05-07T17:37:52","date_gmt":"2020-05-07T15:37:52","guid":{"rendered":"https:\/\/castell.romeuprenafeta.com\/cookies\/"},"modified":"2020-05-11T09:04:03","modified_gmt":"2020-05-11T07:04:03","slug":"cookies","status":"publish","type":"page","link":"https:\/\/castelldelremei.com\/en\/cookies\/","title":{"rendered":"Cookies"},"content":{"rendered":"<h4>POL\u00cdTICA DE COOKIES<\/h4>\n<h5><b>COOKIES<\/b><\/h5>\n<p>&nbsp;<\/p>\n<p>CASTELL DEL REMEI\u00a0podr\u00eda utilizar cookies en su p\u00e1gina web con la finalidad de identificar a los usuarios registrados con la m\u00e1xima celeridad. Una cookie es un peque\u00f1o conjunto de datos que se almacena en el disco duro del ordenador del usuario de manera que se le pueda reconocer cuando regrese al mismo sitio web. Nuestras cookies sirven para identificar una sesi\u00f3n de usuario (cookies de sesi\u00f3n) y\/o un ordenador (cookies permanentes), y no proporcionan por s\u00ed mismas ni el nombre del usuario ni ning\u00fan otro dato personal. Tampoco pueden leer datos de su disco duro ni archivos cookie creados por otros proveedores. Para utilizar algunos de nuestros servicios es necesario que el usuario permita la utilizaci\u00f3n de cookies de sesi\u00f3n, las cuales permanecen \u00fanicamente mientras el usuario mantiene abierta su sesi\u00f3n y no se almacenan en su equipo. Gracias a este instrumento, podemos reforzar su seguridad y facilitarle una navegaci\u00f3n m\u00e1s r\u00e1pida. Asimismo le informamos que cuando introduzca su c\u00f3digo de usuario y su clave de acceso, tendr\u00e1 la opci\u00f3n de marcar la casilla de verificaci\u00f3n \u201cRecu\u00e9rdeme en este equipo\u201d. Si selecciona esta opci\u00f3n se almacenar\u00e1 en el ordenador que est\u00e9 utilizando una cookie permanente con su c\u00f3digo de usuario encriptado.<\/p>\n<p>&nbsp;<\/p>\n<h5><b>QU\u00c9 ES UNA COOKIE<\/b><\/h5>\n<p>&nbsp;<\/p>\n<p>Una cookie es un fichero que se descarga en su ordenador al acceder a determinadas p\u00e1ginas web. Las cookies permiten a una p\u00e1gina web, entre otras cosas, almacenar y recuperar informaci\u00f3n sobre los h\u00e1bitos de navegaci\u00f3n de un usuario o de su equipo y, dependiendo de la informaci\u00f3n que contengan y de la forma en que utilice su equipo, pueden utilizarse para reconocer al usuario.<\/p>\n<p>La utilidad de la cookie es que la web sea capaz de recordar su visita cuando vuelva a navegar por esa p\u00e1gina. Las cookies se llevan utilizando desde hace m\u00e1s o menos 20 a\u00f1os, cuando aparecieron los primeros navegadores para la World Wide Web.<\/p>\n<p>&nbsp;<\/p>\n<h5><b>QU\u00c9 NO ES UNA COOKIE<\/b><\/h5>\n<p>&nbsp;<\/p>\n<p>Una cookie no es ning\u00fan virus, ni troyano, ni spam, ni spyware, ni abre ventanas pop-up, en resumen una cookie no puede malbaratar o estropear un ordenador.<\/p>\n<p>&nbsp;<\/p>\n<h5><b>INFORMACI\u00d3N. QU\u00c9 ALMACENA UNA COOKIE<\/b><\/h5>\n<p>&nbsp;<\/p>\n<p>Los datos que guardan las cookies son de car\u00e1cter t\u00e9cnico, preferencias personales, personalizaci\u00f3n de contenidos, etc. Las cookies no suelen almacenar informaci\u00f3n sensible sobre usted, como tarjetas de cr\u00e9dito o datos bancarios, fotograf\u00edas, datos personales como DNI, etc.<\/p>\n<p>&nbsp;<\/p>\n<p>El servidor web no le asocia a usted como persona sino a su navegador web. De hecho, si usted navega habitualmente con Internet Explorer, por ejemplo, y prueba a navegar por la misma web con Firefox o Google Chrome ver\u00e1 que la web no se da cuenta que es usted la misma persona porque en realidad est\u00e1 asociando al navegador, no a la persona.<\/p>\n<p>&nbsp;<\/p>\n<h5><b>TIPOS DE COOKIES QUE EXISTEN<\/b><\/h5>\n<p>&nbsp;<\/p>\n<ul>\n<li>Cookies t\u00e9cnicas: Son las m\u00e1s elementales y permiten, entre otras cosas, saber cu\u00e1ndo est\u00e1 navegando un humano o una aplicaci\u00f3n automatizada, cu\u00e1ndo navega un usuario an\u00f3nimo y uno registrado, tareas b\u00e1sicas para el funcionamiento de cualquier web din\u00e1mica.<\/li>\n<li>Cookies de an\u00e1lisis: Recogen informaci\u00f3n sobre el tipo de navegaci\u00f3n que est\u00e1 realizando, las secciones que m\u00e1s utiliza, productos consultados, franja horaria de uso, idioma, etc. Son aqu\u00e9llas que bien tratadas por nosotros o por terceros, nos permiten cuantificar el n\u00famero de usuarios y as\u00ed realizar la medici\u00f3n y an\u00e1lisis estad\u00edstico de la utilizaci\u00f3n que hacen los usuarios del servicio ofertado. Para ello se analiza su navegaci\u00f3n en nuestra p\u00e1gina web con el fin de mejorar la oferta de productos o servicios que le ofrecemos.<\/li>\n<li>Cookies publicitarias: Muestran publicidad en funci\u00f3n de su navegaci\u00f3n, su pa\u00eds de procedencia, idioma, etc. \u00a0Nos permiten gestionar de la forma m\u00e1s eficaz posible la oferta de los espacios publicitarios que hay en la p\u00e1gina web, adecuando el contenido del anuncio al contenido del servicio solicitado o al uso que realice de nuestra p\u00e1gina web. Para ello podemos analizar sus h\u00e1bitos de navegaci\u00f3n en Internet y podemos mostrarle publicidad relacionada con su perfil de navegaci\u00f3n.<\/li>\n<\/ul>\n<p>&nbsp;<\/p>\n<h5><b>DIFERENCIAS ENTRE LAS COOKIES PROPIAS Y LAS DE TERCEROS<\/b><\/h5>\n<p>&nbsp;<\/p>\n<p>Las cookies propias son las generadas por la p\u00e1gina que est\u00e1 visitando y las de terceros son las generadas por servicios o proveedores externos como Facebook, Twitter, Google, etc.<\/p>\n<p>&nbsp;<\/p>\n<h5><b>QU\u00c9 PASA SI DESACTIVA LAS COOKIES<\/b><\/h5>\n<p>&nbsp;<\/p>\n<p>Para que entienda el alcance que puede tener desactivar las cookies le mostramos unos ejemplos:<\/p>\n<ul>\n<li>No podr\u00e1 compartir contenidos de esa web en Facebook, Twitter o cualquier otra red social.<\/li>\n<li>El sitio web no podr\u00e1 adaptar los contenidos a sus preferencias personales, como suele ocurrir en las tiendas online.<\/li>\n<li>No podr\u00e1 acceder al \u00e1rea personal de esa web, como por ejemplo Mi cuenta, o Mi perfil o Mis pedidos.<\/li>\n<li>Tiendas online: Le ser\u00e1 imposible realizar compras online, tendr\u00e1n que ser telef\u00f3nicas o visitando la tienda f\u00edsica si es que dispone de ella.<\/li>\n<li>No ser\u00e1 posible personalizar sus preferencias geogr\u00e1ficas como franja horaria, divisa o idioma.<\/li>\n<li>El sitio web no podr\u00e1 realizar anal\u00edticas web sobre visitantes y tr\u00e1fico en la web, lo que dificultar\u00e1 que la web sea competitiva.<\/li>\n<li>No podr\u00e1 escribir en el blog, no podr\u00e1 subir fotos, publicar comentarios, valorar o puntuar contenidos. La web tampoco podr\u00e1 saber si usted es un humano o una aplicaci\u00f3n automatizada que publica spam.<\/li>\n<li>No se podr\u00e1 mostrar publicidad sectorizada, lo que reducir\u00e1 los ingresos publicitarios de la web.<\/li>\n<li>Todas las redes sociales usan cookies, si las desactiva no podr\u00e1 utilizar ninguna red social.<\/li>\n<\/ul>\n<p>&nbsp;<\/p>\n<h5><b>C\u00d3MO SE PUEDEN ELIMINAR LAS COOKIES<\/b><\/h5>\n<p>&nbsp;<\/p>\n<p>Se pueden eliminar y tambi\u00e9n bloquear, de forma general o particular para un dominio espec\u00edfico.<\/p>\n<p>Para eliminar las cookies de un sitio web debe ir a configuraci\u00f3n de su navegador y all\u00ed podr\u00e1 buscar las asociadas al dominio en cuesti\u00f3n y proceder a su eliminaci\u00f3n.<\/p>\n<p>&nbsp;<\/p>\n<h5><b>CONFIGURACI\u00d3N DE COOKIES PARA LOS NAVEGADORES M\u00c1S USADOS<\/b><\/h5>\n<p>&nbsp;<\/p>\n<p>A continuaci\u00f3n le indicamos c\u00f3mo acceder a una cookie determinada del navegador Google Chrome. Aunque estos pasos pueden variar en funci\u00f3n de la versi\u00f3n del navegador:<\/p>\n<ol>\n<li>Vaya a \u201cConfiguraci\u00f3n\u201d o \u201cPreferencias\u201d mediante el men\u00fa \u201cArchivo\u201d o bien pinchando el icono de personalizaci\u00f3n que aparece arriba a la derecha.<\/li>\n<li>Ver\u00e1 diferentes secciones, pinche la opci\u00f3n \u201cMostrar opciones avanzadas\u201d.<\/li>\n<li>Vaya a \u201cPrivacidad, Configuraci\u00f3n de contenido\u201d.<\/li>\n<li>Seleccione \u201cTodas las cookies y los datos de sitios\u201d.<\/li>\n<li>Aparecer\u00e1 un listado con todas las cookies ordenadas por dominio. Para que le sea m\u00e1s f\u00e1cil encontrar las cookies de un determinado dominio introduzca parcial o totalmente la direcci\u00f3n en el campo \u201cBuscar cookies\u201d.<\/li>\n<li>Tras realizar este filtro aparecer\u00e1n en pantalla una o varias l\u00edneas con las cookies de la web solicitada. Ahora s\u00f3lo tiene que seleccionar y pulsar \u201cX\u201d para proceder a su eliminaci\u00f3n.<\/li>\n<\/ol>\n<p>&nbsp;<\/p>\n<p>Para acceder a la configuraci\u00f3n de cookies del navegador Internet Explorer siga estos pasos (pueden variar en funci\u00f3n a la versi\u00f3n del navegador):<\/p>\n<ol>\n<li>Vaya a \u201cHerramientas, Opciones de Internet\u201d.<\/li>\n<li>Haga click en \u201cPrivacidad\u201d.<\/li>\n<li>Mueva el deslizador hasta ajustar el nivel de privacidad que desee.<\/li>\n<\/ol>\n<p>&nbsp;<\/p>\n<p>Para acceder a la configuraci\u00f3n de cookies del navegador Firefox siga estos pasos (pueden variar en funci\u00f3n de la versi\u00f3n del navegador):<\/p>\n<ol>\n<li>Vaya a \u201cOpciones o Preferencias\u201d seg\u00fan su sistema operativo.<\/li>\n<li>Haga click en \u201cPrivacidad\u201d.<\/li>\n<li>En \u201cHistorial\u201d elija \u201cUsar una configuraci\u00f3n personalizada para el historial\u201d.<\/li>\n<li>Ahora ver\u00e1 el opci\u00f3n \u201cAceptar cookies\u201d, puede activarla o desactivarla seg\u00fan sus preferencias.<\/li>\n<\/ol>\n<p>&nbsp;<\/p>\n<p>Para acceder a la configuraci\u00f3n de cookies del navegador \u201cSafari para OSX\u201d siga estos pasos (pueden variar en funci\u00f3n de la versi\u00f3n del navegador):<\/p>\n<ol>\n<li>Vaya a \u201cPreferencias\u201d, luego \u201cPrivacidad\u201d.<\/li>\n<li>En este lugar ver\u00e1 la opci\u00f3n \u201cBloquear cookies\u201d para que ajuste el tipo de bloqueo que desea realizar.<\/li>\n<\/ol>\n<p>&nbsp;<\/p>\n<p>Para acceder a la configuraci\u00f3n de cookies del navegador Safari para iOS siga estos pasos (pueden variar en funci\u00f3n de la versi\u00f3n del navegador):<\/p>\n<ol>\n<li>Vaya a \u201cAjustes\u201d, luego \u201cSafari\u201d.<\/li>\n<li>Vaya a \u201cPrivacidad y Seguridad\u201d, ver\u00e1 la opci\u00f3n \u201cBloquear cookies\u201d para que ajuste el tipo de bloqueo que desea realizar.<\/li>\n<\/ol>\n<p>&nbsp;<\/p>\n<p>Para acceder a la configuraci\u00f3n de cookies del navegador para dispositivos Android siga estos pasos (pueden variar en funci\u00f3n de la versi\u00f3n del navegador):<\/p>\n<ol>\n<li>Ejecute el navegador y pulse la tecla \u201cMen\u00fa\u201d, luego \u201cAjustes\u201d.<\/li>\n<li>Vaya a \u201cSeguridad y Privacidad\u201d, ver\u00e1 la opci\u00f3n \u201cAceptar cookies\u201d para que active o desactive la casilla.<\/li>\n<\/ol>\n<p>&nbsp;<\/p>\n<p>Para acceder a la configuraci\u00f3n de cookies del navegador para dispositivos Windows Phone siga estos pasos (pueden variar en funci\u00f3n de la versi\u00f3n del navegador):<\/p>\n<ol>\n<li>Abra \u201cInternet Explorer\u201d, luego \u201cM\u00e1s\u201d, luego \u201cConfiguraci\u00f3n\u201d.<\/li>\n<li>Ahora puede activar o desactivar la casilla \u201cPermitir cookies\u201d.<\/li>\n<\/ol>\n","protected":false},"excerpt":{"rendered":"<p> [&hellip;]<\/p>\n","protected":false},"author":18,"featured_media":0,"parent":0,"menu_order":0,"comment_status":"closed","ping_status":"closed","template":"","meta":{"om_disable_all_campaigns":false,"_monsterinsights_skip_tracking":false,"_monsterinsights_sitenote_active":false,"_monsterinsights_sitenote_note":"","_monsterinsights_sitenote_category":0,"site-sidebar-layout":"default","site-content-layout":"default","ast-site-content-layout":"default","site-content-style":"default","site-sidebar-style":"default","ast-global-header-display":"","ast-banner-title-visibility":"","ast-main-header-display":"","ast-hfb-above-header-display":"","ast-hfb-below-header-display":"","ast-hfb-mobile-header-display":"","site-post-title":"disabled","ast-breadcrumbs-content":"","ast-featured-img":"","footer-sml-layout":"","ast-disable-related-posts":"","theme-transparent-header-meta":"default","adv-header-id-meta":"","stick-header-meta":"default","header-above-stick-meta":"","header-main-stick-meta":"","header-below-stick-meta":"","astra-migrate-meta-layouts":"default","ast-page-background-enabled":"default","ast-page-background-meta":{"desktop":{"background-color":"","background-image":"","background-repeat":"repeat","background-position":"center center","background-size":"auto","background-attachment":"scroll","background-type":"","background-media":"","overlay-type":"","overlay-color":"","overlay-opacity":"","overlay-gradient":""},"tablet":{"background-color":"","background-image":"","background-repeat":"repeat","background-position":"center center","background-size":"auto","background-attachment":"scroll","background-type":"","background-media":"","overlay-type":"","overlay-color":"","overlay-opacity":"","overlay-gradient":""},"mobile":{"background-color":"","background-image":"","background-repeat":"repeat","background-position":"center center","background-size":"auto","background-attachment":"scroll","background-type":"","background-media":"","overlay-type":"","overlay-color":"","overlay-opacity":"","overlay-gradient":""}},"ast-content-background-meta":{"desktop":{"background-color":"var(--ast-global-color-5)","background-image":"","background-repeat":"repeat","background-position":"center center","background-size":"auto","background-attachment":"scroll","background-type":"","background-media":"","overlay-type":"","overlay-color":"","overlay-opacity":"","overlay-gradient":""},"tablet":{"background-color":"var(--ast-global-color-5)","background-image":"","background-repeat":"repeat","background-position":"center center","background-size":"auto","background-attachment":"scroll","background-type":"","background-media":"","overlay-type":"","overlay-color":"","overlay-opacity":"","overlay-gradient":""},"mobile":{"background-color":"var(--ast-global-color-5)","background-image":"","background-repeat":"repeat","background-position":"center center","background-size":"auto","background-attachment":"scroll","background-type":"","background-media":"","overlay-type":"","overlay-color":"","overlay-opacity":"","overlay-gradient":""}},"footnotes":""},"class_list":["post-5139","page","type-page","status-publish","hentry"],"_links":{"self":[{"href":"https:\/\/castelldelremei.com\/en\/wp-json\/wp\/v2\/pages\/5139","targetHints":{"allow":["GET"]}}],"collection":[{"href":"https:\/\/castelldelremei.com\/en\/wp-json\/wp\/v2\/pages"}],"about":[{"href":"https:\/\/castelldelremei.com\/en\/wp-json\/wp\/v2\/types\/page"}],"author":[{"embeddable":true,"href":"https:\/\/castelldelremei.com\/en\/wp-json\/wp\/v2\/users\/18"}],"replies":[{"embeddable":true,"href":"https:\/\/castelldelremei.com\/en\/wp-json\/wp\/v2\/comments?post=5139"}],"version-history":[{"count":0,"href":"https:\/\/castelldelremei.com\/en\/wp-json\/wp\/v2\/pages\/5139\/revisions"}],"wp:attachment":[{"href":"https:\/\/castelldelremei.com\/en\/wp-json\/wp\/v2\/media?parent=5139"}],"curies":[{"name":"wp","href":"https:\/\/api.w.org\/{rel}","templated":true}]}}