{"id":5148,"date":"2020-05-07T19:33:51","date_gmt":"2020-05-07T17:33:51","guid":{"rendered":"https:\/\/castell.romeuprenafeta.com\/festa-major\/"},"modified":"2020-05-11T09:04:49","modified_gmt":"2020-05-11T07:04:49","slug":"festa-major","status":"publish","type":"page","link":"https:\/\/castelldelremei.com\/en\/festa-major\/","title":{"rendered":"Festa Major"},"content":{"rendered":"\t\t<div data-elementor-type=\"wp-page\" data-elementor-id=\"5148\" class=\"elementor elementor-5148 elementor-1291\" data-elementor-post-type=\"page\">\n\t\t\t\t\t\t<section class=\"elementor-section elementor-top-section elementor-element elementor-element-072f8e9 elementor-section-boxed elementor-section-height-default elementor-section-height-default\" data-id=\"072f8e9\" data-element_type=\"section\" data-e-type=\"section\">\n\t\t\t\t\t\t<div class=\"elementor-container elementor-column-gap-default\">\n\t\t\t\t\t<div class=\"elementor-column elementor-col-100 elementor-top-column elementor-element elementor-element-45687f4\" data-id=\"45687f4\" data-element_type=\"column\" data-e-type=\"column\">\n\t\t\t<div class=\"elementor-widget-wrap elementor-element-populated\">\n\t\t\t\t\t\t<div class=\"elementor-element elementor-element-88bd7b1 elementor-widget elementor-widget-heading\" data-id=\"88bd7b1\" data-element_type=\"widget\" data-e-type=\"widget\" data-widget_type=\"heading.default\">\n\t\t\t\t<div class=\"elementor-widget-container\">\n\t\t\t\t\t<h1 class=\"elementor-heading-title elementor-size-default\">Festa Major del Castell del Remei<\/h1>\t\t\t\t<\/div>\n\t\t\t\t<\/div>\n\t\t\t\t<div class=\"elementor-element elementor-element-a3dd36c elementor-widget elementor-widget-text-editor\" data-id=\"a3dd36c\" data-element_type=\"widget\" data-e-type=\"widget\" data-widget_type=\"text-editor.default\">\n\t\t\t\t<div class=\"elementor-widget-container\">\n\t\t\t\t\t\t\t\t\t<p>La\u00a0<strong>Festa Major del Castell del Remei<\/strong>\u00a0neix de la voluntat popular de la comunitat rural que habitava la col\u00f2nia agr\u00edcola a finals del segle XIX.<\/p>\n<p>Segons l\u2019historiador Jaume Mateu Giral -autor del llibre El Castell del Remei, terra, aigua i cultura del vi a la plana d\u2019Urgell, editat per Pag\u00e8s editors- l\u2019eminent floklorista de les terres d\u2019Urgell Valeri Serra Bold\u00fa\u00a0(<a href=\"https:\/\/ca.wikipedia.org\/wiki\/1875\">1875<\/a>\u2013<a href=\"https:\/\/ca.wikipedia.org\/wiki\/1938\">1938<\/a>) al\u00b7ludeix al significat de la festa major\u00a0<strong>en honor de la Mare de D\u00e9u del Remei<\/strong>\u00a0en l\u2019obra Calendari folkl\u00f2ric d\u2019Urgell explicant que se celebra\u00a0<strong>\u201cLo segon diumenge de Octubre\u201d<\/strong>, tradici\u00f3 que es mant\u00e9 fins els nostres dies per part dels actuals propietaris.<\/p>\n<p>Les investigacions de Mateu Giral indiquen que l\u2019antigament i successiva anomenada -des de prop de 2.000 anys-\u00a0Choris, Cortis,\u00a0Torre de Cortesa, Torre de n\u2019Eral i Torre del Bisbe esdev\u00e9 inicialment, a partir de l\u2019adquisici\u00f3 per part de la fam\u00edlia Girona (1853), la Torre del Remei adoptant finalment la denominaci\u00f3 de Castell del Remei precisament amb motiu de la\u00a0<strong>particular devoci\u00f3 professada a l\u2019advocaci\u00f3<\/strong>\u00a0de la Verge del Remei a qui Ignasi Girona Targa -patriarca de la casa Girona- va creure que devia la sort de la seva atorgada prosperitat.<\/p>\n<p><strong>Nombroses manifestacions art\u00edstiques i religioses<\/strong>\u00a0fan refer\u00e8ncia al Castell del Remei i a la seva festa i aplec. Poemes, altres textos literaris, partitures, dibuixos, pintures, fotografies, publicitat\u2026 s\u2019inspiren en aquest tresor del nostre territori.<\/p>\n<p>En aquest sentit, es destaquen la\u00a0<strong>Preg\u00e0ria a la Verge del Remei<\/strong>\u00a0per a cor, amb lletra d\u2019Esteve Sunyol Gas\u00f2liba (1856-1913)\u00a0i m\u00fasica de Llu\u00eds Millet Pag\u00e8s (<a href=\"https:\/\/es.wikipedia.org\/wiki\/1867\">1867<\/a>\u2013<a href=\"https:\/\/es.wikipedia.org\/wiki\/1941\">1941<\/a>)\u00a0cantada a l\u2019Orfe\u00f3 Catal\u00e0 l\u2019any 1900 i cada any per la Festa Major per tal de venerar la imatge de Nostra Senyora del Remei al santuari del Castell del Remei, on el text il\u00b7lustra voltes i pintures del temple.<\/p>\n<p>Aix\u00ed mateix, des de l\u2019any 2015 tenim l\u2019honor d\u2019iniciar la festa amb un preg\u00f3 pronunciat des del balc\u00f3 del pati del castell. El protagonista, en aquest cas, va ser el propi historiador Jaume Mateu Giral.<\/p>\n<p>L\u2019any 2016, el preg\u00f3 va ser encarregat a Josep Vallverd\u00fa, escriptor i Premi d\u2019Honor de les Lletres Catalanes. Podeu llegir el text fent clic <a href=\"http:\/\/ireney13.sg-host.com\/wp-content\/uploads\/2018\/08\/Preg\u00f3-Josep-Vallverd\u00fa-escriptor-i-Premi-dHonor-de-les-Lletres-Catalanes.pdf\">aqu\u00ed<\/a>.<\/p>\n<p>L\u2019any 2017, en Joan J. Busqueta Riu, director del Departament d\u2019Hist\u00f2ria de la Universitat de Lleida, va ser l\u2019encarregat de llegir el seu text. Podeu llegir el text fent clic <a href=\"http:\/\/ireney13.sg-host.com\/wp-content\/uploads\/2018\/08\/Preg\u00f3-doctor-Joan-J.-Busqueta-Riu-director-del-Departament-d\u2019Hist\u00f2ria-de-la-Universitat-de-Lleida.pdf\">aqu\u00ed<\/a>.<\/p>\n<p>L\u2019any 2019, el preg\u00f3 va ser\u00a0a c\u00e0rrec d\u2019Amadeu Ros Farr\u00e9, president de la Comunitat General de Regants dels Canals d\u2019Urgell.\u00a0Podeu llegir el text fent clic <a href=\"http:\/\/ireney13.sg-host.com\/wp-content\/uploads\/2019\/11\/PREG\u00d3-DE-FESTA-MAJOR-CASTELL-DEL-REMEI-2019-Amadeu-Ros-Farr\u00e9.pdf\">aqu\u00ed<\/a>.<\/p>\n<p>Abans del preg\u00f3, la tradici\u00f3 reprodueix el so de l\u2019antiga sirena de la crida a jornada dins la finca per indicar l\u2019inici de la festa, la qual tamb\u00e9 s\u2019utilitza per marcar el final.<\/p>\n<p>Recopilaci\u00f3 de cartells d\u2019antigues edicions on es mostren les activitats que s\u2019organitzen durant la festa:<\/p>\n\t\t\t\t\t\t\t\t<\/div>\n\t\t\t\t<\/div>\n\t\t\t\t<div class=\"elementor-element elementor-element-dd17ce4 elementor-widget elementor-widget-gallery\" data-id=\"dd17ce4\" data-element_type=\"widget\" data-e-type=\"widget\" data-settings=\"{&quot;columns&quot;:5,&quot;gap&quot;:{&quot;unit&quot;:&quot;px&quot;,&quot;size&quot;:45,&quot;sizes&quot;:[]},&quot;aspect_ratio&quot;:&quot;9:16&quot;,&quot;overlay_title&quot;:&quot;caption&quot;,&quot;lazyload&quot;:&quot;yes&quot;,&quot;gallery_layout&quot;:&quot;grid&quot;,&quot;columns_tablet&quot;:2,&quot;columns_mobile&quot;:1,&quot;gap_tablet&quot;:{&quot;unit&quot;:&quot;px&quot;,&quot;size&quot;:10,&quot;sizes&quot;:[]},&quot;gap_mobile&quot;:{&quot;unit&quot;:&quot;px&quot;,&quot;size&quot;:10,&quot;sizes&quot;:[]},&quot;link_to&quot;:&quot;file&quot;,&quot;overlay_background&quot;:&quot;yes&quot;,&quot;content_hover_animation&quot;:&quot;fade-in&quot;}\" data-widget_type=\"gallery.default\">\n\t\t\t\t<div class=\"elementor-widget-container\">\n\t\t\t\t\t\t\t<div class=\"elementor-gallery__container\">\n\t\t\t\t\t\t\t<a class=\"e-gallery-item elementor-gallery-item elementor-animated-content\" href=\"https:\/\/castelldelremei.com\/wp-content\/uploads\/2018\/08\/cartell-2009-scaled.jpg\" data-elementor-open-lightbox=\"yes\" data-elementor-lightbox-slideshow=\"dd17ce4\" data-elementor-lightbox-title=\"cartell 2009\" data-e-action-hash=\"#elementor-action%3Aaction%3Dlightbox%26settings%3DeyJpZCI6MTYzOSwidXJsIjoiaHR0cHM6XC9cL2Nhc3RlbGxkZWxyZW1laS5jb21cL3dwLWNvbnRlbnRcL3VwbG9hZHNcLzIwMThcLzA4XC9jYXJ0ZWxsLTIwMDktc2NhbGVkLmpwZyIsInNsaWRlc2hvdyI6ImRkMTdjZTQifQ%3D%3D\">\n\t\t\t\t\t<div class=\"e-gallery-image elementor-gallery-item__image\" data-thumbnail=\"https:\/\/castelldelremei.com\/wp-content\/uploads\/2018\/08\/cartell-2009-724x1024.jpg\" data-width=\"724\" data-height=\"1024\" aria-label=\"\" role=\"img\" ><\/div>\n\t\t\t\t\t\t\t\t\t\t\t<div class=\"elementor-gallery-item__overlay\"><\/div>\n\t\t\t\t\t\t\t\t\t\t\t\t\t\t\t<div class=\"elementor-gallery-item__content\">\n\t\t\t\t\t\t\t\t\t\t\t\t\t\t<div class=\"elementor-gallery-item__title\">\n\t\t\t\t\t\t\t\t\t\t\t\t\t\t\t\t\t\tFesta Major 2009\t\t\t\t\t\t\t\t<\/div>\n\t\t\t\t\t\t\t\t\t\t\t\t<\/div>\n\t\t\t\t\t\t\t\t\t<\/a>\n\t\t\t\t\t\t\t<a class=\"e-gallery-item elementor-gallery-item elementor-animated-content\" href=\"https:\/\/castelldelremei.com\/wp-content\/uploads\/2018\/08\/2010.jpg\" data-elementor-open-lightbox=\"yes\" data-elementor-lightbox-slideshow=\"dd17ce4\" data-elementor-lightbox-title=\"2010\" data-e-action-hash=\"#elementor-action%3Aaction%3Dlightbox%26settings%3DeyJpZCI6MTY0NSwidXJsIjoiaHR0cHM6XC9cL2Nhc3RlbGxkZWxyZW1laS5jb21cL3dwLWNvbnRlbnRcL3VwbG9hZHNcLzIwMThcLzA4XC8yMDEwLmpwZyIsInNsaWRlc2hvdyI6ImRkMTdjZTQifQ%3D%3D\">\n\t\t\t\t\t<div class=\"e-gallery-image elementor-gallery-item__image\" data-thumbnail=\"https:\/\/castelldelremei.com\/wp-content\/uploads\/2018\/08\/2010.jpg\" data-width=\"704\" data-height=\"984\" aria-label=\"\" role=\"img\" ><\/div>\n\t\t\t\t\t\t\t\t\t\t\t<div class=\"elementor-gallery-item__overlay\"><\/div>\n\t\t\t\t\t\t\t\t\t\t\t\t\t\t\t<div class=\"elementor-gallery-item__content\">\n\t\t\t\t\t\t\t\t\t\t\t\t\t\t<div class=\"elementor-gallery-item__title\">\n\t\t\t\t\t\t\t\t\t\t\t\t\t\t\t\t\t\tFesta Major 2010\t\t\t\t\t\t\t\t<\/div>\n\t\t\t\t\t\t\t\t\t\t\t\t<\/div>\n\t\t\t\t\t\t\t\t\t<\/a>\n\t\t\t\t\t\t\t<a class=\"e-gallery-item elementor-gallery-item elementor-animated-content\" href=\"https:\/\/castelldelremei.com\/wp-content\/uploads\/2018\/08\/2011.jpg\" data-elementor-open-lightbox=\"yes\" data-elementor-lightbox-slideshow=\"dd17ce4\" data-elementor-lightbox-title=\"2011\" data-e-action-hash=\"#elementor-action%3Aaction%3Dlightbox%26settings%3DeyJpZCI6MTY0NiwidXJsIjoiaHR0cHM6XC9cL2Nhc3RlbGxkZWxyZW1laS5jb21cL3dwLWNvbnRlbnRcL3VwbG9hZHNcLzIwMThcLzA4XC8yMDExLmpwZyIsInNsaWRlc2hvdyI6ImRkMTdjZTQifQ%3D%3D\">\n\t\t\t\t\t<div class=\"e-gallery-image elementor-gallery-item__image\" data-thumbnail=\"https:\/\/castelldelremei.com\/wp-content\/uploads\/2018\/08\/2011.jpg\" data-width=\"701\" data-height=\"998\" aria-label=\"\" role=\"img\" ><\/div>\n\t\t\t\t\t\t\t\t\t\t\t<div class=\"elementor-gallery-item__overlay\"><\/div>\n\t\t\t\t\t\t\t\t\t\t\t\t\t\t\t<div class=\"elementor-gallery-item__content\">\n\t\t\t\t\t\t\t\t\t\t\t\t\t\t<div class=\"elementor-gallery-item__title\">\n\t\t\t\t\t\t\t\t\t\t\t\t\t\t\t\t\t\tFesta Major 2011\t\t\t\t\t\t\t\t<\/div>\n\t\t\t\t\t\t\t\t\t\t\t\t<\/div>\n\t\t\t\t\t\t\t\t\t<\/a>\n\t\t\t\t\t\t\t<a class=\"e-gallery-item elementor-gallery-item elementor-animated-content\" href=\"https:\/\/castelldelremei.com\/wp-content\/uploads\/2018\/08\/cartell-20121-scaled.jpg\" data-elementor-open-lightbox=\"yes\" data-elementor-lightbox-slideshow=\"dd17ce4\" data-elementor-lightbox-title=\"cartell 2012(1)\" data-e-action-hash=\"#elementor-action%3Aaction%3Dlightbox%26settings%3DeyJpZCI6MTY0MiwidXJsIjoiaHR0cHM6XC9cL2Nhc3RlbGxkZWxyZW1laS5jb21cL3dwLWNvbnRlbnRcL3VwbG9hZHNcLzIwMThcLzA4XC9jYXJ0ZWxsLTIwMTIxLXNjYWxlZC5qcGciLCJzbGlkZXNob3ciOiJkZDE3Y2U0In0%3D\">\n\t\t\t\t\t<div class=\"e-gallery-image elementor-gallery-item__image\" data-thumbnail=\"https:\/\/castelldelremei.com\/wp-content\/uploads\/2018\/08\/cartell-20121-724x1024.jpg\" data-width=\"724\" data-height=\"1024\" aria-label=\"\" role=\"img\" ><\/div>\n\t\t\t\t\t\t\t\t\t\t\t<div class=\"elementor-gallery-item__overlay\"><\/div>\n\t\t\t\t\t\t\t\t\t\t\t\t\t\t\t<div class=\"elementor-gallery-item__content\">\n\t\t\t\t\t\t\t\t\t\t\t\t\t\t<div class=\"elementor-gallery-item__title\">\n\t\t\t\t\t\t\t\t\t\t\t\t\t\t\t\t\t\tFesta Major 2012\t\t\t\t\t\t\t\t<\/div>\n\t\t\t\t\t\t\t\t\t\t\t\t<\/div>\n\t\t\t\t\t\t\t\t\t<\/a>\n\t\t\t\t\t\t\t<a class=\"e-gallery-item elementor-gallery-item elementor-animated-content\" href=\"https:\/\/castelldelremei.com\/wp-content\/uploads\/2018\/08\/2013.jpg\" data-elementor-open-lightbox=\"yes\" data-elementor-lightbox-slideshow=\"dd17ce4\" data-elementor-lightbox-title=\"2013\" data-e-action-hash=\"#elementor-action%3Aaction%3Dlightbox%26settings%3DeyJpZCI6MTY0NywidXJsIjoiaHR0cHM6XC9cL2Nhc3RlbGxkZWxyZW1laS5jb21cL3dwLWNvbnRlbnRcL3VwbG9hZHNcLzIwMThcLzA4XC8yMDEzLmpwZyIsInNsaWRlc2hvdyI6ImRkMTdjZTQifQ%3D%3D\">\n\t\t\t\t\t<div class=\"e-gallery-image elementor-gallery-item__image\" data-thumbnail=\"https:\/\/castelldelremei.com\/wp-content\/uploads\/2018\/08\/2013.jpg\" data-width=\"700\" data-height=\"998\" aria-label=\"\" role=\"img\" ><\/div>\n\t\t\t\t\t\t\t\t\t\t\t<div class=\"elementor-gallery-item__overlay\"><\/div>\n\t\t\t\t\t\t\t\t\t\t\t\t\t\t\t<div class=\"elementor-gallery-item__content\">\n\t\t\t\t\t\t\t\t\t\t\t\t\t\t<div class=\"elementor-gallery-item__title\">\n\t\t\t\t\t\t\t\t\t\t\t\t\t\t\t\t\t\tFesta Major 2013\t\t\t\t\t\t\t\t<\/div>\n\t\t\t\t\t\t\t\t\t\t\t\t<\/div>\n\t\t\t\t\t\t\t\t\t<\/a>\n\t\t\t\t\t\t\t<a class=\"e-gallery-item elementor-gallery-item elementor-animated-content\" href=\"https:\/\/castelldelremei.com\/wp-content\/uploads\/2018\/08\/2014.jpg\" data-elementor-open-lightbox=\"yes\" data-elementor-lightbox-slideshow=\"dd17ce4\" data-elementor-lightbox-title=\"2014\" data-e-action-hash=\"#elementor-action%3Aaction%3Dlightbox%26settings%3DeyJpZCI6MTY0OCwidXJsIjoiaHR0cHM6XC9cL2Nhc3RlbGxkZWxyZW1laS5jb21cL3dwLWNvbnRlbnRcL3VwbG9hZHNcLzIwMThcLzA4XC8yMDE0LmpwZyIsInNsaWRlc2hvdyI6ImRkMTdjZTQifQ%3D%3D\">\n\t\t\t\t\t<div class=\"e-gallery-image elementor-gallery-item__image\" data-thumbnail=\"https:\/\/castelldelremei.com\/wp-content\/uploads\/2018\/08\/2014.jpg\" data-width=\"701\" data-height=\"992\" aria-label=\"\" role=\"img\" ><\/div>\n\t\t\t\t\t\t\t\t\t\t\t<div class=\"elementor-gallery-item__overlay\"><\/div>\n\t\t\t\t\t\t\t\t\t\t\t\t\t\t\t<div class=\"elementor-gallery-item__content\">\n\t\t\t\t\t\t\t\t\t\t\t\t\t\t<div class=\"elementor-gallery-item__title\">\n\t\t\t\t\t\t\t\t\t\t\t\t\t\t\t\t\t\tFesta Major 2014\t\t\t\t\t\t\t\t<\/div>\n\t\t\t\t\t\t\t\t\t\t\t\t<\/div>\n\t\t\t\t\t\t\t\t\t<\/a>\n\t\t\t\t\t\t\t<a class=\"e-gallery-item elementor-gallery-item elementor-animated-content\" href=\"https:\/\/castelldelremei.com\/wp-content\/uploads\/2018\/08\/FM15.jpg\" data-elementor-open-lightbox=\"yes\" data-elementor-lightbox-slideshow=\"dd17ce4\" data-elementor-lightbox-title=\"FM15\" data-e-action-hash=\"#elementor-action%3Aaction%3Dlightbox%26settings%3DeyJpZCI6MTYzMiwidXJsIjoiaHR0cHM6XC9cL2Nhc3RlbGxkZWxyZW1laS5jb21cL3dwLWNvbnRlbnRcL3VwbG9hZHNcLzIwMThcLzA4XC9GTTE1LmpwZyIsInNsaWRlc2hvdyI6ImRkMTdjZTQifQ%3D%3D\">\n\t\t\t\t\t<div class=\"e-gallery-image elementor-gallery-item__image\" data-thumbnail=\"https:\/\/castelldelremei.com\/wp-content\/uploads\/2018\/08\/FM15.jpg\" data-width=\"569\" data-height=\"799\" aria-label=\"\" role=\"img\" ><\/div>\n\t\t\t\t\t\t\t\t\t\t\t<div class=\"elementor-gallery-item__overlay\"><\/div>\n\t\t\t\t\t\t\t\t\t\t\t\t\t\t\t<div class=\"elementor-gallery-item__content\">\n\t\t\t\t\t\t\t\t\t\t\t\t\t\t<div class=\"elementor-gallery-item__title\">\n\t\t\t\t\t\t\t\t\t\t\t\t\t\t\t\t\t\tFesta Major 2015\t\t\t\t\t\t\t\t<\/div>\n\t\t\t\t\t\t\t\t\t\t\t\t<\/div>\n\t\t\t\t\t\t\t\t\t<\/a>\n\t\t\t\t\t\t\t<a class=\"e-gallery-item elementor-gallery-item elementor-animated-content\" href=\"https:\/\/castelldelremei.com\/wp-content\/uploads\/2018\/08\/portada-programa-FM16.jpg\" data-elementor-open-lightbox=\"yes\" data-elementor-lightbox-slideshow=\"dd17ce4\" data-elementor-lightbox-title=\"portada programa FM16\" data-e-action-hash=\"#elementor-action%3Aaction%3Dlightbox%26settings%3DeyJpZCI6MTY5OCwidXJsIjoiaHR0cHM6XC9cL2Nhc3RlbGxkZWxyZW1laS5jb21cL3dwLWNvbnRlbnRcL3VwbG9hZHNcLzIwMThcLzA4XC9wb3J0YWRhLXByb2dyYW1hLUZNMTYuanBnIiwic2xpZGVzaG93IjoiZGQxN2NlNCJ9\">\n\t\t\t\t\t<div class=\"e-gallery-image elementor-gallery-item__image\" data-thumbnail=\"https:\/\/castelldelremei.com\/wp-content\/uploads\/2018\/08\/portada-programa-FM16.jpg\" data-width=\"662\" data-height=\"938\" aria-label=\"\" role=\"img\" ><\/div>\n\t\t\t\t\t\t\t\t\t\t\t<div class=\"elementor-gallery-item__overlay\"><\/div>\n\t\t\t\t\t\t\t\t\t\t\t\t\t\t\t<div class=\"elementor-gallery-item__content\">\n\t\t\t\t\t\t\t\t\t\t\t\t\t\t<div class=\"elementor-gallery-item__title\">\n\t\t\t\t\t\t\t\t\t\t\t\t\t\t\t\t\t\tFesta Major 2016\t\t\t\t\t\t\t\t<\/div>\n\t\t\t\t\t\t\t\t\t\t\t\t<\/div>\n\t\t\t\t\t\t\t\t\t<\/a>\n\t\t\t\t\t\t\t<a class=\"e-gallery-item elementor-gallery-item elementor-animated-content\" href=\"https:\/\/castelldelremei.com\/wp-content\/uploads\/2018\/08\/FM16.jpg\" data-elementor-open-lightbox=\"yes\" data-elementor-lightbox-slideshow=\"dd17ce4\" data-elementor-lightbox-title=\"FM16\" data-e-action-hash=\"#elementor-action%3Aaction%3Dlightbox%26settings%3DeyJpZCI6MTYzMywidXJsIjoiaHR0cHM6XC9cL2Nhc3RlbGxkZWxyZW1laS5jb21cL3dwLWNvbnRlbnRcL3VwbG9hZHNcLzIwMThcLzA4XC9GTTE2LmpwZyIsInNsaWRlc2hvdyI6ImRkMTdjZTQifQ%3D%3D\">\n\t\t\t\t\t<div class=\"e-gallery-image elementor-gallery-item__image\" data-thumbnail=\"https:\/\/castelldelremei.com\/wp-content\/uploads\/2018\/08\/FM16.jpg\" data-width=\"548\" data-height=\"783\" aria-label=\"\" role=\"img\" ><\/div>\n\t\t\t\t\t\t\t\t\t\t\t<div class=\"elementor-gallery-item__overlay\"><\/div>\n\t\t\t\t\t\t\t\t\t\t\t\t\t\t\t<div class=\"elementor-gallery-item__content\">\n\t\t\t\t\t\t\t\t\t\t\t\t\t\t<div class=\"elementor-gallery-item__title\">\n\t\t\t\t\t\t\t\t\t\t\t\t\t\t\t\t\t\tFesta Major 2016\t\t\t\t\t\t\t\t<\/div>\n\t\t\t\t\t\t\t\t\t\t\t\t<\/div>\n\t\t\t\t\t\t\t\t\t<\/a>\n\t\t\t\t\t\t\t<a class=\"e-gallery-item elementor-gallery-item elementor-animated-content\" href=\"https:\/\/castelldelremei.com\/wp-content\/uploads\/2018\/08\/Portada-programa-FM17.jpg\" data-elementor-open-lightbox=\"yes\" data-elementor-lightbox-slideshow=\"dd17ce4\" data-elementor-lightbox-title=\"Portada programa FM17\" data-e-action-hash=\"#elementor-action%3Aaction%3Dlightbox%26settings%3DeyJpZCI6MTY5OSwidXJsIjoiaHR0cHM6XC9cL2Nhc3RlbGxkZWxyZW1laS5jb21cL3dwLWNvbnRlbnRcL3VwbG9hZHNcLzIwMThcLzA4XC9Qb3J0YWRhLXByb2dyYW1hLUZNMTcuanBnIiwic2xpZGVzaG93IjoiZGQxN2NlNCJ9\">\n\t\t\t\t\t<div class=\"e-gallery-image elementor-gallery-item__image\" data-thumbnail=\"https:\/\/castelldelremei.com\/wp-content\/uploads\/2018\/08\/Portada-programa-FM17.jpg\" data-width=\"701\" data-height=\"946\" aria-label=\"\" role=\"img\" ><\/div>\n\t\t\t\t\t\t\t\t\t\t\t<div class=\"elementor-gallery-item__overlay\"><\/div>\n\t\t\t\t\t\t\t\t\t\t\t\t\t\t\t<div class=\"elementor-gallery-item__content\">\n\t\t\t\t\t\t\t\t\t\t\t\t\t\t<div class=\"elementor-gallery-item__title\">\n\t\t\t\t\t\t\t\t\t\t\t\t\t\t\t\t\t\tFesta Major 2017\t\t\t\t\t\t\t\t<\/div>\n\t\t\t\t\t\t\t\t\t\t\t\t<\/div>\n\t\t\t\t\t\t\t\t\t<\/a>\n\t\t\t\t\t\t\t<a class=\"e-gallery-item elementor-gallery-item elementor-animated-content\" href=\"https:\/\/castelldelremei.com\/wp-content\/uploads\/2018\/08\/FM17.jpg\" data-elementor-open-lightbox=\"yes\" data-elementor-lightbox-slideshow=\"dd17ce4\" data-elementor-lightbox-title=\"FM17\" data-e-action-hash=\"#elementor-action%3Aaction%3Dlightbox%26settings%3DeyJpZCI6MTYzNCwidXJsIjoiaHR0cHM6XC9cL2Nhc3RlbGxkZWxyZW1laS5jb21cL3dwLWNvbnRlbnRcL3VwbG9hZHNcLzIwMThcLzA4XC9GTTE3LmpwZyIsInNsaWRlc2hvdyI6ImRkMTdjZTQifQ%3D%3D\">\n\t\t\t\t\t<div class=\"e-gallery-image elementor-gallery-item__image\" data-thumbnail=\"https:\/\/castelldelremei.com\/wp-content\/uploads\/2018\/08\/FM17.jpg\" data-width=\"593\" data-height=\"829\" aria-label=\"\" role=\"img\" ><\/div>\n\t\t\t\t\t\t\t\t\t\t\t<div class=\"elementor-gallery-item__overlay\"><\/div>\n\t\t\t\t\t\t\t\t\t\t\t\t\t\t\t<div class=\"elementor-gallery-item__content\">\n\t\t\t\t\t\t\t\t\t\t\t\t\t\t<div class=\"elementor-gallery-item__title\">\n\t\t\t\t\t\t\t\t\t\t\t\t\t\t\t\t\t\tFesta Major 2017\t\t\t\t\t\t\t\t<\/div>\n\t\t\t\t\t\t\t\t\t\t\t\t<\/div>\n\t\t\t\t\t\t\t\t\t<\/a>\n\t\t\t\t\t\t\t<a class=\"e-gallery-item elementor-gallery-item elementor-animated-content\" href=\"https:\/\/castelldelremei.com\/wp-content\/uploads\/2018\/09\/WhatsApp-Image-2018-09-21-at-13.18.43.jpeg\" data-elementor-open-lightbox=\"yes\" data-elementor-lightbox-slideshow=\"dd17ce4\" data-elementor-lightbox-title=\"Festa Major Castell del Remei\" data-e-action-hash=\"#elementor-action%3Aaction%3Dlightbox%26settings%3DeyJpZCI6MTcxMiwidXJsIjoiaHR0cHM6XC9cL2Nhc3RlbGxkZWxyZW1laS5jb21cL3dwLWNvbnRlbnRcL3VwbG9hZHNcLzIwMThcLzA5XC9XaGF0c0FwcC1JbWFnZS0yMDE4LTA5LTIxLWF0LTEzLjE4LjQzLmpwZWciLCJzbGlkZXNob3ciOiJkZDE3Y2U0In0%3D\">\n\t\t\t\t\t<div class=\"e-gallery-image elementor-gallery-item__image\" data-thumbnail=\"https:\/\/castelldelremei.com\/wp-content\/uploads\/2018\/09\/WhatsApp-Image-2018-09-21-at-13.18.43-724x1024.jpeg\" data-width=\"724\" data-height=\"1024\" aria-label=\"\" role=\"img\" ><\/div>\n\t\t\t\t\t\t\t\t\t\t\t<div class=\"elementor-gallery-item__overlay\"><\/div>\n\t\t\t\t\t\t\t\t\t\t\t\t\t\t\t<div class=\"elementor-gallery-item__content\">\n\t\t\t\t\t\t\t\t\t\t\t\t\t\t<div class=\"elementor-gallery-item__title\">\n\t\t\t\t\t\t\t\t\t\t\t\t\t\t\t\t\t\tFesta Major 2018\t\t\t\t\t\t\t\t<\/div>\n\t\t\t\t\t\t\t\t\t\t\t\t<\/div>\n\t\t\t\t\t\t\t\t\t<\/a>\n\t\t\t\t\t\t\t<a class=\"e-gallery-item elementor-gallery-item elementor-animated-content\" href=\"https:\/\/castelldelremei.com\/wp-content\/uploads\/2019\/10\/FESTA-MAJOR-CASTELL-DEL-REMEI-2019.jpg\" data-elementor-open-lightbox=\"yes\" data-elementor-lightbox-slideshow=\"dd17ce4\" data-elementor-lightbox-title=\"FESTA-MAJOR-CASTELL DEL REMEI-2019\" data-e-action-hash=\"#elementor-action%3Aaction%3Dlightbox%26settings%3DeyJpZCI6MjU3NiwidXJsIjoiaHR0cHM6XC9cL2Nhc3RlbGxkZWxyZW1laS5jb21cL3dwLWNvbnRlbnRcL3VwbG9hZHNcLzIwMTlcLzEwXC9GRVNUQS1NQUpPUi1DQVNURUxMLURFTC1SRU1FSS0yMDE5LmpwZyIsInNsaWRlc2hvdyI6ImRkMTdjZTQifQ%3D%3D\">\n\t\t\t\t\t<div class=\"e-gallery-image elementor-gallery-item__image\" data-thumbnail=\"https:\/\/castelldelremei.com\/wp-content\/uploads\/2019\/10\/FESTA-MAJOR-CASTELL-DEL-REMEI-2019-724x1024.jpg\" data-width=\"724\" data-height=\"1024\" aria-label=\"\" role=\"img\" ><\/div>\n\t\t\t\t\t\t\t\t\t\t\t<div class=\"elementor-gallery-item__overlay\"><\/div>\n\t\t\t\t\t\t\t\t\t\t\t\t\t\t\t<div class=\"elementor-gallery-item__content\">\n\t\t\t\t\t\t\t\t\t\t\t\t\t\t<div class=\"elementor-gallery-item__title\">\n\t\t\t\t\t\t\t\t\t\t\t\t\t\t\t\t\t\tFesta Major 2019\t\t\t\t\t\t\t\t<\/div>\n\t\t\t\t\t\t\t\t\t\t\t\t<\/div>\n\t\t\t\t\t\t\t\t\t<\/a>\n\t\t\t\t\t<\/div>\n\t\t\t\t\t<\/div>\n\t\t\t\t<\/div>\n\t\t\t\t\t<\/div>\n\t\t<\/div>\n\t\t\t\t\t<\/div>\n\t\t<\/section>\n\t\t\t\t<\/div>\n\t\t","protected":false},"excerpt":{"rendered":"<p> [&hellip;]<\/p>\n","protected":false},"author":18,"featured_media":0,"parent":0,"menu_order":0,"comment_status":"closed","ping_status":"closed","template":"","meta":{"om_disable_all_campaigns":false,"_monsterinsights_skip_tracking":false,"_monsterinsights_sitenote_active":false,"_monsterinsights_sitenote_note":"","_monsterinsights_sitenote_category":0,"site-sidebar-layout":"default","site-content-layout":"default","ast-site-content-layout":"default","site-content-style":"default","site-sidebar-style":"default","ast-global-header-display":"","ast-banner-title-visibility":"","ast-main-header-display":"","ast-hfb-above-header-display":"","ast-hfb-below-header-display":"","ast-hfb-mobile-header-display":"","site-post-title":"disabled","ast-breadcrumbs-content":"","ast-featured-img":"","footer-sml-layout":"","ast-disable-related-posts":"","theme-transparent-header-meta":"default","adv-header-id-meta":"","stick-header-meta":"default","header-above-stick-meta":"","header-main-stick-meta":"","header-below-stick-meta":"","astra-migrate-meta-layouts":"default","ast-page-background-enabled":"default","ast-page-background-meta":{"desktop":{"background-color":"","background-image":"","background-repeat":"repeat","background-position":"center center","background-size":"auto","background-attachment":"scroll","background-type":"","background-media":"","overlay-type":"","overlay-color":"","overlay-opacity":"","overlay-gradient":""},"tablet":{"background-color":"","background-image":"","background-repeat":"repeat","background-position":"center center","background-size":"auto","background-attachment":"scroll","background-type":"","background-media":"","overlay-type":"","overlay-color":"","overlay-opacity":"","overlay-gradient":""},"mobile":{"background-color":"","background-image":"","background-repeat":"repeat","background-position":"center center","background-size":"auto","background-attachment":"scroll","background-type":"","background-media":"","overlay-type":"","overlay-color":"","overlay-opacity":"","overlay-gradient":""}},"ast-content-background-meta":{"desktop":{"background-color":"var(--ast-global-color-5)","background-image":"","background-repeat":"repeat","background-position":"center center","background-size":"auto","background-attachment":"scroll","background-type":"","background-media":"","overlay-type":"","overlay-color":"","overlay-opacity":"","overlay-gradient":""},"tablet":{"background-color":"var(--ast-global-color-5)","background-image":"","background-repeat":"repeat","background-position":"center center","background-size":"auto","background-attachment":"scroll","background-type":"","background-media":"","overlay-type":"","overlay-color":"","overlay-opacity":"","overlay-gradient":""},"mobile":{"background-color":"var(--ast-global-color-5)","background-image":"","background-repeat":"repeat","background-position":"center center","background-size":"auto","background-attachment":"scroll","background-type":"","background-media":"","overlay-type":"","overlay-color":"","overlay-opacity":"","overlay-gradient":""}},"footnotes":""},"class_list":["post-5148","page","type-page","status-publish","hentry"],"_links":{"self":[{"href":"https:\/\/castelldelremei.com\/en\/wp-json\/wp\/v2\/pages\/5148","targetHints":{"allow":["GET"]}}],"collection":[{"href":"https:\/\/castelldelremei.com\/en\/wp-json\/wp\/v2\/pages"}],"about":[{"href":"https:\/\/castelldelremei.com\/en\/wp-json\/wp\/v2\/types\/page"}],"author":[{"embeddable":true,"href":"https:\/\/castelldelremei.com\/en\/wp-json\/wp\/v2\/users\/18"}],"replies":[{"embeddable":true,"href":"https:\/\/castelldelremei.com\/en\/wp-json\/wp\/v2\/comments?post=5148"}],"version-history":[{"count":0,"href":"https:\/\/castelldelremei.com\/en\/wp-json\/wp\/v2\/pages\/5148\/revisions"}],"wp:attachment":[{"href":"https:\/\/castelldelremei.com\/en\/wp-json\/wp\/v2\/media?parent=5148"}],"curies":[{"name":"wp","href":"https:\/\/api.w.org\/{rel}","templated":true}]}}