{"id":10092,"date":"2021-12-24T11:34:32","date_gmt":"2021-12-24T10:34:32","guid":{"rendered":"https:\/\/castelldelremei.com\/producte\/dolc-verema-tardana-2019\/"},"modified":"2026-03-16T16:05:22","modified_gmt":"2026-03-16T15:05:22","slug":"dolc-verema-tardana-2019","status":"publish","type":"product","link":"https:\/\/castelldelremei.com\/en\/producte\/dolc-verema-tardana-2019\/","title":{"rendered":"DOL\u00c7 VEREMA TARDANA DRAW 2024 37,5 cl"},"content":{"rendered":"<p><strong>Natural sweet wine from late harvest grapes<\/strong><\/p>\n<p><strong>Varieties:<\/strong> 100% Petit Manseng.<\/p>\n<p><strong>Harvest:<\/strong> handpicked into 20 kg boxes.<\/p>\n<p><strong>Production:<\/strong> grapes are left to dehydrate on reed mats under cover with good ventilation for optimal preservation.This process reduces the grape volume by more than half, concentrating sugars, acids and aromas. Once optimal concentration is achived, the grapes are pressed, yielding a very low amount of juice.<\/p>\n<p><strong>Fermentation:<\/strong> a slow and gentle fermentation occurs until it stops naturally, leaving a high level of natural grape sugars.<\/p>\n<p><strong>Aging:<\/strong> aged in French oak barrels in a solera started in 2018. In autumn of 2024, part of the wine is drawn for bottling.<\/p>\n<p><strong>Production:<\/strong> 729 bottles of 37,5 cl each.<\/p>\n<p><strong>Packaging:<\/strong> 37,5 cl bottle with an individual case.<\/p>\n<p><strong>Analysis:<\/strong> Alcohol: 11% vol. Total acidity: 8,3 g\/L. pH: 3,37. Sugars: 230 g\/L.<\/p>\n<p><strong>Pairing suggestions:<\/strong> Blue cheeses, foie gras, cheescake, fruit-based cakes, and desserts.<\/p>\n<p><strong>Serving temperature:<\/strong> Best served chilled, between 6-10 \u00b0C.<\/p>\n<p><strong>Tasting notes:<\/strong> amber yellow, dense, and bright. Dominant notes of honey and white fruits in syrup, with hints of apricot, ripe peach, quince, and dried fruits like raisins, alongside subtle toasted cream and nuts.The plate is rich and complex, featuring caramelized mango, ginger, marmalade, and citrus elements. Persistent and vibrant finish.<\/p>\n<p><strong>Awards and recognitions:<\/strong><\/p>\n<ul>\n<li>Dol\u00e7 Verema Tardana 2019:\u00a0<strong>Gu\u00eda Pe\u00f1\u00edn 2022<\/strong>, 95 points.<\/li>\n<li>Dol\u00e7 Verema Tardana 2019:\u00a0<strong>Gu\u00eda Especial ABC 2022<\/strong>, 96 points.<\/li>\n<li>Dol\u00e7 Verema Tardana 2019: <strong>Club de Gourmets 2022<\/strong>, 94 points.<\/li>\n<li>Dol\u00e7 Verema Tardana 2019: <strong>TimAtkin MW<\/strong>, 93 points.<\/li>\n<li>Dol\u00e7 Verema Tardana 2019: <strong>Gu\u00eda Pe\u00f1\u00edn 2023<\/strong>, 96 points.<\/li>\n<\/ul>\n<p>&nbsp;<\/p>\n<p><a href=\"https:\/\/castelldelremei.com\/wp-content\/uploads\/2024\/12\/Castell-del-Remei-Verema-Tardana-Lleva-2024-ENG.pdf\" target=\"_blank\" rel=\"noopener\"><strong>Download the data sheet here.<\/strong><\/a><\/p>\n","protected":false},"excerpt":{"rendered":"<p>The Dol\u00e7 Verema Tardana is a unique natural sweet wine 100% Petit Manseng. A slow and gentle fermentation occurs until it stops naturally, leaving a high level of natural grape sugars.<\/p>\n<p>Delivery within 72 hours.<\/p>\n<p>Shipping costs are free on orders over 60\u20ac.<\/p>\n","protected":false},"featured_media":11759,"comment_status":"open","ping_status":"closed","template":"","meta":{"om_disable_all_campaigns":false,"_monsterinsights_skip_tracking":false,"_monsterinsights_sitenote_active":false,"_monsterinsights_sitenote_note":"","_monsterinsights_sitenote_category":0,"site-sidebar-layout":"default","site-content-layout":"default","ast-site-content-layout":"default","site-content-style":"default","site-sidebar-style":"default","ast-global-header-display":"","ast-banner-title-visibility":"","ast-main-header-display":"","ast-hfb-above-header-display":"","ast-hfb-below-header-display":"","ast-hfb-mobile-header-display":"","site-post-title":"","ast-breadcrumbs-content":"","ast-featured-img":"","footer-sml-layout":"","ast-disable-related-posts":"","theme-transparent-header-meta":"default","adv-header-id-meta":"","stick-header-meta":"default","header-above-stick-meta":"","header-main-stick-meta":"","header-below-stick-meta":"","astra-migrate-meta-layouts":"set","ast-page-background-enabled":"default","ast-page-background-meta":{"desktop":{"background-color":"","background-image":"","background-repeat":"repeat","background-position":"center center","background-size":"auto","background-attachment":"scroll","background-type":"","background-media":"","overlay-type":"","overlay-color":"","overlay-opacity":"","overlay-gradient":""},"tablet":{"background-color":"","background-image":"","background-repeat":"repeat","background-position":"center center","background-size":"auto","background-attachment":"scroll","background-type":"","background-media":"","overlay-type":"","overlay-color":"","overlay-opacity":"","overlay-gradient":""},"mobile":{"background-color":"","background-image":"","background-repeat":"repeat","background-position":"center center","background-size":"auto","background-attachment":"scroll","background-type":"","background-media":"","overlay-type":"","overlay-color":"","overlay-opacity":"","overlay-gradient":""}},"ast-content-background-meta":{"desktop":{"background-color":"var(--ast-global-color-5)","background-image":"","background-repeat":"repeat","background-position":"center center","background-size":"auto","background-attachment":"scroll","background-type":"","background-media":"","overlay-type":"","overlay-color":"","overlay-opacity":"","overlay-gradient":""},"tablet":{"background-color":"var(--ast-global-color-5)","background-image":"","background-repeat":"repeat","background-position":"center center","background-size":"auto","background-attachment":"scroll","background-type":"","background-media":"","overlay-type":"","overlay-color":"","overlay-opacity":"","overlay-gradient":""},"mobile":{"background-color":"var(--ast-global-color-5)","background-image":"","background-repeat":"repeat","background-position":"center center","background-size":"auto","background-attachment":"scroll","background-type":"","background-media":"","overlay-type":"","overlay-color":"","overlay-opacity":"","overlay-gradient":""}}},"product_brand":[],"product_cat":[104],"product_tag":[],"class_list":{"0":"post-10092","1":"product","2":"type-product","3":"status-publish","4":"has-post-thumbnail","6":"product_cat-white-wine","7":"desktop-align-center","8":"tablet-align-center","9":"mobile-align-center","10":"ast-product-gallery-layout-horizontal","11":"ast-product-gallery-with-no-image","12":"ast-product-tabs-layout-distributed","14":"first","15":"instock","16":"taxable","17":"shipping-taxable","18":"product-type-simple"},"_links":{"self":[{"href":"https:\/\/castelldelremei.com\/en\/wp-json\/wp\/v2\/product\/10092","targetHints":{"allow":["GET"]}}],"collection":[{"href":"https:\/\/castelldelremei.com\/en\/wp-json\/wp\/v2\/product"}],"about":[{"href":"https:\/\/castelldelremei.com\/en\/wp-json\/wp\/v2\/types\/product"}],"replies":[{"embeddable":true,"href":"https:\/\/castelldelremei.com\/en\/wp-json\/wp\/v2\/comments?post=10092"}],"wp:featuredmedia":[{"embeddable":true,"href":"https:\/\/castelldelremei.com\/en\/wp-json\/wp\/v2\/media\/11759"}],"wp:attachment":[{"href":"https:\/\/castelldelremei.com\/en\/wp-json\/wp\/v2\/media?parent=10092"}],"wp:term":[{"taxonomy":"product_brand","embeddable":true,"href":"https:\/\/castelldelremei.com\/en\/wp-json\/wp\/v2\/product_brand?post=10092"},{"taxonomy":"product_cat","embeddable":true,"href":"https:\/\/castelldelremei.com\/en\/wp-json\/wp\/v2\/product_cat?post=10092"},{"taxonomy":"product_tag","embeddable":true,"href":"https:\/\/castelldelremei.com\/en\/wp-json\/wp\/v2\/product_tag?post=10092"}],"curies":[{"name":"wp","href":"https:\/\/api.w.org\/{rel}","templated":true}]}}