{"id":11962,"date":"2025-09-15T11:35:37","date_gmt":"2025-09-15T09:35:38","guid":{"rendered":"https:\/\/castelldelremei.com\/?post_type=product&#038;p=11962"},"modified":"2025-09-24T09:38:57","modified_gmt":"2025-09-24T07:38:57","slug":"cava-la-cuvee-75-cl-copia","status":"publish","type":"product","link":"https:\/\/castelldelremei.com\/en\/producte\/cava-la-cuvee-75-cl-copia\/","title":{"rendered":"LA CUV\u00c9E SPARKLING ROS\u00c9 ZERO"},"content":{"rendered":"<p><strong>Cuv\u00e9e Sparkling Ros\u00e9 by Castell del Remei<\/strong> is a dealcoholized sparkling ros\u00e9 wine, the result of a careful winemaking process that includes minimal maceration and a light color extraction, achieving a very pale pink hue.<\/p>\n<p>Made from selected grapes of Air\u00e9n and Garnacha Negra varieties from mid-aged vines, with no aging.<\/p>\n<p>To ensure a high-quality product, a sophisticated and highly respectful method is used to remove the ethyl alcohol without compromising flavor and quality.<\/p>\n<p><strong>Production<\/strong>: 10,000 bottles of 75 cl.<\/p>\n<p><strong>Alcohol:<\/strong> 0.0 % vol.<\/p>\n<p><strong>Energy value:<\/strong> 100 ml = 16.1 kcal \/ 67.1 kJ<\/p>\n<p><strong>Presentation:<\/strong><\/p>\n<p>Bottle: Standard transparent Cava bottle, 75 cl.<\/p>\n<p>Closure: Cork stopper with wire cage.<\/p>\n<p>Box: Cardboard box containing 6 bottles.<\/p>\n<p><strong>Tasting notes:<\/strong> Pale and bright pink in color. Aromas of flowers, raspberries, strawberries, watermelon, citrus, and white peach. Fresh, refreshing, slightly sparkling with a concentrated yet lively mineral finish.<\/p>\n<p>Perfect as an aperitif, and also suitable to accompany all kinds of fish, seafood, and paellas. Serve well chilled, at around 8 \u00baC.<\/p>\n<p><strong>Storage:<\/strong> Keep in a cool, dry place, away from direct light. Once opened, refrigerate and consume within 5 days.<\/p>\n<p><strong><a href=\"https:\/\/castelldelremei.com\/wp-content\/uploads\/2025\/09\/FT_CDR_SPARKING-ROSE-ZERO_ANGLES_TZ.pdf\">Download the technical sheet here<\/a><\/strong><\/p>\n","protected":false},"excerpt":{"rendered":"<p><strong>Cuv\u00e9e Sparkling Ros\u00e9 by Castell del Remei<\/strong> is a dealcoholized sparkling ros\u00e9 wine, the result of a careful winemaking process that includes minimal maceration and a light color extraction, achieving a very pale pink hue.<\/p>\n<p>Shipping within 72 hours.<\/p>\n","protected":false},"featured_media":12013,"comment_status":"open","ping_status":"closed","template":"","meta":{"om_disable_all_campaigns":false,"_monsterinsights_skip_tracking":false,"_monsterinsights_sitenote_active":false,"_monsterinsights_sitenote_note":"","_monsterinsights_sitenote_category":0,"site-sidebar-layout":"default","site-content-layout":"default","ast-site-content-layout":"default","site-content-style":"default","site-sidebar-style":"default","ast-global-header-display":"","ast-banner-title-visibility":"","ast-main-header-display":"","ast-hfb-above-header-display":"","ast-hfb-below-header-display":"","ast-hfb-mobile-header-display":"","site-post-title":"","ast-breadcrumbs-content":"","ast-featured-img":"","footer-sml-layout":"","ast-disable-related-posts":"","theme-transparent-header-meta":"default","adv-header-id-meta":"","stick-header-meta":"default","header-above-stick-meta":"","header-main-stick-meta":"","header-below-stick-meta":"","astra-migrate-meta-layouts":"set","ast-page-background-enabled":"default","ast-page-background-meta":{"desktop":{"background-color":"","background-image":"","background-repeat":"repeat","background-position":"center center","background-size":"auto","background-attachment":"scroll","background-type":"","background-media":"","overlay-type":"","overlay-color":"","overlay-opacity":"","overlay-gradient":""},"tablet":{"background-color":"","background-image":"","background-repeat":"repeat","background-position":"center center","background-size":"auto","background-attachment":"scroll","background-type":"","background-media":"","overlay-type":"","overlay-color":"","overlay-opacity":"","overlay-gradient":""},"mobile":{"background-color":"","background-image":"","background-repeat":"repeat","background-position":"center center","background-size":"auto","background-attachment":"scroll","background-type":"","background-media":"","overlay-type":"","overlay-color":"","overlay-opacity":"","overlay-gradient":""}},"ast-content-background-meta":{"desktop":{"background-color":"var(--ast-global-color-5)","background-image":"","background-repeat":"repeat","background-position":"center center","background-size":"auto","background-attachment":"scroll","background-type":"","background-media":"","overlay-type":"","overlay-color":"","overlay-opacity":"","overlay-gradient":""},"tablet":{"background-color":"var(--ast-global-color-5)","background-image":"","background-repeat":"repeat","background-position":"center center","background-size":"auto","background-attachment":"scroll","background-type":"","background-media":"","overlay-type":"","overlay-color":"","overlay-opacity":"","overlay-gradient":""},"mobile":{"background-color":"var(--ast-global-color-5)","background-image":"","background-repeat":"repeat","background-position":"center center","background-size":"auto","background-attachment":"scroll","background-type":"","background-media":"","overlay-type":"","overlay-color":"","overlay-opacity":"","overlay-gradient":""}}},"product_brand":[],"product_cat":[],"product_tag":[],"class_list":{"0":"post-11962","1":"product","2":"type-product","3":"status-publish","4":"has-post-thumbnail","6":"desktop-align-center","7":"tablet-align-center","8":"mobile-align-center","9":"ast-product-gallery-layout-horizontal","10":"ast-product-gallery-with-no-image","11":"ast-product-tabs-layout-distributed","13":"first","14":"instock","15":"taxable","16":"shipping-taxable","17":"purchasable","18":"product-type-simple"},"_links":{"self":[{"href":"https:\/\/castelldelremei.com\/en\/wp-json\/wp\/v2\/product\/11962","targetHints":{"allow":["GET"]}}],"collection":[{"href":"https:\/\/castelldelremei.com\/en\/wp-json\/wp\/v2\/product"}],"about":[{"href":"https:\/\/castelldelremei.com\/en\/wp-json\/wp\/v2\/types\/product"}],"replies":[{"embeddable":true,"href":"https:\/\/castelldelremei.com\/en\/wp-json\/wp\/v2\/comments?post=11962"}],"wp:featuredmedia":[{"embeddable":true,"href":"https:\/\/castelldelremei.com\/en\/wp-json\/wp\/v2\/media\/12013"}],"wp:attachment":[{"href":"https:\/\/castelldelremei.com\/en\/wp-json\/wp\/v2\/media?parent=11962"}],"wp:term":[{"taxonomy":"product_brand","embeddable":true,"href":"https:\/\/castelldelremei.com\/en\/wp-json\/wp\/v2\/product_brand?post=11962"},{"taxonomy":"product_cat","embeddable":true,"href":"https:\/\/castelldelremei.com\/en\/wp-json\/wp\/v2\/product_cat?post=11962"},{"taxonomy":"product_tag","embeddable":true,"href":"https:\/\/castelldelremei.com\/en\/wp-json\/wp\/v2\/product_tag?post=11962"}],"curies":[{"name":"wp","href":"https:\/\/api.w.org\/{rel}","templated":true}]}}