{"id":5439,"date":"2020-04-21T14:21:33","date_gmt":"2020-04-21T12:21:33","guid":{"rendered":"https:\/\/castelldelremei.com\/producte\/oda-2017-0-75cl\/"},"modified":"2026-01-09T13:00:11","modified_gmt":"2026-01-09T12:00:11","slug":"oda-2017-0-75cl","status":"publish","type":"product","link":"https:\/\/castelldelremei.com\/en\/producte\/oda-2017-0-75cl\/","title":{"rendered":"ODA NEGRE 2022 75 cl"},"content":{"rendered":"<p><strong>A deep and complex red wine, with the nobility provided by iconic Bordeaux varieties and a measured, precise aging process. Optimal sunshine for vineyards that mature slowly results in a wine rounded by the nobility of the finest barrels. A complex and firm wine with great depth and notes that blend spices with ripe fruit.<\/strong><\/p>\n<p><strong>Type of wine:<\/strong> Full-bodied red with oak aging.<\/p>\n<p><strong>Varieties:<\/strong> Tempranillo, Syrah, Garnacha, and Merlot.<\/p>\n<p><strong>Aging:<\/strong> 12 months in French (60%) and American (40%) oak barrels of first and second use, and 225 L. Bottle aging for 6 months before release.<\/p>\n<p><strong>Elaboration:<\/strong> No sulfites during vinification and up to malolactic fermentation. Alcoholic fermentation between 22 and 26 \u00baC. Periodic pump-overs. Maceration for about 6 days. Vinification in a 10,000 L tank.<\/p>\n<p><strong>Denomination of origin:<\/strong> Costers del Segre.<\/p>\n<p><strong>Agriculture:<\/strong> Produced in conversion to organic farming.<\/p>\n<p><strong>Alcohol:<\/strong> 14.5% vol.<\/p>\n<p><strong>Tasting note:<\/strong> Picota color with vibrant reflections and high layer. Aromas of aging, cedar, and balsamic. When aired, it reveals notes of candied black fruits with a mineral hint. The tannic entry with sweet nuances gives way to acidity that extends on the palate, providing a finish of dried fruit.<\/p>\n<p><strong>Awards and recognitions:<\/strong><\/p>\n<ul>\n<li>Oda Negre 2008: <strong>Award 2012<\/strong>, silver medal.<\/li>\n<li>Oda Negre 2009: <strong>International Wine &amp; Spirit Competition<\/strong>, silver medal.<\/li>\n<li>Oda Negre 2012: <strong>Gu\u00eda Pe\u00f1\u00edn 2016<\/strong>, 90 points.<\/li>\n<li>Oda Negre 2012: <strong>Vins excepcionals La Vanguardia 2016<\/strong>, mention.<\/li>\n<li>Oda Negre 2013: <strong>Gu\u00eda Repsol 2018<\/strong>, 91 points.<\/li>\n<li>Oda Negre 2015: <strong>Gu\u00eda Pe\u00f1\u00edn 2018<\/strong>, 90 points.<\/li>\n<li>Oda Negre 2016: <strong>Gu\u00eda Pe\u00f1\u00edn 2019<\/strong>, 91 points.<\/li>\n<li>Oda Negre 2017: <strong>Gu\u00eda Pe\u00f1\u00edn 2020<\/strong>, 90 points.<\/li>\n<li>Oda Negre 2018: <strong>Gu\u00eda Pe\u00f1\u00edn 2021<\/strong>, 90 points.<\/li>\n<li>Oda Negre 2018: <strong>Gourmet 2022<\/strong>, 92 points.<\/li>\n<li>Oda Negre 2019: <strong>Gu\u00eda Pe\u00f1\u00edn 2022<\/strong>, 90 points.<\/li>\n<li>Oda Negre 2019: <b>Hudin 2023,<\/b> 90 points.<\/li>\n<li>Oda Negre 2020: <strong>TimAtkin MW<\/strong>, 91 points.<\/li>\n<li>Oda Negre 2020: <strong>Gu\u00eda Pe\u00f1\u00edn 2023<\/strong>, 90 points.<\/li>\n<li>Oda Negre 2020: <strong>Gu\u00eda Pe\u00f1\u00edn 2024<\/strong>, 91 points.<\/li>\n<li>Oda Negre 2021: <strong>Gu\u00eda Pe\u00f1\u00edn 2025<\/strong>, 90 points.<\/li>\n<\/ul>\n<p><a href=\"https:\/\/castelldelremei.com\/wp-content\/uploads\/2026\/01\/FT_CDR_ODA_2022_ANGLES_TZ.pdf\"><strong>Download the technical sheet here<\/strong><\/a><\/p>\n","protected":false},"excerpt":{"rendered":"<p>A deep and complex red wine, with precise aging in oak barrels, noted for its blend of spicy notes and ripe fruit. Made with iconic Bordeaux varieties and aged for 12 months in barrels, it features great depth and a finish of dried fruit.<\/p>\n<p>Shipping within 72 hours.<\/p>\n<p>Shipping costs are free on orders over 60\u20ac.<\/p>\n","protected":false},"featured_media":12404,"comment_status":"open","ping_status":"closed","template":"","meta":{"om_disable_all_campaigns":false,"_monsterinsights_skip_tracking":false,"_monsterinsights_sitenote_active":false,"_monsterinsights_sitenote_note":"","_monsterinsights_sitenote_category":0,"site-sidebar-layout":"default","site-content-layout":"default","ast-site-content-layout":"default","site-content-style":"default","site-sidebar-style":"default","ast-global-header-display":"","ast-banner-title-visibility":"","ast-main-header-display":"","ast-hfb-above-header-display":"","ast-hfb-below-header-display":"","ast-hfb-mobile-header-display":"","site-post-title":"","ast-breadcrumbs-content":"","ast-featured-img":"","footer-sml-layout":"","ast-disable-related-posts":"","theme-transparent-header-meta":"default","adv-header-id-meta":"","stick-header-meta":"default","header-above-stick-meta":"","header-main-stick-meta":"","header-below-stick-meta":"","astra-migrate-meta-layouts":"set","ast-page-background-enabled":"default","ast-page-background-meta":{"desktop":{"background-color":"","background-image":"","background-repeat":"repeat","background-position":"center center","background-size":"auto","background-attachment":"scroll","background-type":"","background-media":"","overlay-type":"","overlay-color":"","overlay-opacity":"","overlay-gradient":""},"tablet":{"background-color":"","background-image":"","background-repeat":"repeat","background-position":"center center","background-size":"auto","background-attachment":"scroll","background-type":"","background-media":"","overlay-type":"","overlay-color":"","overlay-opacity":"","overlay-gradient":""},"mobile":{"background-color":"","background-image":"","background-repeat":"repeat","background-position":"center center","background-size":"auto","background-attachment":"scroll","background-type":"","background-media":"","overlay-type":"","overlay-color":"","overlay-opacity":"","overlay-gradient":""}},"ast-content-background-meta":{"desktop":{"background-color":"var(--ast-global-color-5)","background-image":"","background-repeat":"repeat","background-position":"center center","background-size":"auto","background-attachment":"scroll","background-type":"","background-media":"","overlay-type":"","overlay-color":"","overlay-opacity":"","overlay-gradient":""},"tablet":{"background-color":"var(--ast-global-color-5)","background-image":"","background-repeat":"repeat","background-position":"center center","background-size":"auto","background-attachment":"scroll","background-type":"","background-media":"","overlay-type":"","overlay-color":"","overlay-opacity":"","overlay-gradient":""},"mobile":{"background-color":"var(--ast-global-color-5)","background-image":"","background-repeat":"repeat","background-position":"center center","background-size":"auto","background-attachment":"scroll","background-type":"","background-media":"","overlay-type":"","overlay-color":"","overlay-opacity":"","overlay-gradient":""}}},"product_brand":[],"product_cat":[70],"product_tag":[],"class_list":{"0":"post-5439","1":"product","2":"type-product","3":"status-publish","4":"has-post-thumbnail","6":"product_cat-vi-en","7":"desktop-align-center","8":"tablet-align-center","9":"mobile-align-center","10":"ast-product-gallery-layout-horizontal","11":"ast-product-gallery-with-no-image","12":"ast-product-tabs-layout-distributed","14":"first","15":"instock","16":"taxable","17":"shipping-taxable","18":"purchasable","19":"product-type-simple"},"_links":{"self":[{"href":"https:\/\/castelldelremei.com\/en\/wp-json\/wp\/v2\/product\/5439","targetHints":{"allow":["GET"]}}],"collection":[{"href":"https:\/\/castelldelremei.com\/en\/wp-json\/wp\/v2\/product"}],"about":[{"href":"https:\/\/castelldelremei.com\/en\/wp-json\/wp\/v2\/types\/product"}],"replies":[{"embeddable":true,"href":"https:\/\/castelldelremei.com\/en\/wp-json\/wp\/v2\/comments?post=5439"}],"wp:featuredmedia":[{"embeddable":true,"href":"https:\/\/castelldelremei.com\/en\/wp-json\/wp\/v2\/media\/12404"}],"wp:attachment":[{"href":"https:\/\/castelldelremei.com\/en\/wp-json\/wp\/v2\/media?parent=5439"}],"wp:term":[{"taxonomy":"product_brand","embeddable":true,"href":"https:\/\/castelldelremei.com\/en\/wp-json\/wp\/v2\/product_brand?post=5439"},{"taxonomy":"product_cat","embeddable":true,"href":"https:\/\/castelldelremei.com\/en\/wp-json\/wp\/v2\/product_cat?post=5439"},{"taxonomy":"product_tag","embeddable":true,"href":"https:\/\/castelldelremei.com\/en\/wp-json\/wp\/v2\/product_tag?post=5439"}],"curies":[{"name":"wp","href":"https:\/\/api.w.org\/{rel}","templated":true}]}}