{"id":5451,"date":"2020-05-26T09:14:27","date_gmt":"2020-05-26T07:14:27","guid":{"rendered":"https:\/\/castelldelremei.com\/producte\/1780-2016-0-375cl\/"},"modified":"2025-09-19T13:11:45","modified_gmt":"2025-09-19T11:11:45","slug":"1780-2016-0-375cl","status":"publish","type":"product","link":"https:\/\/castelldelremei.com\/en\/producte\/1780-2016-0-375cl\/","title":{"rendered":"1780 2016 37,5 cl"},"content":{"rendered":"<div class=\"page\" title=\"Page 1\">\n<div class=\"layoutArea\">\n<div class=\"column\">\n<p><strong>A highly selective vineyard choice was made to create a wine named after the first documented year of winemaking at Castell del Remei. It undergoes long aging in new French and American oak barrels to refine it, resulting in a fruity profile that is hidden behind a structure of well-rounded tannins.<\/strong><\/p>\n<p><strong>Type of wine:<\/strong> A full-bodied, structured red with new oak aging. Mineral and structured.<\/p>\n<p><strong>Varieties:<\/strong> Cabernet Sauvignon, Tempranillo, and Grenache.<\/p>\n<p><strong>Aging:<\/strong> 18 months in new French and American oak barrels.<\/p>\n<p><strong>Denomination of origin:<\/strong> Costers del Segre.<\/p>\n<p><strong>Alcohol:<\/strong> 14.5% vol.<\/p>\n<p><strong>Production:<\/strong> No sulfur used during vinification until malolactic fermentation. Fermentation between 22 and 26\u00b0C and maceration in a 10,000-liter tank, where malolactic fermentation also occurs before aging in new and second-year French and American oak barrels of 225 liters.<\/p>\n<p><strong>Agriculture:<\/strong> Organic (Certified by the Catalan Council for Organic Agricultural Production).<\/p>\n<p><strong>Tasting notes:<\/strong> Deep picota color with high layer and garnet reflections. Dense, colored legs. Intense aromas with smoky, spicy, and cedar notes, along with balsamic hints. When aired, it reveals its full aromatic complexity with notes of black fruit preserves, cocoa, and hints of minerals, roasted elements, and graphite. Sweet and full-bodied on the palate, with prominent yet mature tannins and acidity providing freshness. Very long, slightly bitter finish, with retronasal notes of roasted elements, chocolate, and tobacco leaf.<\/p>\n<p><strong>Awards and recognitions:<\/strong><\/p>\n<ul>\n<li>1780 (2006):<strong> Wine &amp; Spirit Competition 2012<\/strong>, bronze medal.<\/li>\n<li>1780 (2009):<strong> Wine Up<\/strong>, 90,69 points.<\/li>\n<li>1780 (2012):<strong> Gu\u00eda Pe\u00f1\u00edn 2017<\/strong>, 90 points.<\/li>\n<li>1780 (2012):<strong> Premi Vinari de plata especial<\/strong>.<\/li>\n<li>1780 (2012):<strong> Gilbert &amp; Gaillard<\/strong>, gold medal.<\/li>\n<li>1780 (2012):<strong> Wine Up 2018<\/strong>, 92+ points.<\/li>\n<li>1780 (2013):<strong> Gu\u00eda Pe\u00f1\u00edn 2018<\/strong>, 90 points.<\/li>\n<li>1780 (2013):<strong> Menci\u00f3 a la Guia millors 100 vins de Catalunya<\/strong>.<\/li>\n<li>1780 (2013):<strong> Gu\u00eda Repsol 2018<\/strong>, 92 points.<\/li>\n<li>1780 (2014):<strong> La setmana vin\u00edcola<\/strong>, 95 points.<\/li>\n<li>1780 (2015):<strong> Gu\u00eda Pe\u00f1\u00edn 2019<\/strong>, 90 points.<\/li>\n<li>1780 (2016):<strong> Concours Mondial de Bruxelles 2019<\/strong>, silver medal.<\/li>\n<li>1780 (2016):<strong> International Wine Challenge Londres 2019<\/strong>, bronze medal.<\/li>\n<li>1780 (2016):<strong> Gu\u00eda Pe\u00f1\u00edn 2020<\/strong>, 92 points.<\/li>\n<li>1780 (2016):<strong> Vivir el Vino 2020<\/strong>, 92 points.<\/li>\n<li>1780 (2017):<strong> Korea Wine Challenge 2020<\/strong>, silver medal.<\/li>\n<li>1780 (2017):<strong> Girovi 2020<\/strong>, gold medal.<\/li>\n<li>1780 (2017):<strong> Gu\u00eda Pe\u00f1\u00edn 2021<\/strong>, 91 points.<\/li>\n<li>1780 (2017):<strong> Gourmet 2021<\/strong>, 90 points.<\/li>\n<li>1780 (2017):<strong> Girovi 2021<\/strong>, Gran Or.<\/li>\n<li>1780 (2018):<strong> Gourmet 2022<\/strong>, 93 points.<\/li>\n<li>1780 (2018):<strong> Pe\u00f1\u00edn 2022<\/strong>, 91 points.<\/li>\n<li>1780 (2017):<strong> Vivir el vino 2022<\/strong>, 93 points.<\/li>\n<li>1780 (2018):<strong> Girovi 2022<\/strong>, Negre Crian\u00e7a Or.<\/li>\n<li>1780 (2018):<strong> Hudin 2023<\/strong>, 93 points.<\/li>\n<li>1780 (2018):<strong> Decanter World Wine Awards 2023<\/strong>, 91 points.<\/li>\n<li>1780 (2018):<strong> Tim Atkin MW<\/strong>, 92 points.<\/li>\n<\/ul>\n<p>&nbsp;<\/p>\n<p><a href=\"https:\/\/castelldelremei.com\/wp-content\/uploads\/2024\/07\/Castell-del-Remei-1780-ENG.pdf\"><strong>Download the technical sheet here<\/strong><\/a><\/p>\n<\/div>\n<\/div>\n<\/div>\n","protected":false},"excerpt":{"rendered":"<p>A premium wine crafted from a meticulous vineyard selection, aged for 18 months in new French and American oak barrels. It offers a robust, fruity structure with rounded tannins and notable aromatic complexity.<\/p>\n<p>Shipping within 72 hours.<\/p>\n<p>Shipping costs are free on orders over 60\u20ac.<\/p>\n","protected":false},"featured_media":8317,"comment_status":"open","ping_status":"closed","template":"","meta":{"om_disable_all_campaigns":false,"_monsterinsights_skip_tracking":false,"_monsterinsights_sitenote_active":false,"_monsterinsights_sitenote_note":"","_monsterinsights_sitenote_category":0,"site-sidebar-layout":"default","site-content-layout":"default","ast-site-content-layout":"default","site-content-style":"default","site-sidebar-style":"default","ast-global-header-display":"","ast-banner-title-visibility":"","ast-main-header-display":"","ast-hfb-above-header-display":"","ast-hfb-below-header-display":"","ast-hfb-mobile-header-display":"","site-post-title":"","ast-breadcrumbs-content":"","ast-featured-img":"","footer-sml-layout":"","ast-disable-related-posts":"","theme-transparent-header-meta":"default","adv-header-id-meta":"","stick-header-meta":"default","header-above-stick-meta":"","header-main-stick-meta":"","header-below-stick-meta":"","astra-migrate-meta-layouts":"set","ast-page-background-enabled":"default","ast-page-background-meta":{"desktop":{"background-color":"","background-image":"","background-repeat":"repeat","background-position":"center center","background-size":"auto","background-attachment":"scroll","background-type":"","background-media":"","overlay-type":"","overlay-color":"","overlay-opacity":"","overlay-gradient":""},"tablet":{"background-color":"","background-image":"","background-repeat":"repeat","background-position":"center center","background-size":"auto","background-attachment":"scroll","background-type":"","background-media":"","overlay-type":"","overlay-color":"","overlay-opacity":"","overlay-gradient":""},"mobile":{"background-color":"","background-image":"","background-repeat":"repeat","background-position":"center center","background-size":"auto","background-attachment":"scroll","background-type":"","background-media":"","overlay-type":"","overlay-color":"","overlay-opacity":"","overlay-gradient":""}},"ast-content-background-meta":{"desktop":{"background-color":"var(--ast-global-color-5)","background-image":"","background-repeat":"repeat","background-position":"center center","background-size":"auto","background-attachment":"scroll","background-type":"","background-media":"","overlay-type":"","overlay-color":"","overlay-opacity":"","overlay-gradient":""},"tablet":{"background-color":"var(--ast-global-color-5)","background-image":"","background-repeat":"repeat","background-position":"center center","background-size":"auto","background-attachment":"scroll","background-type":"","background-media":"","overlay-type":"","overlay-color":"","overlay-opacity":"","overlay-gradient":""},"mobile":{"background-color":"var(--ast-global-color-5)","background-image":"","background-repeat":"repeat","background-position":"center center","background-size":"auto","background-attachment":"scroll","background-type":"","background-media":"","overlay-type":"","overlay-color":"","overlay-opacity":"","overlay-gradient":""}}},"product_brand":[],"product_cat":[70],"product_tag":[],"class_list":{"0":"post-5451","1":"product","2":"type-product","3":"status-publish","4":"has-post-thumbnail","6":"product_cat-vi-en","7":"desktop-align-center","8":"tablet-align-center","9":"mobile-align-center","10":"ast-product-gallery-layout-horizontal","11":"ast-product-gallery-with-no-image","12":"ast-product-tabs-layout-distributed","14":"first","15":"instock","16":"taxable","17":"shipping-taxable","18":"purchasable","19":"product-type-simple"},"_links":{"self":[{"href":"https:\/\/castelldelremei.com\/en\/wp-json\/wp\/v2\/product\/5451","targetHints":{"allow":["GET"]}}],"collection":[{"href":"https:\/\/castelldelremei.com\/en\/wp-json\/wp\/v2\/product"}],"about":[{"href":"https:\/\/castelldelremei.com\/en\/wp-json\/wp\/v2\/types\/product"}],"replies":[{"embeddable":true,"href":"https:\/\/castelldelremei.com\/en\/wp-json\/wp\/v2\/comments?post=5451"}],"wp:featuredmedia":[{"embeddable":true,"href":"https:\/\/castelldelremei.com\/en\/wp-json\/wp\/v2\/media\/8317"}],"wp:attachment":[{"href":"https:\/\/castelldelremei.com\/en\/wp-json\/wp\/v2\/media?parent=5451"}],"wp:term":[{"taxonomy":"product_brand","embeddable":true,"href":"https:\/\/castelldelremei.com\/en\/wp-json\/wp\/v2\/product_brand?post=5451"},{"taxonomy":"product_cat","embeddable":true,"href":"https:\/\/castelldelremei.com\/en\/wp-json\/wp\/v2\/product_cat?post=5451"},{"taxonomy":"product_tag","embeddable":true,"href":"https:\/\/castelldelremei.com\/en\/wp-json\/wp\/v2\/product_tag?post=5451"}],"curies":[{"name":"wp","href":"https:\/\/api.w.org\/{rel}","templated":true}]}}