{"id":9908,"date":"2024-08-06T15:27:40","date_gmt":"2024-08-06T13:27:42","guid":{"rendered":"https:\/\/castelldelremei.com\/?post_type=product&#038;p=9908"},"modified":"2025-09-19T13:22:57","modified_gmt":"2025-09-19T11:22:57","slug":"gran-reserva-blanc","status":"publish","type":"product","link":"https:\/\/castelldelremei.com\/en\/producte\/gran-reserva-blanc\/","title":{"rendered":"GRAN RESERVA BLANC 75 cl"},"content":{"rendered":"<p><strong>White wine for aging with 4 years of rest in the cellar following the strict rules of the Regulatory Council, which requires a minimum of 48 months of aging to be defined as Gran Reserva.<\/strong><\/p>\n<p><strong>Limited production:<\/strong> 1,671 bottles.<\/p>\n<p><strong>Vineyards:<\/strong> Old vineyards of the estate, planted at 700 m altitude with low yields of around 2000 kg\/ha.<\/p>\n<p><strong>Soil:<\/strong> Soil with a loam-clay texture, clay-limestone composition, flat, double cordon training system, northwest\/southeast orientation.<\/p>\n<p><strong>Vineyard management:<\/strong> Certified organic farming by CCPAE.<\/p>\n<p><strong>Climate:<\/strong> Dry continental Mediterranean, with a low average annual precipitation between 400 and 450 mm\/year.<\/p>\n<p><strong>Harvest:<\/strong> Manual in 20 kg boxes and selection table.<\/p>\n<p><strong>Varieties:<\/strong> 66% Macabeo and 33% Chardonnay.<\/p>\n<p><strong>Elaboration process:<\/strong> Each variety is produced separately (6 barrels of 225L).<\/p>\n<p><strong>Aging time:<\/strong> 48 months (26 in barrel and 22 in bottle) at the date of bottling.<\/p>\n<p><strong>Analysis:<\/strong> 15% vol. &#8211; ATT 6 g\/l. &#8211; pH 3.23.<\/p>\n<p><strong>DO Costers del Segre.<\/strong><\/p>\n<p><strong>Storage advice:<\/strong> Minimum 10 years under proper conditions (temperature 15\u00b0C and humidity (75-80%) constant).<\/p>\n<p><strong>Tasting notes:<\/strong> Old gold colored wine. On the nose, it is persistent and complex with many nuances of ripe white fruits. A honeyed perfume with a fine herbal layer. On the palate, it is a round, powerful, and fatty wine with very fine and integrated wood. Long finish that leaves final sensations of fruits and spices. Good acidity and structure that guarantees a long evolution in the bottle.<\/p>\n<p><strong>Awards and recognitions:<\/strong><\/p>\n<ul>\n<li>Gran Reserva Blanc 2017: <strong>Decanter World Wine Awards<\/strong>, 90 points.<\/li>\n<li>Gran Reserva Blanc 2018: <strong>TimAtkin MW<\/strong>, 93 points.<\/li>\n<li>Gran Reserva Blanc 2018: <strong>Gu\u00eda Pe\u00f1\u00edn 2023<\/strong>, 93 points.<\/li>\n<li>Gran Reserva Blanc 2018: <strong>Gu\u00eda Pe\u00f1\u00edn 2025<\/strong>, 93 points.<\/li>\n<\/ul>\n<p>&nbsp;<\/p>\n<p><a href=\"https:\/\/castelldelremei.com\/wp-content\/uploads\/2024\/08\/Castell-del-Remei-Gran-Reserva-Blanc-2019-CAT.pdf\"><strong>Download the technical sheet here.<\/strong><\/a><\/p>\n","protected":false},"excerpt":{"rendered":"<p>Gran Reserva white wine with 4 years of aging, made from old vines at 700 m altitude and organic farming. Limited production of 1,671 bottles, combining Macabeo and Chardonnay, with complex notes of ripe fruit and a long aging potential.<\/p>\n<p>You can get it through Vila Viniteca: <a href=\"https:\/\/www.vilaviniteca.es\/es\/castell-del-remei-gran-reserva-blanc-2017.html\" target=\"_blank\" rel=\"noopener\">Year 2017<\/a> and <a href=\"https:\/\/www.vilaviniteca.es\/es\/castell-del-remei-gran-reserva-blanc-2018.html\" target=\"_blank\" rel=\"noopener\">Year 2018<\/a>. Year 2019 will be available soon.<\/p>\n","protected":false},"featured_media":11751,"comment_status":"open","ping_status":"closed","template":"","meta":{"om_disable_all_campaigns":false,"_monsterinsights_skip_tracking":false,"_monsterinsights_sitenote_active":false,"_monsterinsights_sitenote_note":"","_monsterinsights_sitenote_category":0,"site-sidebar-layout":"default","site-content-layout":"default","ast-site-content-layout":"default","site-content-style":"default","site-sidebar-style":"default","ast-global-header-display":"","ast-banner-title-visibility":"","ast-main-header-display":"","ast-hfb-above-header-display":"","ast-hfb-below-header-display":"","ast-hfb-mobile-header-display":"","site-post-title":"","ast-breadcrumbs-content":"","ast-featured-img":"","footer-sml-layout":"","ast-disable-related-posts":"","theme-transparent-header-meta":"default","adv-header-id-meta":"","stick-header-meta":"default","header-above-stick-meta":"","header-main-stick-meta":"","header-below-stick-meta":"","astra-migrate-meta-layouts":"set","ast-page-background-enabled":"default","ast-page-background-meta":{"desktop":{"background-color":"","background-image":"","background-repeat":"repeat","background-position":"center center","background-size":"auto","background-attachment":"scroll","background-type":"","background-media":"","overlay-type":"","overlay-color":"","overlay-opacity":"","overlay-gradient":""},"tablet":{"background-color":"","background-image":"","background-repeat":"repeat","background-position":"center center","background-size":"auto","background-attachment":"scroll","background-type":"","background-media":"","overlay-type":"","overlay-color":"","overlay-opacity":"","overlay-gradient":""},"mobile":{"background-color":"","background-image":"","background-repeat":"repeat","background-position":"center center","background-size":"auto","background-attachment":"scroll","background-type":"","background-media":"","overlay-type":"","overlay-color":"","overlay-opacity":"","overlay-gradient":""}},"ast-content-background-meta":{"desktop":{"background-color":"var(--ast-global-color-5)","background-image":"","background-repeat":"repeat","background-position":"center center","background-size":"auto","background-attachment":"scroll","background-type":"","background-media":"","overlay-type":"","overlay-color":"","overlay-opacity":"","overlay-gradient":""},"tablet":{"background-color":"var(--ast-global-color-5)","background-image":"","background-repeat":"repeat","background-position":"center center","background-size":"auto","background-attachment":"scroll","background-type":"","background-media":"","overlay-type":"","overlay-color":"","overlay-opacity":"","overlay-gradient":""},"mobile":{"background-color":"var(--ast-global-color-5)","background-image":"","background-repeat":"repeat","background-position":"center center","background-size":"auto","background-attachment":"scroll","background-type":"","background-media":"","overlay-type":"","overlay-color":"","overlay-opacity":"","overlay-gradient":""}}},"product_brand":[],"product_cat":[104],"product_tag":[],"class_list":{"0":"post-9908","1":"product","2":"type-product","3":"status-publish","4":"has-post-thumbnail","6":"product_cat-white-wine","7":"desktop-align-center","8":"tablet-align-center","9":"mobile-align-center","10":"ast-product-gallery-layout-horizontal","11":"ast-product-gallery-with-no-image","12":"ast-product-tabs-layout-distributed","14":"first","15":"instock","16":"taxable","17":"shipping-taxable","18":"product-type-simple"},"_links":{"self":[{"href":"https:\/\/castelldelremei.com\/en\/wp-json\/wp\/v2\/product\/9908","targetHints":{"allow":["GET"]}}],"collection":[{"href":"https:\/\/castelldelremei.com\/en\/wp-json\/wp\/v2\/product"}],"about":[{"href":"https:\/\/castelldelremei.com\/en\/wp-json\/wp\/v2\/types\/product"}],"replies":[{"embeddable":true,"href":"https:\/\/castelldelremei.com\/en\/wp-json\/wp\/v2\/comments?post=9908"}],"wp:featuredmedia":[{"embeddable":true,"href":"https:\/\/castelldelremei.com\/en\/wp-json\/wp\/v2\/media\/11751"}],"wp:attachment":[{"href":"https:\/\/castelldelremei.com\/en\/wp-json\/wp\/v2\/media?parent=9908"}],"wp:term":[{"taxonomy":"product_brand","embeddable":true,"href":"https:\/\/castelldelremei.com\/en\/wp-json\/wp\/v2\/product_brand?post=9908"},{"taxonomy":"product_cat","embeddable":true,"href":"https:\/\/castelldelremei.com\/en\/wp-json\/wp\/v2\/product_cat?post=9908"},{"taxonomy":"product_tag","embeddable":true,"href":"https:\/\/castelldelremei.com\/en\/wp-json\/wp\/v2\/product_tag?post=9908"}],"curies":[{"name":"wp","href":"https:\/\/api.w.org\/{rel}","templated":true}]}}