{"id":10767,"date":"2024-11-04T08:41:44","date_gmt":"2024-11-04T07:41:44","guid":{"rendered":"https:\/\/castelldelremei.com\/classe-magistral-amb-tomas-cusine\/"},"modified":"2025-01-14T12:20:13","modified_gmt":"2025-01-14T11:20:13","slug":"classe-magistral-amb-tomas-cusine","status":"publish","type":"page","link":"https:\/\/castelldelremei.com\/es\/classe-magistral-amb-tomas-cusine\/","title":{"rendered":"Clase Magistral con Tom\u00e0s Cusin\u00e9"},"content":{"rendered":"\t\t<div data-elementor-type=\"wp-page\" data-elementor-id=\"10767\" class=\"elementor elementor-10767 elementor-10611\" data-elementor-post-type=\"page\">\n\t\t\t\t\t\t<section class=\"elementor-section elementor-top-section elementor-element elementor-element-ac7ce98 elementor-section-boxed elementor-section-height-default elementor-section-height-default\" data-id=\"ac7ce98\" data-element_type=\"section\" data-e-type=\"section\">\n\t\t\t\t\t\t<div class=\"elementor-container elementor-column-gap-default\">\n\t\t\t\t\t<div class=\"elementor-column elementor-col-100 elementor-top-column elementor-element elementor-element-1e45941\" data-id=\"1e45941\" data-element_type=\"column\" data-e-type=\"column\">\n\t\t\t<div class=\"elementor-widget-wrap elementor-element-populated\">\n\t\t\t\t\t\t<div class=\"elementor-element elementor-element-cbb0132 elementor-widget elementor-widget-heading\" data-id=\"cbb0132\" data-element_type=\"widget\" data-e-type=\"widget\" data-widget_type=\"heading.default\">\n\t\t\t\t<div class=\"elementor-widget-container\">\n\t\t\t\t\t<h1 class=\"elementor-heading-title elementor-size-default\">Clase Magistral con Tom\u00e0s Cusin\u00e9<\/h1>\t\t\t\t<\/div>\n\t\t\t\t<\/div>\n\t\t\t\t\t<\/div>\n\t\t<\/div>\n\t\t\t\t\t<\/div>\n\t\t<\/section>\n\t\t\t\t<section class=\"elementor-section elementor-top-section elementor-element elementor-element-800cdbc elementor-section-boxed elementor-section-height-default elementor-section-height-default\" data-id=\"800cdbc\" data-element_type=\"section\" data-e-type=\"section\">\n\t\t\t\t\t\t<div class=\"elementor-container elementor-column-gap-default\">\n\t\t\t\t\t<div class=\"elementor-column elementor-col-100 elementor-top-column elementor-element elementor-element-3be1021\" data-id=\"3be1021\" data-element_type=\"column\" data-e-type=\"column\">\n\t\t\t<div class=\"elementor-widget-wrap elementor-element-populated\">\n\t\t\t\t\t\t<div class=\"elementor-element elementor-element-7aa9f77 elementor-widget elementor-widget-heading\" data-id=\"7aa9f77\" data-element_type=\"widget\" data-e-type=\"widget\" data-widget_type=\"heading.default\">\n\t\t\t\t<div class=\"elementor-widget-container\">\n\t\t\t\t\t<h3 class=\"elementor-heading-title elementor-size-default\">Cata comentada de 12 vinos de alta gama de las bodegas de Tom\u00e0s Cusin\u00e9 <\/h3>\t\t\t\t<\/div>\n\t\t\t\t<\/div>\n\t\t\t\t\t<\/div>\n\t\t<\/div>\n\t\t\t\t\t<\/div>\n\t\t<\/section>\n\t\t\t\t<section class=\"elementor-section elementor-top-section elementor-element elementor-element-3441cb6 elementor-section-boxed elementor-section-height-default elementor-section-height-default\" data-id=\"3441cb6\" data-element_type=\"section\" data-e-type=\"section\">\n\t\t\t\t\t\t<div class=\"elementor-container elementor-column-gap-default\">\n\t\t\t\t\t<div class=\"elementor-column elementor-col-100 elementor-top-column elementor-element elementor-element-7a70926\" data-id=\"7a70926\" data-element_type=\"column\" data-e-type=\"column\">\n\t\t\t<div class=\"elementor-widget-wrap elementor-element-populated\">\n\t\t\t\t\t\t<div class=\"elementor-element elementor-element-0e8dc8d elementor-widget elementor-widget-text-editor\" data-id=\"0e8dc8d\" data-element_type=\"widget\" data-e-type=\"widget\" data-widget_type=\"text-editor.default\">\n\t\t\t\t<div class=\"elementor-widget-container\">\n\t\t\t\t\t\t\t\t\t<p style=\"text-align: center;\">La recaudaci\u00f3n \u00edntegra se destinar\u00e1 a los damnificados por la inundaci\u00f3n del pasado mes de octubre en la Comunidad Valenciana, en la poblaci\u00f3n de Picanya. Aportaci\u00f3n m\u00ednima: 50 \u20ac (incluye refrigerio, regalo de un decantador y descuento del 10 por ciento en compras en la enoteca el d\u00eda de la sesi\u00f3n). Informaci\u00f3n e inscripciones.<\/p>\t\t\t\t\t\t\t\t<\/div>\n\t\t\t\t<\/div>\n\t\t\t\t\t<\/div>\n\t\t<\/div>\n\t\t\t\t\t<\/div>\n\t\t<\/section>\n\t\t\t\t<section class=\"elementor-section elementor-top-section elementor-element elementor-element-3fd9b51 elementor-section-boxed elementor-section-height-default elementor-section-height-default\" data-id=\"3fd9b51\" data-element_type=\"section\" data-e-type=\"section\">\n\t\t\t\t\t\t<div class=\"elementor-container elementor-column-gap-default\">\n\t\t\t\t\t<div class=\"elementor-column elementor-col-100 elementor-top-column elementor-element elementor-element-b5e60fa\" data-id=\"b5e60fa\" data-element_type=\"column\" data-e-type=\"column\">\n\t\t\t<div class=\"elementor-widget-wrap elementor-element-populated\">\n\t\t\t\t\t\t<div class=\"elementor-element elementor-element-122cc4d elementor-widget elementor-widget-image\" data-id=\"122cc4d\" data-element_type=\"widget\" data-e-type=\"widget\" data-widget_type=\"image.default\">\n\t\t\t\t<div class=\"elementor-widget-container\">\n\t\t\t\t\t\t\t\t\t\t\t\t\t\t\t<img fetchpriority=\"high\" decoding=\"async\" width=\"576\" height=\"1024\" src=\"https:\/\/castelldelremei.com\/wp-content\/uploads\/2025\/01\/WhatsApp-Image-2025-01-13-at-13.03.33-576x1024.jpeg\" class=\"attachment-large size-large wp-image-11527\" alt=\"\" srcset=\"https:\/\/castelldelremei.com\/wp-content\/uploads\/2025\/01\/WhatsApp-Image-2025-01-13-at-13.03.33-576x1024.jpeg 576w, https:\/\/castelldelremei.com\/wp-content\/uploads\/2025\/01\/WhatsApp-Image-2025-01-13-at-13.03.33-169x300.jpeg 169w, https:\/\/castelldelremei.com\/wp-content\/uploads\/2025\/01\/WhatsApp-Image-2025-01-13-at-13.03.33-768x1365.jpeg 768w, https:\/\/castelldelremei.com\/wp-content\/uploads\/2025\/01\/WhatsApp-Image-2025-01-13-at-13.03.33-864x1536.jpeg 864w, https:\/\/castelldelremei.com\/wp-content\/uploads\/2025\/01\/WhatsApp-Image-2025-01-13-at-13.03.33-600x1067.jpeg 600w, https:\/\/castelldelremei.com\/wp-content\/uploads\/2025\/01\/WhatsApp-Image-2025-01-13-at-13.03.33.jpeg 900w\" sizes=\"(max-width: 576px) 100vw, 576px\" \/>\t\t\t\t\t\t\t\t\t\t\t\t\t\t\t<\/div>\n\t\t\t\t<\/div>\n\t\t\t\t<div class=\"elementor-element elementor-element-89cb4c4 elementor-widget elementor-widget-image\" data-id=\"89cb4c4\" data-element_type=\"widget\" data-e-type=\"widget\" data-widget_type=\"image.default\">\n\t\t\t\t<div class=\"elementor-widget-container\">\n\t\t\t\t\t\t\t\t\t\t\t\t\t\t\t<img decoding=\"async\" width=\"300\" height=\"58\" src=\"https:\/\/castelldelremei.com\/wp-content\/uploads\/2024\/11\/LOGO-FUNDACIO-CASTELL-DEL-REMEI_HD-01-300x58.jpeg\" class=\"attachment-medium size-medium wp-image-10757\" alt=\"\" srcset=\"https:\/\/castelldelremei.com\/wp-content\/uploads\/2024\/11\/LOGO-FUNDACIO-CASTELL-DEL-REMEI_HD-01-300x58.jpeg 300w, https:\/\/castelldelremei.com\/wp-content\/uploads\/2024\/11\/LOGO-FUNDACIO-CASTELL-DEL-REMEI_HD-01-600x116.jpeg 600w, https:\/\/castelldelremei.com\/wp-content\/uploads\/2024\/11\/LOGO-FUNDACIO-CASTELL-DEL-REMEI_HD-01.jpeg 640w\" sizes=\"(max-width: 300px) 100vw, 300px\" \/>\t\t\t\t\t\t\t\t\t\t\t\t\t\t\t<\/div>\n\t\t\t\t<\/div>\n\t\t\t\t\t<\/div>\n\t\t<\/div>\n\t\t\t\t\t<\/div>\n\t\t<\/section>\n\t\t\t\t<section class=\"elementor-section elementor-top-section elementor-element elementor-element-b4e6a8d elementor-section-boxed elementor-section-height-default elementor-section-height-default\" data-id=\"b4e6a8d\" data-element_type=\"section\" data-e-type=\"section\">\n\t\t\t\t\t\t<div class=\"elementor-container elementor-column-gap-default\">\n\t\t\t\t\t<div class=\"elementor-column elementor-col-100 elementor-top-column elementor-element elementor-element-e9f478c\" data-id=\"e9f478c\" data-element_type=\"column\" data-e-type=\"column\">\n\t\t\t<div class=\"elementor-widget-wrap elementor-element-populated\">\n\t\t\t\t\t\t<div class=\"elementor-element elementor-element-14ffdf2 elementor-widget-divider--view-line elementor-widget elementor-widget-divider\" data-id=\"14ffdf2\" data-element_type=\"widget\" data-e-type=\"widget\" data-widget_type=\"divider.default\">\n\t\t\t\t<div class=\"elementor-widget-container\">\n\t\t\t\t\t\t\t<div class=\"elementor-divider\">\n\t\t\t<span class=\"elementor-divider-separator\">\n\t\t\t\t\t\t<\/span>\n\t\t<\/div>\n\t\t\t\t\t\t<\/div>\n\t\t\t\t<\/div>\n\t\t\t\t\t<\/div>\n\t\t<\/div>\n\t\t\t\t\t<\/div>\n\t\t<\/section>\n\t\t\t\t<\/div>\n\t\t","protected":false},"excerpt":{"rendered":"<p> [&hellip;]<\/p>\n","protected":false},"author":18,"featured_media":0,"parent":0,"menu_order":0,"comment_status":"closed","ping_status":"closed","template":"","meta":{"om_disable_all_campaigns":false,"_monsterinsights_skip_tracking":false,"_monsterinsights_sitenote_active":false,"_monsterinsights_sitenote_note":"","_monsterinsights_sitenote_category":0,"site-sidebar-layout":"no-sidebar","site-content-layout":"page-builder","ast-site-content-layout":"full-width-container","site-content-style":"default","site-sidebar-style":"default","ast-global-header-display":"","ast-banner-title-visibility":"","ast-main-header-display":"","ast-hfb-above-header-display":"","ast-hfb-below-header-display":"","ast-hfb-mobile-header-display":"","site-post-title":"disabled","ast-breadcrumbs-content":"","ast-featured-img":"disabled","footer-sml-layout":"","ast-disable-related-posts":"","theme-transparent-header-meta":"default","adv-header-id-meta":"","stick-header-meta":"default","header-above-stick-meta":"","header-main-stick-meta":"","header-below-stick-meta":"","astra-migrate-meta-layouts":"set","ast-page-background-enabled":"default","ast-page-background-meta":{"desktop":{"background-color":"","background-image":"","background-repeat":"repeat","background-position":"center center","background-size":"auto","background-attachment":"scroll","background-type":"","background-media":"","overlay-type":"","overlay-color":"","overlay-opacity":"","overlay-gradient":""},"tablet":{"background-color":"","background-image":"","background-repeat":"repeat","background-position":"center center","background-size":"auto","background-attachment":"scroll","background-type":"","background-media":"","overlay-type":"","overlay-color":"","overlay-opacity":"","overlay-gradient":""},"mobile":{"background-color":"","background-image":"","background-repeat":"repeat","background-position":"center center","background-size":"auto","background-attachment":"scroll","background-type":"","background-media":"","overlay-type":"","overlay-color":"","overlay-opacity":"","overlay-gradient":""}},"ast-content-background-meta":{"desktop":{"background-color":"var(--ast-global-color-5)","background-image":"","background-repeat":"repeat","background-position":"center center","background-size":"auto","background-attachment":"scroll","background-type":"","background-media":"","overlay-type":"","overlay-color":"","overlay-opacity":"","overlay-gradient":""},"tablet":{"background-color":"var(--ast-global-color-5)","background-image":"","background-repeat":"repeat","background-position":"center center","background-size":"auto","background-attachment":"scroll","background-type":"","background-media":"","overlay-type":"","overlay-color":"","overlay-opacity":"","overlay-gradient":""},"mobile":{"background-color":"var(--ast-global-color-5)","background-image":"","background-repeat":"repeat","background-position":"center center","background-size":"auto","background-attachment":"scroll","background-type":"","background-media":"","overlay-type":"","overlay-color":"","overlay-opacity":"","overlay-gradient":""}},"footnotes":""},"class_list":["post-10767","page","type-page","status-publish","hentry"],"_links":{"self":[{"href":"https:\/\/castelldelremei.com\/es\/wp-json\/wp\/v2\/pages\/10767","targetHints":{"allow":["GET"]}}],"collection":[{"href":"https:\/\/castelldelremei.com\/es\/wp-json\/wp\/v2\/pages"}],"about":[{"href":"https:\/\/castelldelremei.com\/es\/wp-json\/wp\/v2\/types\/page"}],"author":[{"embeddable":true,"href":"https:\/\/castelldelremei.com\/es\/wp-json\/wp\/v2\/users\/18"}],"replies":[{"embeddable":true,"href":"https:\/\/castelldelremei.com\/es\/wp-json\/wp\/v2\/comments?post=10767"}],"version-history":[{"count":9,"href":"https:\/\/castelldelremei.com\/es\/wp-json\/wp\/v2\/pages\/10767\/revisions"}],"predecessor-version":[{"id":11563,"href":"https:\/\/castelldelremei.com\/es\/wp-json\/wp\/v2\/pages\/10767\/revisions\/11563"}],"wp:attachment":[{"href":"https:\/\/castelldelremei.com\/es\/wp-json\/wp\/v2\/media?parent=10767"}],"curies":[{"name":"wp","href":"https:\/\/api.w.org\/{rel}","templated":true}]}}