{"id":5111,"date":"2020-05-07T16:35:04","date_gmt":"2020-05-07T14:35:04","guid":{"rendered":"https:\/\/castell.romeuprenafeta.com\/ajuts-i-col%e2%80%a2laboracions-leader\/"},"modified":"2020-05-11T08:54:18","modified_gmt":"2020-05-11T06:54:18","slug":"ajuts-i-col%e2%80%a2laboracions-leader","status":"publish","type":"page","link":"https:\/\/castelldelremei.com\/es\/ajuts-i-col%e2%80%a2laboracions-leader\/","title":{"rendered":"Ajuts i col\u2022laboracions Leader"},"content":{"rendered":"<h1 style=\"text-align: center;\">Ayudas y colaboraciones Leader<img fetchpriority=\"high\" decoding=\"async\" class=\"aligncenter wp-image-1874 size-large\" src=\"https:\/\/castell.romeuprenafeta.com\/wp-content\/uploads\/2018\/12\/Placa-Cartell_seu_GAL_v2-1024x712.png\" alt=\"\" width=\"1024\" height=\"712\" srcset=\"https:\/\/castelldelremei.com\/wp-content\/uploads\/2018\/12\/Placa-Cartell_seu_GAL_v2-1024x712.png 1024w, https:\/\/castelldelremei.com\/wp-content\/uploads\/2018\/12\/Placa-Cartell_seu_GAL_v2-600x417.png 600w, https:\/\/castelldelremei.com\/wp-content\/uploads\/2018\/12\/Placa-Cartell_seu_GAL_v2-300x209.png 300w, https:\/\/castelldelremei.com\/wp-content\/uploads\/2018\/12\/Placa-Cartell_seu_GAL_v2-768x534.png 768w\" sizes=\"(max-width: 1024px) 100vw, 1024px\" \/><\/h1>\n<p><span class=\"tlid-translation translation\">Castell del Remei es una bodega situada en la comarca de La Noguera, junto a las comarcas vecinas del Urgell y el Pla d\u2019Urgell.<\/span><\/p>\n<p><span class=\"tlid-translation translation\">Situada en medio de la llanura, la finca es un lugar de referencia en todo el entorno. Adem\u00e1s de la bodega, incluye el Castillo del siglo XIX, el Santuario de la Virgen del Remedio, los estanques, el molino, as\u00ed como un restaurante y un entorno privilegiado como antigua colonia agr\u00edcola.<\/span><\/p>\n<p><span class=\"tlid-translation translation\">El proyecto 2017<\/span><\/p>\n<p><span class=\"tlid-translation translation\">La principal iniciativa ha sido el aislamiento de la cubierta de una parte de la bodega, concretamente la tienda, las oficinas y la sala de exposiciones, con lo que se ha conseguido un importante ahorro energ\u00e9tico. Otras iniciativas han sido el soterramiento de las l\u00edneas el\u00e9ctricas a\u00e9reas de la finca, as\u00ed como la apertura de zanjas para col \u2022 locar instala \u2022 instalaciones de riego por un futuro ajardinamiento parcial de la finca. En el interior de la bodega, la inversi\u00f3n ha sido destinada al revestimiento y pintura del suelo y la adquisici\u00f3n de un nuevo carro el\u00e9ctrico por el almac\u00e9n.<\/span><\/p>\n<p><span class=\"tlid-translation translation\">El proyecto 2018<\/span><\/p>\n<p><span class=\"tlid-translation translation\">Continuando con el proyecto anterior, la principal inversi\u00f3n se centra en el aislamiento del resto de la cubierta y refuerzo de la estructura para acoger un nuevo espacio destinado a sala de exposiciones, en l\u00ednea con el objetivo de mejora de nuestros servicios . Tambi\u00e9n invertiremos en una nueva etiquetadora para maximizar la l\u00ednea de embotellado.<\/span><\/p>\n<p>&nbsp;<\/p>\n","protected":false},"excerpt":{"rendered":"<p> [&hellip;]<\/p>\n","protected":false},"author":18,"featured_media":0,"parent":0,"menu_order":0,"comment_status":"closed","ping_status":"closed","template":"","meta":{"om_disable_all_campaigns":false,"_monsterinsights_skip_tracking":false,"_monsterinsights_sitenote_active":false,"_monsterinsights_sitenote_note":"","_monsterinsights_sitenote_category":0,"site-sidebar-layout":"default","site-content-layout":"default","ast-site-content-layout":"default","site-content-style":"default","site-sidebar-style":"default","ast-global-header-display":"","ast-banner-title-visibility":"","ast-main-header-display":"","ast-hfb-above-header-display":"","ast-hfb-below-header-display":"","ast-hfb-mobile-header-display":"","site-post-title":"disabled","ast-breadcrumbs-content":"","ast-featured-img":"","footer-sml-layout":"","ast-disable-related-posts":"","theme-transparent-header-meta":"default","adv-header-id-meta":"","stick-header-meta":"default","header-above-stick-meta":"","header-main-stick-meta":"","header-below-stick-meta":"","astra-migrate-meta-layouts":"default","ast-page-background-enabled":"default","ast-page-background-meta":{"desktop":{"background-color":"","background-image":"","background-repeat":"repeat","background-position":"center center","background-size":"auto","background-attachment":"scroll","background-type":"","background-media":"","overlay-type":"","overlay-color":"","overlay-opacity":"","overlay-gradient":""},"tablet":{"background-color":"","background-image":"","background-repeat":"repeat","background-position":"center center","background-size":"auto","background-attachment":"scroll","background-type":"","background-media":"","overlay-type":"","overlay-color":"","overlay-opacity":"","overlay-gradient":""},"mobile":{"background-color":"","background-image":"","background-repeat":"repeat","background-position":"center center","background-size":"auto","background-attachment":"scroll","background-type":"","background-media":"","overlay-type":"","overlay-color":"","overlay-opacity":"","overlay-gradient":""}},"ast-content-background-meta":{"desktop":{"background-color":"var(--ast-global-color-5)","background-image":"","background-repeat":"repeat","background-position":"center center","background-size":"auto","background-attachment":"scroll","background-type":"","background-media":"","overlay-type":"","overlay-color":"","overlay-opacity":"","overlay-gradient":""},"tablet":{"background-color":"var(--ast-global-color-5)","background-image":"","background-repeat":"repeat","background-position":"center center","background-size":"auto","background-attachment":"scroll","background-type":"","background-media":"","overlay-type":"","overlay-color":"","overlay-opacity":"","overlay-gradient":""},"mobile":{"background-color":"var(--ast-global-color-5)","background-image":"","background-repeat":"repeat","background-position":"center center","background-size":"auto","background-attachment":"scroll","background-type":"","background-media":"","overlay-type":"","overlay-color":"","overlay-opacity":"","overlay-gradient":""}},"footnotes":""},"class_list":["post-5111","page","type-page","status-publish","hentry"],"_links":{"self":[{"href":"https:\/\/castelldelremei.com\/es\/wp-json\/wp\/v2\/pages\/5111","targetHints":{"allow":["GET"]}}],"collection":[{"href":"https:\/\/castelldelremei.com\/es\/wp-json\/wp\/v2\/pages"}],"about":[{"href":"https:\/\/castelldelremei.com\/es\/wp-json\/wp\/v2\/types\/page"}],"author":[{"embeddable":true,"href":"https:\/\/castelldelremei.com\/es\/wp-json\/wp\/v2\/users\/18"}],"replies":[{"embeddable":true,"href":"https:\/\/castelldelremei.com\/es\/wp-json\/wp\/v2\/comments?post=5111"}],"version-history":[{"count":0,"href":"https:\/\/castelldelremei.com\/es\/wp-json\/wp\/v2\/pages\/5111\/revisions"}],"wp:attachment":[{"href":"https:\/\/castelldelremei.com\/es\/wp-json\/wp\/v2\/media?parent=5111"}],"curies":[{"name":"wp","href":"https:\/\/api.w.org\/{rel}","templated":true}]}}