{"id":11961,"date":"2025-09-15T11:35:37","date_gmt":"2025-09-15T09:35:38","guid":{"rendered":"https:\/\/castelldelremei.com\/?post_type=product&#038;p=11961"},"modified":"2025-09-24T09:37:43","modified_gmt":"2025-09-24T07:37:43","slug":"cava-la-cuvee-75-cl-copia","status":"publish","type":"product","link":"https:\/\/castelldelremei.com\/es\/producte\/cava-la-cuvee-75-cl-copia\/","title":{"rendered":"LA CUV\u00c9E SPARKLING ROS\u00c9 ZERO"},"content":{"rendered":"<p data-start=\"60\" data-end=\"294\"><strong data-start=\"60\" data-end=\"108\">La Cuv\u00e9e Sparkling Ros\u00e9 de Castell del Remei<\/strong> es un vino espumoso rosado desalcoholizado, resultado de una elaboraci\u00f3n cuidadosa que combina una maceraci\u00f3n m\u00ednima con una ligera extracci\u00f3n de color, logrando as\u00ed un rosa muy p\u00e1lido.<\/p>\n<p data-start=\"296\" data-end=\"420\">Elaborado con uvas seleccionadas de las variedades Air\u00e9n y Garnacha tinta procedentes de vi\u00f1as de mediana edad, sin crianza.<\/p>\n<p data-start=\"422\" data-end=\"607\">Con el objetivo de garantizar un producto de alta calidad, se utiliza un sofisticado m\u00e9todo altamente respetuoso para eliminar el alcohol et\u00edlico sin comprometer el sabor ni la calidad.<\/p>\n<p data-start=\"609\" data-end=\"650\"><strong data-start=\"609\" data-end=\"624\">Producci\u00f3n:<\/strong> 10.000 botellas de 75 cl.<\/p>\n<p data-start=\"652\" data-end=\"675\"><strong data-start=\"652\" data-end=\"664\">Alcohol:<\/strong> 0,0 % vol.<\/p>\n<p data-start=\"677\" data-end=\"727\"><strong data-start=\"677\" data-end=\"698\">Valor energ\u00e9tico:<\/strong> 100 ml = 16,1 kcal \/ 67,1 kJ<\/p>\n<p data-start=\"729\" data-end=\"867\"><strong data-start=\"729\" data-end=\"746\">Presentaci\u00f3n:<\/strong><br data-start=\"746\" data-end=\"749\" \/>Botella: Cava est\u00e1ndar transparente de 75 cl.<br data-start=\"794\" data-end=\"797\" \/>Cierre: Tap\u00f3n de corcho con morri\u00f3n.<br data-start=\"833\" data-end=\"836\" \/>Caja: De cart\u00f3n con 6 botellas.<\/p>\n<p data-start=\"869\" data-end=\"1084\"><strong data-start=\"869\" data-end=\"886\">Nota de cata:<\/strong> De color rosado p\u00e1lido y brillante. Aromas florales, frambuesas, fresas, sand\u00eda, c\u00edtricos, melocot\u00f3n blanco. Fresco, refrescante, ligeramente burbujeante con un final mineral concentrado pero vivo.<\/p>\n<p data-start=\"1086\" data-end=\"1215\">Ideal para tomar como aperitivo e incluso para acompa\u00f1ar todo tipo de pescados, mariscos y paellas. Servir muy fr\u00edo, a unos 8 \u00baC.<\/p>\n<p data-start=\"1217\" data-end=\"1364\"><strong data-start=\"1217\" data-end=\"1234\">Conservaci\u00f3n:<\/strong> Mantener en un lugar fresco y seco, alejado de la luz directa. Una vez abierto, conservar refrigerado y consumir antes de 5 d\u00edas.<\/p>\n<p><a href=\"https:\/\/castelldelremei.com\/wp-content\/uploads\/2025\/09\/FT_CDR_SPARKING-ROSE-ZERO_CASTELLA_TZ-1.pdf\"><strong>Descarga aqu\u00ed la ficha t\u00e9cnica<\/strong><\/a><\/p>\n","protected":false},"excerpt":{"rendered":"<p><strong data-start=\"60\" data-end=\"108\">La Cuv\u00e9e Sparkling Ros\u00e9 de Castell del Remei<\/strong> es un vino espumoso rosado desalcoholizado, resultado de una elaboraci\u00f3n cuidadosa que combina una maceraci\u00f3n m\u00ednima con una ligera extracci\u00f3n de color, logrando as\u00ed un rosa muy p\u00e1lido.<\/p>\n<p>Env\u00edo en 72 horas<\/p>\n","protected":false},"featured_media":12014,"comment_status":"open","ping_status":"closed","template":"","meta":{"om_disable_all_campaigns":false,"_monsterinsights_skip_tracking":false,"_monsterinsights_sitenote_active":false,"_monsterinsights_sitenote_note":"","_monsterinsights_sitenote_category":0,"site-sidebar-layout":"default","site-content-layout":"default","ast-site-content-layout":"default","site-content-style":"default","site-sidebar-style":"default","ast-global-header-display":"","ast-banner-title-visibility":"","ast-main-header-display":"","ast-hfb-above-header-display":"","ast-hfb-below-header-display":"","ast-hfb-mobile-header-display":"","site-post-title":"","ast-breadcrumbs-content":"","ast-featured-img":"","footer-sml-layout":"","ast-disable-related-posts":"","theme-transparent-header-meta":"default","adv-header-id-meta":"","stick-header-meta":"default","header-above-stick-meta":"","header-main-stick-meta":"","header-below-stick-meta":"","astra-migrate-meta-layouts":"set","ast-page-background-enabled":"default","ast-page-background-meta":{"desktop":{"background-color":"","background-image":"","background-repeat":"repeat","background-position":"center center","background-size":"auto","background-attachment":"scroll","background-type":"","background-media":"","overlay-type":"","overlay-color":"","overlay-opacity":"","overlay-gradient":""},"tablet":{"background-color":"","background-image":"","background-repeat":"repeat","background-position":"center center","background-size":"auto","background-attachment":"scroll","background-type":"","background-media":"","overlay-type":"","overlay-color":"","overlay-opacity":"","overlay-gradient":""},"mobile":{"background-color":"","background-image":"","background-repeat":"repeat","background-position":"center center","background-size":"auto","background-attachment":"scroll","background-type":"","background-media":"","overlay-type":"","overlay-color":"","overlay-opacity":"","overlay-gradient":""}},"ast-content-background-meta":{"desktop":{"background-color":"var(--ast-global-color-5)","background-image":"","background-repeat":"repeat","background-position":"center center","background-size":"auto","background-attachment":"scroll","background-type":"","background-media":"","overlay-type":"","overlay-color":"","overlay-opacity":"","overlay-gradient":""},"tablet":{"background-color":"var(--ast-global-color-5)","background-image":"","background-repeat":"repeat","background-position":"center center","background-size":"auto","background-attachment":"scroll","background-type":"","background-media":"","overlay-type":"","overlay-color":"","overlay-opacity":"","overlay-gradient":""},"mobile":{"background-color":"var(--ast-global-color-5)","background-image":"","background-repeat":"repeat","background-position":"center center","background-size":"auto","background-attachment":"scroll","background-type":"","background-media":"","overlay-type":"","overlay-color":"","overlay-opacity":"","overlay-gradient":""}}},"product_brand":[],"product_cat":[],"product_tag":[],"class_list":{"0":"post-11961","1":"product","2":"type-product","3":"status-publish","4":"has-post-thumbnail","6":"desktop-align-center","7":"tablet-align-center","8":"mobile-align-center","9":"ast-product-gallery-layout-horizontal","10":"ast-product-gallery-with-no-image","11":"ast-product-tabs-layout-distributed","13":"first","14":"instock","15":"taxable","16":"shipping-taxable","17":"purchasable","18":"product-type-simple"},"_links":{"self":[{"href":"https:\/\/castelldelremei.com\/es\/wp-json\/wp\/v2\/product\/11961","targetHints":{"allow":["GET"]}}],"collection":[{"href":"https:\/\/castelldelremei.com\/es\/wp-json\/wp\/v2\/product"}],"about":[{"href":"https:\/\/castelldelremei.com\/es\/wp-json\/wp\/v2\/types\/product"}],"replies":[{"embeddable":true,"href":"https:\/\/castelldelremei.com\/es\/wp-json\/wp\/v2\/comments?post=11961"}],"wp:featuredmedia":[{"embeddable":true,"href":"https:\/\/castelldelremei.com\/es\/wp-json\/wp\/v2\/media\/12014"}],"wp:attachment":[{"href":"https:\/\/castelldelremei.com\/es\/wp-json\/wp\/v2\/media?parent=11961"}],"wp:term":[{"taxonomy":"product_brand","embeddable":true,"href":"https:\/\/castelldelremei.com\/es\/wp-json\/wp\/v2\/product_brand?post=11961"},{"taxonomy":"product_cat","embeddable":true,"href":"https:\/\/castelldelremei.com\/es\/wp-json\/wp\/v2\/product_cat?post=11961"},{"taxonomy":"product_tag","embeddable":true,"href":"https:\/\/castelldelremei.com\/es\/wp-json\/wp\/v2\/product_tag?post=11961"}],"curies":[{"name":"wp","href":"https:\/\/api.w.org\/{rel}","templated":true}]}}