{"id":5197,"date":"2020-04-21T14:24:32","date_gmt":"2020-04-21T12:24:32","guid":{"rendered":"https:\/\/castell.romeuprenafeta.com\/producte\/1780\/"},"modified":"2025-11-24T15:35:41","modified_gmt":"2025-11-24T14:35:41","slug":"1780","status":"publish","type":"product","link":"https:\/\/castelldelremei.com\/es\/producte\/1780\/","title":{"rendered":"1780 2019 75 cl"},"content":{"rendered":"<article class=\"text-token-text-primary w-full focus:outline-none [--shadow-height:45px] has-data-writing-block:pointer-events-none has-data-writing-block:-mt-(--shadow-height) has-data-writing-block:pt-(--shadow-height) [&amp;:has([data-writing-block])&gt;*]:pointer-events-auto [content-visibility:auto] supports-[content-visibility:auto]:[contain-intrinsic-size:auto_100lvh] scroll-mt-[calc(var(--header-height)+min(200px,max(70px,20svh)))]\" dir=\"auto\" tabindex=\"-1\" data-turn-id=\"request-WEB:b7429a29-ddd2-4239-aaae-9b9cdd54a67e-3\" data-testid=\"conversation-turn-8\" data-scroll-anchor=\"true\" data-turn=\"assistant\">\n<div class=\"text-base my-auto mx-auto pb-10 [--thread-content-margin:--spacing(4)] thread-sm:[--thread-content-margin:--spacing(6)] thread-lg:[--thread-content-margin:--spacing(16)] px-(--thread-content-margin)\">\n<div class=\"[--thread-content-max-width:40rem] thread-lg:[--thread-content-max-width:48rem] mx-auto max-w-(--thread-content-max-width) flex-1 group\/turn-messages focus-visible:outline-hidden relative flex w-full min-w-0 flex-col agent-turn\" tabindex=\"-1\">\n<div class=\"flex max-w-full flex-col grow\">\n<div class=\"min-h-8 text-message relative flex w-full flex-col items-end gap-2 text-start break-words whitespace-normal [.text-message+&amp;]:mt-1\" dir=\"auto\" data-message-author-role=\"assistant\" data-message-id=\"ff4a65e9-88b7-4eaf-a471-c46f03050dd1\" data-message-model-slug=\"gpt-5-1\">\n<div class=\"flex w-full flex-col gap-1 empty:hidden first:pt-[1px]\">\n<div class=\"markdown prose dark:prose-invert w-full break-words dark markdown-new-styling\">\n<p data-start=\"0\" data-end=\"387\" data-is-last-node=\"\" data-is-only-node=\"\"><strong>Una selecci\u00f3n de vi\u00f1edo muy cuidada para elaborar un vino que lleva como nombre el primer a\u00f1o en que se documenta la elaboraci\u00f3n vin\u00edcola en el Castell del Remei. Larga crianza en barrica nueva de roble franc\u00e9s y americano para pulirlo. Como resultado, un vino con mucha intensidad de fruta negra, con aromas terciarios propios de la crianza, como regaliz y chocolate, y taninos sedosos.<\/strong><\/p>\n<p data-start=\"0\" data-end=\"387\" data-is-last-node=\"\" data-is-only-node=\"\">\n<\/div>\n<\/div>\n<\/div>\n<\/div>\n<\/div>\n<\/div>\n<\/article>\n<p><strong>Tipo de vino:<\/strong> Tinto de guarda con mucha estructura y crianza en madera nueva. Mineral y estructurado.<\/p>\n<p><strong>Variedades:<\/strong> Cabernet Sauvignon, Tempranillo y Garnacha Negra.<\/p>\n<p><strong>Crianza:<\/strong> 18 meses en barricas nuevas de roble franc\u00e9s y americano.<\/p>\n<p><strong>Denominaci\u00f3n de origen:<\/strong> Costers del Segre.<\/p>\n<p><strong>Alcohol:<\/strong> 14.5% vol.<\/p>\n<p><strong>Elaboraci\u00f3n:<\/strong> Sin sulfitos durante la vinificaci\u00f3n hasta la malol\u00e1ctica. Fermentaci\u00f3n entre 22 y 26 \u00b0C y maceraci\u00f3n en dep\u00f3sito de 10.000 litros, donde tambi\u00e9n realiza la fermentaci\u00f3n malol\u00e1ctica antes de pasar al envejecimiento en barricas de roble franc\u00e9s y americano de primer y segundo uso de 225 litros.<\/p>\n<p><strong>Agricultura:<\/strong> Ecol\u00f3gica (Certificada por el Consejo Catal\u00e1n de la Producci\u00f3n Agraria Ecol\u00f3gica).<\/p>\n<p><strong>Nota de cata:<\/strong> Color picota de capa media-alta con reflejos granates. L\u00e1grimas densas y coloreadas. Aromas de alta intensidad. Notas ahumadas, especiadas y de cedro junto con recuerdos bals\u00e1micos. Al airearlo, expresa toda la complejidad arom\u00e1tica con notas de frutas negras en confitura, cacao y recuerdos de minerales, torrefactos y grafito. Entrada en boca dulce y con mucho volumen. Posteriormente, aparecen taninos muy presentes pero maduros, y una acidez que aporta frescura. Persistencia muy larga, ligeramente amarga. En retro nasal, recuerdos de torrefactos, chocolate y hoja de tabaco.<\/p>\n<p><strong>Premios y reconocimientos<\/strong><\/p>\n<ul>\n<li>1780 (2006):<strong> Wine &amp; Spirit Competition 2012<\/strong>, medalla de bronce.<\/li>\n<li>1780 (2009):<strong> Wine Up<\/strong>, 90,69 puntos.<\/li>\n<li>1780 (2012):<strong> Gu\u00eda Pe\u00f1\u00edn 2017<\/strong>, 90 puntos.<\/li>\n<li>1780 (2012):<strong> Premi Vinari de plata especial<\/strong>.<\/li>\n<li>1780 (2012):<strong> Gilbert &amp; Gaillard<\/strong>, medalla de oro.<\/li>\n<li>1780 (2012):<strong> Wine Up 2018<\/strong>, 92+ puntos.<\/li>\n<li>1780 (2013):<strong> Gu\u00eda Pe\u00f1\u00edn 2018<\/strong>, 90 puntos.<\/li>\n<li>1780 (2013):<strong> Menci\u00f3 a la Guia millors 100 vins de Catalunya<\/strong>.<\/li>\n<li>1780 (2013):<strong> Gu\u00eda Repsol 2018<\/strong>, 92 puntos.<\/li>\n<li>1780 (2014):<strong> La setmana vin\u00edcola<\/strong>, 95 puntos.<\/li>\n<li>1780 (2015):<strong> Gu\u00eda Pe\u00f1\u00edn 2019<\/strong>, 90 puntos.<\/li>\n<li>1780 (2016):<strong> Concours Mondial de Bruxelles 2019<\/strong>, medalla de plata.<\/li>\n<li>1780 (2016):<strong> International Wine Challenge Londres 2019<\/strong>, medalla de bronce.<\/li>\n<li>1780 (2016):<strong> Gu\u00eda Pe\u00f1\u00edn 2020<\/strong>, 92 puntos.<\/li>\n<li>1780 (2016):<strong> Vivir el Vino 2020<\/strong>, 92 puntos.<\/li>\n<li>1780 (2017):<strong> Korea Wine Challenge 2020<\/strong>, medalla de plata.<\/li>\n<li>1780 (2017):<strong> Girovi 2020<\/strong>, medalla de oro.<\/li>\n<li>1780 (2017):<strong> Gu\u00eda Pe\u00f1\u00edn 2021<\/strong>, 91 puntos.<\/li>\n<li>1780 (2017):<strong> Gourmet 2021<\/strong>, 90 puntos.<\/li>\n<li>1780 (2017):<strong> Girovi 2021<\/strong>, Gran Oro.<\/li>\n<li>1780 (2018):<strong> Gourmet 2022<\/strong>, 93 puntos.<\/li>\n<li>1780 (2018):<strong> Pe\u00f1\u00edn 2022<\/strong>, 91 puntos.<\/li>\n<li>1780 (2017):<strong> Vivir el vino 2022<\/strong>, 93 puntos.<\/li>\n<li>1780 (2018):<strong> Girovi 2022<\/strong>, Negre Crianza Oro.<\/li>\n<li>1780 (2018):<strong> Hudin 2023<\/strong>, 93 puntos.<\/li>\n<li>1780 (2018):<strong> Decanter World Wine Awards 2023<\/strong>, 91 puntos.<\/li>\n<li>1780 (2018):<strong> Tim Atkin MW<\/strong>, 92 puntos.<\/li>\n<li>1780 (2019): <strong>Gu\u00eda<\/strong> <strong>Pe\u00f1\u00edn 2024<\/strong>, 91 puntos.<\/li>\n<li>1780 (2019): <strong>Gu\u00eda<\/strong> <strong>Pe\u00f1\u00edn 2025<\/strong>, 93 puntos.<\/li>\n<\/ul>\n<p><a href=\"https:\/\/castelldelremei.com\/wp-content\/uploads\/2025\/11\/FT_CDR_1780_2019_CASTELLA_TZ.pdf\"><strong>Descarga aqu\u00ed la ficha t\u00e9cnica<\/strong><\/a><\/p>\n","protected":false},"excerpt":{"rendered":"<article class=\"text-token-text-primary w-full focus:outline-none [--shadow-height:45px] has-data-writing-block:pointer-events-none has-data-writing-block:-mt-(--shadow-height) has-data-writing-block:pt-(--shadow-height) [&amp;:has([data-writing-block])&gt;*]:pointer-events-auto [content-visibility:auto] supports-[content-visibility:auto]:[contain-intrinsic-size:auto_100lvh] scroll-mt-[calc(var(--header-height)+min(200px,max(70px,20svh)))]\" dir=\"auto\" tabindex=\"-1\" data-turn-id=\"request-WEB:b7429a29-ddd2-4239-aaae-9b9cdd54a67e-3\" data-testid=\"conversation-turn-8\" data-scroll-anchor=\"true\" data-turn=\"assistant\">\n<div class=\"text-base my-auto mx-auto pb-10 [--thread-content-margin:--spacing(4)] thread-sm:[--thread-content-margin:--spacing(6)] thread-lg:[--thread-content-margin:--spacing(16)] px-(--thread-content-margin)\">\n<div class=\"[--thread-content-max-width:40rem] thread-lg:[--thread-content-max-width:48rem] mx-auto max-w-(--thread-content-max-width) flex-1 group\/turn-messages focus-visible:outline-hidden relative flex w-full min-w-0 flex-col agent-turn\" tabindex=\"-1\">\n<div class=\"flex max-w-full flex-col grow\">\n<div class=\"min-h-8 text-message relative flex w-full flex-col items-end gap-2 text-start break-words whitespace-normal [.text-message+&amp;]:mt-1\" dir=\"auto\" data-message-author-role=\"assistant\" data-message-id=\"ff4a65e9-88b7-4eaf-a471-c46f03050dd1\" data-message-model-slug=\"gpt-5-1\">\n<div class=\"flex w-full flex-col gap-1 empty:hidden first:pt-[1px]\">\n<div class=\"markdown prose dark:prose-invert w-full break-words dark markdown-new-styling\">\n<p data-start=\"0\" data-end=\"387\" data-is-last-node=\"\" data-is-only-node=\"\">Una selecci\u00f3n de vi\u00f1edo muy cuidada para elaborar un vino que lleva como nombre el primer a\u00f1o en que se documenta la elaboraci\u00f3n vin\u00edcola en el Castell del Remei. Larga crianza en barrica nueva de roble franc\u00e9s y americano para pulirlo. Como resultado, un vino con mucha intensidad de fruta negra, con aromas terciarios propios de la crianza, como regaliz y chocolate, y taninos sedosos.<\/p>\n<\/div>\n<\/div>\n<\/div>\n<\/div>\n<\/div>\n<\/div>\n<\/article>\n<div class=\"pointer-events-none h-px w-px\" aria-hidden=\"true\" data-edge=\"true\"><\/div>\n<p>Env\u00edo en 72 horas.<\/p>\n<p>Los gastos de env\u00edo son gratuitos a partir de 60\u20ac.<\/p>\n","protected":false},"featured_media":5375,"comment_status":"open","ping_status":"closed","template":"","meta":{"om_disable_all_campaigns":false,"_monsterinsights_skip_tracking":false,"_monsterinsights_sitenote_active":false,"_monsterinsights_sitenote_note":"","_monsterinsights_sitenote_category":0,"site-sidebar-layout":"default","site-content-layout":"default","ast-site-content-layout":"default","site-content-style":"default","site-sidebar-style":"default","ast-global-header-display":"","ast-banner-title-visibility":"","ast-main-header-display":"","ast-hfb-above-header-display":"","ast-hfb-below-header-display":"","ast-hfb-mobile-header-display":"","site-post-title":"","ast-breadcrumbs-content":"","ast-featured-img":"","footer-sml-layout":"","ast-disable-related-posts":"","theme-transparent-header-meta":"default","adv-header-id-meta":"","stick-header-meta":"default","header-above-stick-meta":"","header-main-stick-meta":"","header-below-stick-meta":"","astra-migrate-meta-layouts":"set","ast-page-background-enabled":"default","ast-page-background-meta":{"desktop":{"background-color":"","background-image":"","background-repeat":"repeat","background-position":"center center","background-size":"auto","background-attachment":"scroll","background-type":"","background-media":"","overlay-type":"","overlay-color":"","overlay-opacity":"","overlay-gradient":""},"tablet":{"background-color":"","background-image":"","background-repeat":"repeat","background-position":"center center","background-size":"auto","background-attachment":"scroll","background-type":"","background-media":"","overlay-type":"","overlay-color":"","overlay-opacity":"","overlay-gradient":""},"mobile":{"background-color":"","background-image":"","background-repeat":"repeat","background-position":"center center","background-size":"auto","background-attachment":"scroll","background-type":"","background-media":"","overlay-type":"","overlay-color":"","overlay-opacity":"","overlay-gradient":""}},"ast-content-background-meta":{"desktop":{"background-color":"var(--ast-global-color-5)","background-image":"","background-repeat":"repeat","background-position":"center center","background-size":"auto","background-attachment":"scroll","background-type":"","background-media":"","overlay-type":"","overlay-color":"","overlay-opacity":"","overlay-gradient":""},"tablet":{"background-color":"var(--ast-global-color-5)","background-image":"","background-repeat":"repeat","background-position":"center center","background-size":"auto","background-attachment":"scroll","background-type":"","background-media":"","overlay-type":"","overlay-color":"","overlay-opacity":"","overlay-gradient":""},"mobile":{"background-color":"var(--ast-global-color-5)","background-image":"","background-repeat":"repeat","background-position":"center center","background-size":"auto","background-attachment":"scroll","background-type":"","background-media":"","overlay-type":"","overlay-color":"","overlay-opacity":"","overlay-gradient":""}}},"product_brand":[],"product_cat":[51],"product_tag":[],"class_list":{"0":"post-5197","1":"product","2":"type-product","3":"status-publish","4":"has-post-thumbnail","6":"product_cat-vino-tinto","7":"desktop-align-center","8":"tablet-align-center","9":"mobile-align-center","10":"ast-product-gallery-layout-horizontal","11":"ast-product-gallery-with-no-image","12":"ast-product-tabs-layout-distributed","14":"first","15":"instock","16":"taxable","17":"shipping-taxable","18":"purchasable","19":"product-type-simple"},"_links":{"self":[{"href":"https:\/\/castelldelremei.com\/es\/wp-json\/wp\/v2\/product\/5197","targetHints":{"allow":["GET"]}}],"collection":[{"href":"https:\/\/castelldelremei.com\/es\/wp-json\/wp\/v2\/product"}],"about":[{"href":"https:\/\/castelldelremei.com\/es\/wp-json\/wp\/v2\/types\/product"}],"replies":[{"embeddable":true,"href":"https:\/\/castelldelremei.com\/es\/wp-json\/wp\/v2\/comments?post=5197"}],"wp:featuredmedia":[{"embeddable":true,"href":"https:\/\/castelldelremei.com\/es\/wp-json\/wp\/v2\/media\/5375"}],"wp:attachment":[{"href":"https:\/\/castelldelremei.com\/es\/wp-json\/wp\/v2\/media?parent=5197"}],"wp:term":[{"taxonomy":"product_brand","embeddable":true,"href":"https:\/\/castelldelremei.com\/es\/wp-json\/wp\/v2\/product_brand?post=5197"},{"taxonomy":"product_cat","embeddable":true,"href":"https:\/\/castelldelremei.com\/es\/wp-json\/wp\/v2\/product_cat?post=5197"},{"taxonomy":"product_tag","embeddable":true,"href":"https:\/\/castelldelremei.com\/es\/wp-json\/wp\/v2\/product_tag?post=5197"}],"curies":[{"name":"wp","href":"https:\/\/api.w.org\/{rel}","templated":true}]}}