{"id":5206,"date":"2020-04-21T14:18:43","date_gmt":"2020-04-21T12:18:43","guid":{"rendered":"https:\/\/castell.romeuprenafeta.com\/producte\/oda-blanco\/"},"modified":"2026-01-09T12:49:02","modified_gmt":"2026-01-09T11:49:02","slug":"oda-blanco","status":"publish","type":"product","link":"https:\/\/castelldelremei.com\/es\/producte\/oda-blanco\/","title":{"rendered":"ODA BLANC 2024 75 cl"},"content":{"rendered":"<div class=\"page\" title=\"Page 1\">\n<div class=\"layoutArea\">\n<div class=\"column\">\n<div class=\"page\" title=\"Page 1\">\n<div class=\"layoutArea\">\n<div class=\"column\">\n<div class=\"page\" title=\"Page 1\">\n<div class=\"layoutArea\">\n<div class=\"column\">\n<div class=\"page\" title=\"Page 1\">\n<div class=\"layoutArea\">\n<div class=\"column\">\n<p><strong>Un vino blanco, graso y cremoso que, junto con una acidez marcada, garantiza una firme longevidad. La fruta madura y la mineralidad emergen tanto en nariz como en boca.<\/strong><\/p>\n<p>Nuevas barricas de roble para la fermentaci\u00f3n y crianza de vi\u00f1as viejas seleccionadas para este cl\u00e1sico con madera. Vinos de ensamblaje, con mestizaje, son el eje de equilibrio y perfil poli\u00e9drico buscado, que destilan historia mientras muestran vanguardia y modernidad sin olvidar sus ra\u00edces.<\/p>\n<p><strong>Tipo de vino:<\/strong> Blanco corpulento y graso, fermentado y envejecido en madera.<\/p>\n<p><strong>Variedades:<\/strong> Macabeo y Chardonnay.<\/p>\n<p><strong>Elaboraci\u00f3n:<\/strong> Inicio de la fermentaci\u00f3n en dep\u00f3sito de acero inoxidable. Antes de terminar la fermentaci\u00f3n con una densidad de 1030, se pasa a la barrica donde finaliza la fermentaci\u00f3n y comienza la crianza. No se realiza la malol\u00e1ctica para mantener la acidez natural. Trabajo de l\u00edas peri\u00f3dico seg\u00fan cata.<\/p>\n<p><strong>Crianza:<\/strong> 6 meses en barricas de roble americano de primer y segundo a\u00f1o, con removido de l\u00edas.<\/p>\n<p><strong>Denominaci\u00f3n de origen:<\/strong> Costers del Segre.<\/p>\n<p><strong>Agricultura:<\/strong> Producido en conversi\u00f3n a la agricultura ecol\u00f3gica.<\/p>\n<p><strong>Alcohol:<\/strong> 13% vol.<\/p>\n<p><strong>Nota de cata:<\/strong> Color dorado p\u00e1lido con muchos reflejos. Intensidad que llena la boca con sensaciones grasas que van desde los tostados y la manzana al horno hasta las astillas de madera reci\u00e9n cortada, pasando tambi\u00e9n por las mantequillas y los gustos de pasteler\u00eda. Es untuoso y con un final largo.<\/p>\n<p><strong>\u00daltimos premios y reconocimientos<\/strong><\/p>\n<ul>\n<li>Oda Blanc 2011:<strong> International Wine&amp;Spirits<\/strong>, medalla de bronce.<\/li>\n<li>Oda Blanc 2011:<strong> Concurs Mondial Bruxelles<\/strong>, medalla de oro.<\/li>\n<li>Oda Blanc 2014:<strong> Gu\u00eda de Oro 2016<\/strong>, menci\u00f3n.<\/li>\n<li>Oda Blanc 2018:<strong> Korean Wine Challenge 2020<\/strong>, medalla de oro.<\/li>\n<li>Oda Blanc 2018:<strong> Gu\u00eda de vinos y aceites 2020<\/strong>, +93 puntos.<\/li>\n<li>Oda Blanc 2019: <strong>Vivir el Vino 2022<\/strong>, 90 puntos.<\/li>\n<li>Oda Blanc 2021:<strong> Vivir el Vino 2023<\/strong>, 92 puntos.<\/li>\n<li>Oda Blanc 2022:<strong> Tim Atkin MW<\/strong>, 91 puntos.<\/li>\n<\/ul>\n<p>&nbsp;<\/p>\n<p><a href=\"https:\/\/castelldelremei.com\/wp-content\/uploads\/2026\/01\/FT_CDR_ODA-BLANC_2024_CASTELLA_TZ.pdf\"><strong>Descarga aqu\u00ed la ficha t\u00e9cnica.<\/strong><\/a><\/p>\n<\/div>\n<\/div>\n<\/div>\n<\/div>\n<\/div>\n<\/div>\n<\/div>\n<\/div>\n<\/div>\n<\/div>\n<\/div>\n<\/div>\n","protected":false},"excerpt":{"rendered":"<p>Un vino blanco graso y cremoso con una acidez marcada que asegura una gran longevidad, destacando la fruta madura y la mineralidad en nariz y boca. Elaborado con Macabeo y Chardonnay, fermentado y criado en barricas de roble, ofrece un perfil poli\u00e9drico con notas de tostados, manzana al horno y pasteler\u00eda.<\/p>\n<p>Env\u00edo antes de 72h.<\/p>\n<p>Los gastos de env\u00edo son gratuitos a partir de 60\u20ac.<\/p>\n","protected":false},"featured_media":12081,"comment_status":"open","ping_status":"closed","template":"","meta":{"om_disable_all_campaigns":false,"_monsterinsights_skip_tracking":false,"_monsterinsights_sitenote_active":false,"_monsterinsights_sitenote_note":"","_monsterinsights_sitenote_category":0,"site-sidebar-layout":"default","site-content-layout":"default","ast-site-content-layout":"default","site-content-style":"default","site-sidebar-style":"default","ast-global-header-display":"","ast-banner-title-visibility":"","ast-main-header-display":"","ast-hfb-above-header-display":"","ast-hfb-below-header-display":"","ast-hfb-mobile-header-display":"","site-post-title":"","ast-breadcrumbs-content":"","ast-featured-img":"","footer-sml-layout":"","ast-disable-related-posts":"","theme-transparent-header-meta":"default","adv-header-id-meta":"","stick-header-meta":"default","header-above-stick-meta":"","header-main-stick-meta":"","header-below-stick-meta":"","astra-migrate-meta-layouts":"set","ast-page-background-enabled":"default","ast-page-background-meta":{"desktop":{"background-color":"","background-image":"","background-repeat":"repeat","background-position":"center center","background-size":"auto","background-attachment":"scroll","background-type":"","background-media":"","overlay-type":"","overlay-color":"","overlay-opacity":"","overlay-gradient":""},"tablet":{"background-color":"","background-image":"","background-repeat":"repeat","background-position":"center center","background-size":"auto","background-attachment":"scroll","background-type":"","background-media":"","overlay-type":"","overlay-color":"","overlay-opacity":"","overlay-gradient":""},"mobile":{"background-color":"","background-image":"","background-repeat":"repeat","background-position":"center center","background-size":"auto","background-attachment":"scroll","background-type":"","background-media":"","overlay-type":"","overlay-color":"","overlay-opacity":"","overlay-gradient":""}},"ast-content-background-meta":{"desktop":{"background-color":"var(--ast-global-color-5)","background-image":"","background-repeat":"repeat","background-position":"center center","background-size":"auto","background-attachment":"scroll","background-type":"","background-media":"","overlay-type":"","overlay-color":"","overlay-opacity":"","overlay-gradient":""},"tablet":{"background-color":"var(--ast-global-color-5)","background-image":"","background-repeat":"repeat","background-position":"center center","background-size":"auto","background-attachment":"scroll","background-type":"","background-media":"","overlay-type":"","overlay-color":"","overlay-opacity":"","overlay-gradient":""},"mobile":{"background-color":"var(--ast-global-color-5)","background-image":"","background-repeat":"repeat","background-position":"center center","background-size":"auto","background-attachment":"scroll","background-type":"","background-media":"","overlay-type":"","overlay-color":"","overlay-opacity":"","overlay-gradient":""}}},"product_brand":[],"product_cat":[108],"product_tag":[],"class_list":{"0":"post-5206","1":"product","2":"type-product","3":"status-publish","4":"has-post-thumbnail","6":"product_cat-vino-blanco","7":"desktop-align-center","8":"tablet-align-center","9":"mobile-align-center","10":"ast-product-gallery-layout-horizontal","11":"ast-product-gallery-with-no-image","12":"ast-product-tabs-layout-distributed","14":"first","15":"instock","16":"taxable","17":"shipping-taxable","18":"purchasable","19":"product-type-simple"},"_links":{"self":[{"href":"https:\/\/castelldelremei.com\/es\/wp-json\/wp\/v2\/product\/5206","targetHints":{"allow":["GET"]}}],"collection":[{"href":"https:\/\/castelldelremei.com\/es\/wp-json\/wp\/v2\/product"}],"about":[{"href":"https:\/\/castelldelremei.com\/es\/wp-json\/wp\/v2\/types\/product"}],"replies":[{"embeddable":true,"href":"https:\/\/castelldelremei.com\/es\/wp-json\/wp\/v2\/comments?post=5206"}],"wp:featuredmedia":[{"embeddable":true,"href":"https:\/\/castelldelremei.com\/es\/wp-json\/wp\/v2\/media\/12081"}],"wp:attachment":[{"href":"https:\/\/castelldelremei.com\/es\/wp-json\/wp\/v2\/media?parent=5206"}],"wp:term":[{"taxonomy":"product_brand","embeddable":true,"href":"https:\/\/castelldelremei.com\/es\/wp-json\/wp\/v2\/product_brand?post=5206"},{"taxonomy":"product_cat","embeddable":true,"href":"https:\/\/castelldelremei.com\/es\/wp-json\/wp\/v2\/product_cat?post=5206"},{"taxonomy":"product_tag","embeddable":true,"href":"https:\/\/castelldelremei.com\/es\/wp-json\/wp\/v2\/product_tag?post=5206"}],"curies":[{"name":"wp","href":"https:\/\/api.w.org\/{rel}","templated":true}]}}