{"id":5209,"date":"2020-04-21T14:15:58","date_gmt":"2020-04-21T12:15:58","guid":{"rendered":"https:\/\/castell.romeuprenafeta.com\/producte\/gotim-blanco\/"},"modified":"2025-11-24T15:40:41","modified_gmt":"2025-11-24T14:40:41","slug":"gotim-blanco","status":"publish","type":"product","link":"https:\/\/castelldelremei.com\/es\/producte\/gotim-blanco\/","title":{"rendered":"GOTIM BLANC 2024 75 cl"},"content":{"rendered":"<div class=\"page\" title=\"Page 1\">\n<div class=\"layoutArea\">\n<div class=\"column\">\n<article class=\"text-token-text-primary w-full focus:outline-none [--shadow-height:45px] has-data-writing-block:pointer-events-none has-data-writing-block:-mt-(--shadow-height) has-data-writing-block:pt-(--shadow-height) [&amp;:has([data-writing-block])&gt;*]:pointer-events-auto [content-visibility:auto] supports-[content-visibility:auto]:[contain-intrinsic-size:auto_100lvh] scroll-mt-[calc(var(--header-height)+min(200px,max(70px,20svh)))]\" dir=\"auto\" tabindex=\"-1\" data-turn-id=\"request-WEB:b7429a29-ddd2-4239-aaae-9b9cdd54a67e-0\" data-testid=\"conversation-turn-2\" data-scroll-anchor=\"true\" data-turn=\"assistant\">\n<div class=\"text-base my-auto mx-auto pb-10 [--thread-content-margin:--spacing(4)] thread-sm:[--thread-content-margin:--spacing(6)] thread-lg:[--thread-content-margin:--spacing(16)] px-(--thread-content-margin)\">\n<div class=\"[--thread-content-max-width:40rem] thread-lg:[--thread-content-max-width:48rem] mx-auto max-w-(--thread-content-max-width) flex-1 group\/turn-messages focus-visible:outline-hidden relative flex w-full min-w-0 flex-col agent-turn\" tabindex=\"-1\">\n<div class=\"flex max-w-full flex-col grow\">\n<div class=\"min-h-8 text-message relative flex w-full flex-col items-end gap-2 text-start break-words whitespace-normal [.text-message+&amp;]:mt-1\" dir=\"auto\" data-message-author-role=\"assistant\" data-message-id=\"dc50bf08-0b95-4315-8246-a5467b44bac6\" data-message-model-slug=\"gpt-5-1\">\n<div class=\"flex w-full flex-col gap-1 empty:hidden first:pt-[1px]\">\n<div class=\"markdown prose dark:prose-invert w-full break-words dark markdown-new-styling\">\n<p data-start=\"0\" data-end=\"324\" data-is-last-node=\"\" data-is-only-node=\"\"><strong>El Gotim Blanc destaca por la frescura y el perfil arom\u00e1tico vibrante que le aporta el Sauvignon Blanc de car\u00e1cter tiolado y fresco, con notas c\u00edtricas y ex\u00f3ticas muy vivas. La Garnacha Blanca y el Macabeo le dan volumen, suavidad y fruta blanca, dando como resultado un vino equilibrado, expresivo y muy f\u00e1cil de disfrutar.<\/strong><\/p>\n<\/div>\n<\/div>\n<\/div>\n<\/div>\n<div class=\"z-0 flex min-h-[46px] justify-start\"><\/div>\n<\/div>\n<\/div>\n<\/article>\n<p>Su informalidad otorga democracia. Vinos de ensamblaje, con mestizaje, son el eje de equilibrio y perfil poli\u00e9drico buscado, que destilan historia, a la vez que muestran vanguardia y modernidad sin olvidar las ra\u00edces en su origen.<\/p>\n<p><strong>Tipo de vino:<\/strong> Blanco joven exo\u0301tico y fresco.<\/p>\n<\/div>\n<\/div>\n<div class=\"layoutArea\">\n<div class=\"column\">\n<p><strong>Variedades:<\/strong> Sauvignon Blanc, Macabeu y Garnacha blanca.<\/p>\n<div class=\"page\" title=\"Page 1\">\n<div class=\"layoutArea\">\n<div class=\"column\">\n<p><strong>Denominacio\u0301n de origen:<\/strong> Costers del Segre.<\/p>\n<p><strong>Agricultura:<\/strong> Producido en conversi\u00f3n a la agricultura ecol\u00f3gica.<\/p>\n<div class=\"page\" title=\"Page 1\">\n<div class=\"layoutArea\">\n<div class=\"column\">\n<div class=\"flex flex-grow flex-col max-w-full\">\n<div class=\"min-h-[20px] text-message flex w-full flex-col items-end gap-2 whitespace-pre-wrap break-words [.text-message+&amp;]:mt-5 overflow-x-auto\" dir=\"auto\" data-message-author-role=\"assistant\" data-message-id=\"35b5aa36-921d-4074-843e-d064350d4a04\">\n<div class=\"flex w-full flex-col gap-1 empty:hidden first:pt-[3px]\">\n<div class=\"markdown prose w-full break-words dark:prose-invert light\">\n<p><strong>Elaboraci\u00f3n:<\/strong> Maceraci\u00f3n pelicular. Fermentaci\u00f3n controlada en dep\u00f3sitos de acero inoxidable de las diferentes variedades, por separado, a unos 16 \u00b0C de temperatura. Trabajo de l\u00edas en inoxidable.<\/p>\n<\/div>\n<\/div>\n<\/div>\n<\/div>\n<div class=\"page\" title=\"Page 1\">\n<div class=\"layoutArea\">\n<div class=\"column\">\n<div class=\"page\" title=\"Page 1\">\n<div class=\"layoutArea\">\n<div class=\"column\">\n<p><strong>Nota de cata: <\/strong>Color dorado pa\u0301lido con reflejos verdosos. Limpio y brillante con notas de frutas exo\u0301ticas, florales y gustos de fruta blanca, que se vuelven en hojas de higuera y manzana a\u0301cida. Fresco, equilibrado y goloso.<\/p>\n<p><strong>Alcohol:<\/strong> 11.5% vol.<\/p>\n<div class=\"column\">\n<p><strong>Premios y reconocimientos<\/strong><\/p>\n<ul>\n<li>Gotim Blanc 2016: <strong>Boutinot Wines<\/strong>, medalla de plata.<\/li>\n<li>Gotim Blanc 2016: <strong>Sommelier Wine Awards<\/strong>, medalla de plata.<\/li>\n<li>Gotim Blanc 2020: <strong style=\"font-size: 16px;\">Gu\u00eda Romero<\/strong><span style=\"font-size: 16px;\">, 90 puntos.<\/span><\/li>\n<li>Gotim Blanc 2021: <strong style=\"font-size: 16px;\">Guia de Vins de Catalunya 2024<\/strong><span style=\"font-size: 16px;\">, 9,16 puntos.<\/span><\/li>\n<\/ul>\n<p>&nbsp;<\/p>\n<\/div>\n<p><a href=\"https:\/\/castelldelremei.com\/wp-content\/uploads\/2025\/11\/FT_CDR_GOTIMBLANC-_CASTELLA_TZ.pdf\"><strong>Descarga aqu\u00ed la ficha t\u00e9cnica.<\/strong><\/a><\/p>\n<\/div>\n<\/div>\n<\/div>\n<\/div>\n<\/div>\n<\/div>\n<\/div>\n<\/div>\n<\/div>\n<\/div>\n<\/div>\n<\/div>\n<\/div>\n<\/div>\n<\/div>\n","protected":false},"excerpt":{"rendered":"<div class=\"layoutArea\">\n<div class=\"column\"><\/div>\n<\/div>\n<div class=\"layoutArea\">\n<div class=\"column\">\n<div class=\"page\" title=\"Page 1\">\n<div class=\"layoutArea\">\n<div class=\"column\">\n<div class=\"page\" title=\"Page 1\">\n<div class=\"layoutArea\">\n<div class=\"column\">\n<article class=\"text-token-text-primary w-full focus:outline-none [--shadow-height:45px] has-data-writing-block:pointer-events-none has-data-writing-block:-mt-(--shadow-height) has-data-writing-block:pt-(--shadow-height) [&amp;:has([data-writing-block])&gt;*]:pointer-events-auto [content-visibility:auto] supports-[content-visibility:auto]:[contain-intrinsic-size:auto_100lvh] scroll-mt-[calc(var(--header-height)+min(200px,max(70px,20svh)))]\" dir=\"auto\" tabindex=\"-1\" data-turn-id=\"request-WEB:b7429a29-ddd2-4239-aaae-9b9cdd54a67e-0\" data-testid=\"conversation-turn-2\" data-scroll-anchor=\"true\" data-turn=\"assistant\">\n<div class=\"text-base my-auto mx-auto pb-10 [--thread-content-margin:--spacing(4)] thread-sm:[--thread-content-margin:--spacing(6)] thread-lg:[--thread-content-margin:--spacing(16)] px-(--thread-content-margin)\">\n<div class=\"[--thread-content-max-width:40rem] thread-lg:[--thread-content-max-width:48rem] mx-auto max-w-(--thread-content-max-width) flex-1 group\/turn-messages focus-visible:outline-hidden relative flex w-full min-w-0 flex-col agent-turn\" tabindex=\"-1\">\n<div class=\"flex max-w-full flex-col grow\">\n<div class=\"min-h-8 text-message relative flex w-full flex-col items-end gap-2 text-start break-words whitespace-normal [.text-message+&amp;]:mt-1\" dir=\"auto\" data-message-author-role=\"assistant\" data-message-id=\"dc50bf08-0b95-4315-8246-a5467b44bac6\" data-message-model-slug=\"gpt-5-1\">\n<div class=\"flex w-full flex-col gap-1 empty:hidden first:pt-[1px]\">\n<div class=\"markdown prose dark:prose-invert w-full break-words dark markdown-new-styling\">\n<p data-start=\"0\" data-end=\"324\" data-is-last-node=\"\" data-is-only-node=\"\">El Gotim Blanc destaca por la frescura y el perfil arom\u00e1tico vibrante que le aporta el Sauvignon Blanc de car\u00e1cter tiolado y fresco, con notas c\u00edtricas y ex\u00f3ticas muy vivas. La Garnacha Blanca y el Macabeo le dan volumen, suavidad y fruta blanca, dando como resultado un vino equilibrado, expresivo y muy f\u00e1cil de disfrutar.<\/p>\n<\/div>\n<\/div>\n<\/div>\n<\/div>\n<div class=\"z-0 flex min-h-[46px] justify-start\"><\/div>\n<\/div>\n<\/div>\n<\/article>\n<\/div>\n<\/div>\n<\/div>\n<\/div>\n<\/div>\n<\/div>\n<\/div>\n<\/div>\n<p>Env\u00edo antes de 72h.<\/p>\n<p>Los gastos de env\u00edo son gratuitos a partir de 60\u20ac.<\/p>\n","protected":false},"featured_media":11959,"comment_status":"open","ping_status":"closed","template":"","meta":{"om_disable_all_campaigns":false,"_monsterinsights_skip_tracking":false,"_monsterinsights_sitenote_active":false,"_monsterinsights_sitenote_note":"","_monsterinsights_sitenote_category":0,"site-sidebar-layout":"default","site-content-layout":"default","ast-site-content-layout":"default","site-content-style":"default","site-sidebar-style":"default","ast-global-header-display":"","ast-banner-title-visibility":"","ast-main-header-display":"","ast-hfb-above-header-display":"","ast-hfb-below-header-display":"","ast-hfb-mobile-header-display":"","site-post-title":"","ast-breadcrumbs-content":"","ast-featured-img":"","footer-sml-layout":"","ast-disable-related-posts":"","theme-transparent-header-meta":"default","adv-header-id-meta":"","stick-header-meta":"default","header-above-stick-meta":"","header-main-stick-meta":"","header-below-stick-meta":"","astra-migrate-meta-layouts":"set","ast-page-background-enabled":"default","ast-page-background-meta":{"desktop":{"background-color":"","background-image":"","background-repeat":"repeat","background-position":"center center","background-size":"auto","background-attachment":"scroll","background-type":"","background-media":"","overlay-type":"","overlay-color":"","overlay-opacity":"","overlay-gradient":""},"tablet":{"background-color":"","background-image":"","background-repeat":"repeat","background-position":"center center","background-size":"auto","background-attachment":"scroll","background-type":"","background-media":"","overlay-type":"","overlay-color":"","overlay-opacity":"","overlay-gradient":""},"mobile":{"background-color":"","background-image":"","background-repeat":"repeat","background-position":"center center","background-size":"auto","background-attachment":"scroll","background-type":"","background-media":"","overlay-type":"","overlay-color":"","overlay-opacity":"","overlay-gradient":""}},"ast-content-background-meta":{"desktop":{"background-color":"var(--ast-global-color-5)","background-image":"","background-repeat":"repeat","background-position":"center center","background-size":"auto","background-attachment":"scroll","background-type":"","background-media":"","overlay-type":"","overlay-color":"","overlay-opacity":"","overlay-gradient":""},"tablet":{"background-color":"var(--ast-global-color-5)","background-image":"","background-repeat":"repeat","background-position":"center center","background-size":"auto","background-attachment":"scroll","background-type":"","background-media":"","overlay-type":"","overlay-color":"","overlay-opacity":"","overlay-gradient":""},"mobile":{"background-color":"var(--ast-global-color-5)","background-image":"","background-repeat":"repeat","background-position":"center center","background-size":"auto","background-attachment":"scroll","background-type":"","background-media":"","overlay-type":"","overlay-color":"","overlay-opacity":"","overlay-gradient":""}}},"product_brand":[],"product_cat":[108],"product_tag":[],"class_list":{"0":"post-5209","1":"product","2":"type-product","3":"status-publish","4":"has-post-thumbnail","6":"product_cat-vino-blanco","7":"desktop-align-center","8":"tablet-align-center","9":"mobile-align-center","10":"ast-product-gallery-layout-horizontal","11":"ast-product-gallery-with-no-image","12":"ast-product-tabs-layout-distributed","14":"first","15":"instock","16":"taxable","17":"shipping-taxable","18":"purchasable","19":"product-type-simple"},"_links":{"self":[{"href":"https:\/\/castelldelremei.com\/es\/wp-json\/wp\/v2\/product\/5209","targetHints":{"allow":["GET"]}}],"collection":[{"href":"https:\/\/castelldelremei.com\/es\/wp-json\/wp\/v2\/product"}],"about":[{"href":"https:\/\/castelldelremei.com\/es\/wp-json\/wp\/v2\/types\/product"}],"replies":[{"embeddable":true,"href":"https:\/\/castelldelremei.com\/es\/wp-json\/wp\/v2\/comments?post=5209"}],"wp:featuredmedia":[{"embeddable":true,"href":"https:\/\/castelldelremei.com\/es\/wp-json\/wp\/v2\/media\/11959"}],"wp:attachment":[{"href":"https:\/\/castelldelremei.com\/es\/wp-json\/wp\/v2\/media?parent=5209"}],"wp:term":[{"taxonomy":"product_brand","embeddable":true,"href":"https:\/\/castelldelremei.com\/es\/wp-json\/wp\/v2\/product_brand?post=5209"},{"taxonomy":"product_cat","embeddable":true,"href":"https:\/\/castelldelremei.com\/es\/wp-json\/wp\/v2\/product_cat?post=5209"},{"taxonomy":"product_tag","embeddable":true,"href":"https:\/\/castelldelremei.com\/es\/wp-json\/wp\/v2\/product_tag?post=5209"}],"curies":[{"name":"wp","href":"https:\/\/api.w.org\/{rel}","templated":true}]}}