{"id":5384,"date":"2020-05-15T08:22:30","date_gmt":"2020-05-15T06:22:30","guid":{"rendered":"https:\/\/castelldelremei.com\/producte\/cava-la-cuvee-0-75cl\/"},"modified":"2025-09-19T13:35:47","modified_gmt":"2025-09-19T11:35:47","slug":"cava-la-cuvee-0-75cl","status":"publish","type":"product","link":"https:\/\/castelldelremei.com\/es\/producte\/cava-la-cuvee-0-75cl\/","title":{"rendered":"CAVA LA CUV\u00c9E 75 cl"},"content":{"rendered":"<p><strong>La Cuv\u00e9e es una cuidada selecci\u00f3n de vinos, a la que no se le a\u00f1ade az\u00facar para conseguir un Brut Nature, y que recibe una larga crianza para obtener la fina burbuja de un Reserva.<\/strong><\/p>\n<p>La Cuv\u00e9e Reserva de Castell del Remei es un cava fino y elegante, ideal para acompa\u00f1ar momentos especiales.<\/p>\n<p><strong>Tipo de vino:<\/strong> Cava Brut Nature Reserva<\/p>\n<p><strong>Variedades:<\/strong> Xarel\u00b7lo 40%, Macabeo 30% y Parellada 30%<\/p>\n<p><strong>Procedencia de la uva:<\/strong> Seleccionada de vi\u00f1edos amparados por la DO Cava.<\/p>\n<p><strong>Crianza:<\/strong> Reserva. M\u00ednimo 15 meses a temperatura constante de 18 \u00b0C.<\/p>\n<p><strong>Producci\u00f3n:<\/strong> 25.000 botellas de 75 cl.<\/p>\n<p><strong>An\u00e1lisis:<\/strong> Alcohol: 11,5%.<\/p>\n<p><strong>Presentaci\u00f3n:<\/strong><\/p>\n<p>Botella: Cava est\u00e1ndar 75 cl.<\/p>\n<p>Cierre: Corcho con bozal.<\/p>\n<p>Caja: De cart\u00f3n de 6 botellas.<\/p>\n<p><strong>Nota de cata:<\/strong> Color amarillo muy p\u00e1lido con reflejos verdes, con un fino rosario de peque\u00f1as y persistentes burbujas que forman una marcada corona, correspondiente a su elaboraci\u00f3n artesanal y pausada. Aroma intenso, elegante y limpio, con recuerdos afrutados de manzana verde y c\u00edtricos, y un fondo muy agradable de miga de pan, frutas secas y l\u00e1cteos debido a la segunda fermentaci\u00f3n en botella. En boca, presenta un gran equilibrio entre el grado alcoh\u00f3lico y la acidez, adem\u00e1s del componente graso de las l\u00edas de la crianza que le aportan amplitud y agradable persistencia.<\/p>\n<p><a href=\"https:\/\/castelldelremei.com\/wp-content\/uploads\/2024\/07\/Castell-del-Remei-Cava-La-Cuvee-ESP.pdf\"><strong>Descarga aqu\u00ed la ficha t\u00e9cnica<\/strong><\/a><\/p>\n","protected":false},"excerpt":{"rendered":"<p>La Cuv\u00e9e Reserva de Castell del Remei es un cava Brut Nature con una larga crianza que le confiere una burbuja fina y una elegancia especial. Con una combinaci\u00f3n de Xarel\u00b7lo, Macabeo y Parellada, ofrece un aroma intenso y un sabor equilibrado, ideal para momentos especiales.<\/p>\n<p>Env\u00edo en 72 horas.<\/p>\n<p>Los gastos de env\u00edo son gratuitos a partir de 60\u20ac.<\/p>\n","protected":false},"featured_media":11913,"comment_status":"open","ping_status":"closed","template":"","meta":{"om_disable_all_campaigns":false,"_monsterinsights_skip_tracking":false,"_monsterinsights_sitenote_active":false,"_monsterinsights_sitenote_note":"","_monsterinsights_sitenote_category":0,"site-sidebar-layout":"default","site-content-layout":"default","ast-site-content-layout":"default","site-content-style":"default","site-sidebar-style":"default","ast-global-header-display":"","ast-banner-title-visibility":"","ast-main-header-display":"","ast-hfb-above-header-display":"","ast-hfb-below-header-display":"","ast-hfb-mobile-header-display":"","site-post-title":"","ast-breadcrumbs-content":"","ast-featured-img":"","footer-sml-layout":"","ast-disable-related-posts":"","theme-transparent-header-meta":"default","adv-header-id-meta":"","stick-header-meta":"default","header-above-stick-meta":"","header-main-stick-meta":"","header-below-stick-meta":"","astra-migrate-meta-layouts":"set","ast-page-background-enabled":"default","ast-page-background-meta":{"desktop":{"background-color":"","background-image":"","background-repeat":"repeat","background-position":"center center","background-size":"auto","background-attachment":"scroll","background-type":"","background-media":"","overlay-type":"","overlay-color":"","overlay-opacity":"","overlay-gradient":""},"tablet":{"background-color":"","background-image":"","background-repeat":"repeat","background-position":"center center","background-size":"auto","background-attachment":"scroll","background-type":"","background-media":"","overlay-type":"","overlay-color":"","overlay-opacity":"","overlay-gradient":""},"mobile":{"background-color":"","background-image":"","background-repeat":"repeat","background-position":"center center","background-size":"auto","background-attachment":"scroll","background-type":"","background-media":"","overlay-type":"","overlay-color":"","overlay-opacity":"","overlay-gradient":""}},"ast-content-background-meta":{"desktop":{"background-color":"var(--ast-global-color-5)","background-image":"","background-repeat":"repeat","background-position":"center center","background-size":"auto","background-attachment":"scroll","background-type":"","background-media":"","overlay-type":"","overlay-color":"","overlay-opacity":"","overlay-gradient":""},"tablet":{"background-color":"var(--ast-global-color-5)","background-image":"","background-repeat":"repeat","background-position":"center center","background-size":"auto","background-attachment":"scroll","background-type":"","background-media":"","overlay-type":"","overlay-color":"","overlay-opacity":"","overlay-gradient":""},"mobile":{"background-color":"var(--ast-global-color-5)","background-image":"","background-repeat":"repeat","background-position":"center center","background-size":"auto","background-attachment":"scroll","background-type":"","background-media":"","overlay-type":"","overlay-color":"","overlay-opacity":"","overlay-gradient":""}}},"product_brand":[],"product_cat":[107],"product_tag":[],"class_list":{"0":"post-5384","1":"product","2":"type-product","3":"status-publish","4":"has-post-thumbnail","6":"product_cat-cava-es","7":"desktop-align-center","8":"tablet-align-center","9":"mobile-align-center","10":"ast-product-gallery-layout-horizontal","11":"ast-product-gallery-with-no-image","12":"ast-product-tabs-layout-distributed","14":"first","15":"instock","16":"taxable","17":"shipping-taxable","18":"purchasable","19":"product-type-simple"},"_links":{"self":[{"href":"https:\/\/castelldelremei.com\/es\/wp-json\/wp\/v2\/product\/5384","targetHints":{"allow":["GET"]}}],"collection":[{"href":"https:\/\/castelldelremei.com\/es\/wp-json\/wp\/v2\/product"}],"about":[{"href":"https:\/\/castelldelremei.com\/es\/wp-json\/wp\/v2\/types\/product"}],"replies":[{"embeddable":true,"href":"https:\/\/castelldelremei.com\/es\/wp-json\/wp\/v2\/comments?post=5384"}],"wp:featuredmedia":[{"embeddable":true,"href":"https:\/\/castelldelremei.com\/es\/wp-json\/wp\/v2\/media\/11913"}],"wp:attachment":[{"href":"https:\/\/castelldelremei.com\/es\/wp-json\/wp\/v2\/media?parent=5384"}],"wp:term":[{"taxonomy":"product_brand","embeddable":true,"href":"https:\/\/castelldelremei.com\/es\/wp-json\/wp\/v2\/product_brand?post=5384"},{"taxonomy":"product_cat","embeddable":true,"href":"https:\/\/castelldelremei.com\/es\/wp-json\/wp\/v2\/product_cat?post=5384"},{"taxonomy":"product_tag","embeddable":true,"href":"https:\/\/castelldelremei.com\/es\/wp-json\/wp\/v2\/product_tag?post=5384"}],"curies":[{"name":"wp","href":"https:\/\/api.w.org\/{rel}","templated":true}]}}