{"id":5389,"date":"2020-05-15T08:34:40","date_gmt":"2020-05-15T06:34:40","guid":{"rendered":"https:\/\/castelldelremei.com\/producte\/vermut-clasico-castell-del-remei\/"},"modified":"2025-09-19T13:35:43","modified_gmt":"2025-09-19T11:35:43","slug":"vermut-clasico-castell-del-remei","status":"publish","type":"product","link":"https:\/\/castelldelremei.com\/es\/producte\/vermut-clasico-castell-del-remei\/","title":{"rendered":"VERMUT CL\u00c1SICO CASTELL DEL REMEI 75 cl"},"content":{"rendered":"<p>Castell del Remei recupera la tradici\u00f3n de elaborar vinos cl\u00e1sicos aromatizados con este vermut, a partir de una receta hist\u00f3rica.<\/p>\n<p>Elaboraci\u00f3n: El vino base se elabora a partir de Macabeo con un grado alcoh\u00f3lico bajo, alrededor del 11% Vol. de alcohol. El most se fermenta en dep\u00f3sitos de acero inoxidable bajo control de temperatura. Posteriormente, sigue un mes de maceraci\u00f3n de hierbas y plantas arom\u00e1ticas b\u00e1sicas en una soluci\u00f3n mixta de vino blanco y alcohol. Una vez que la soluci\u00f3n de hierbas y plantas est\u00e1 lista, se a\u00f1ade al vino base. La soluci\u00f3n resultante contendr\u00e1 todos los aromas y sabores de las diferentes hierbas utilizadas.<\/p>\n<p>Nota de cata: La selecci\u00f3n de vinos y bot\u00e1nicos evoca hierba santa, genciana, hierba gitana, cardo bendito y especias como la nuez moscada y el azafr\u00e1n, con un final c\u00edtrico de piel de naranja. Ofrece un aroma de especias y frutas, y un sabor dulce-amargo de color marr\u00f3n \u00e1mbar.<\/p>\n<p>Consumo: Servir muy fr\u00edo, con hielo, soda, una rodaja de naranja, una aceituna o lo que prefieras.<\/p>\n<p>Presentaci\u00f3n: Botella de 75 cl.<\/p>\n<p>Almacenamiento y conservaci\u00f3n: Conservar en un lugar fresco, seco, protegido de la luz y en envase cerrado.<\/p>\n<p>An\u00e1lisis:<\/p>\n<p>&#8211; Alcohol: 14,66% vol.<br \/>\n&#8211; Acidez Vol\u00e1til expresada como \u00e1cido ac\u00e9tico: 0,16 g\/L<br \/>\n&#8211; Acidez Total, expresada como \u00e1cido tart\u00e1rico: 5,1 g\/L<br \/>\n&#8211; Densidad Relativa a 20\u00b0C: 1,0367<br \/>\n&#8211; Az\u00facares Totales (G+F+S), expresado como sacarosa: 113,7 g\/L<br \/>\n&#8211; Di\u00f3xido de azufre total: 132 mg\/L<br \/>\n&#8211; Materia Seca Total: 143,3 g\/L<br \/>\n&#8211; Extracto libre de az\u00facar: 29,6 g\/L<\/p>\n<p>No contiene ni se ha producido a partir de materia prima originada de organismos gen\u00e9ticamente modificados.<\/p>\n<p>&nbsp;<\/p>\n<p><a href=\"https:\/\/castelldelremei.com\/wp-content\/uploads\/2024\/07\/Castell-del-Remei-Vermut-ESP.pdf\"><strong>Descarga aqu\u00ed la ficha t\u00e9cnica<\/strong><\/a><\/p>\n","protected":false},"excerpt":{"rendered":"<p>El vino base, hecho con Macabeo y con un alcohol alrededor del 11% vol., se fermenta en acero inoxidable y se macera con hierbas y plantas arom\u00e1ticas durante un mes. La soluci\u00f3n resultante, con la infusi\u00f3n de hierbas, se mezcla con el vino base para lograr un perfil arom\u00e1tico complejo.<\/p>\n<p>Env\u00edo antes de 72h.<\/p>\n<p>Los gastos de env\u00edo son gratuitos a partir de 60\u20ac.<\/p>\n","protected":false},"featured_media":11756,"comment_status":"open","ping_status":"closed","template":"","meta":{"om_disable_all_campaigns":false,"_monsterinsights_skip_tracking":false,"_monsterinsights_sitenote_active":false,"_monsterinsights_sitenote_note":"","_monsterinsights_sitenote_category":0,"site-sidebar-layout":"default","site-content-layout":"default","ast-site-content-layout":"default","site-content-style":"default","site-sidebar-style":"default","ast-global-header-display":"","ast-banner-title-visibility":"","ast-main-header-display":"","ast-hfb-above-header-display":"","ast-hfb-below-header-display":"","ast-hfb-mobile-header-display":"","site-post-title":"","ast-breadcrumbs-content":"","ast-featured-img":"","footer-sml-layout":"","ast-disable-related-posts":"","theme-transparent-header-meta":"default","adv-header-id-meta":"","stick-header-meta":"default","header-above-stick-meta":"","header-main-stick-meta":"","header-below-stick-meta":"","astra-migrate-meta-layouts":"set","ast-page-background-enabled":"default","ast-page-background-meta":{"desktop":{"background-color":"","background-image":"","background-repeat":"repeat","background-position":"center center","background-size":"auto","background-attachment":"scroll","background-type":"","background-media":"","overlay-type":"","overlay-color":"","overlay-opacity":"","overlay-gradient":""},"tablet":{"background-color":"","background-image":"","background-repeat":"repeat","background-position":"center center","background-size":"auto","background-attachment":"scroll","background-type":"","background-media":"","overlay-type":"","overlay-color":"","overlay-opacity":"","overlay-gradient":""},"mobile":{"background-color":"","background-image":"","background-repeat":"repeat","background-position":"center center","background-size":"auto","background-attachment":"scroll","background-type":"","background-media":"","overlay-type":"","overlay-color":"","overlay-opacity":"","overlay-gradient":""}},"ast-content-background-meta":{"desktop":{"background-color":"var(--ast-global-color-5)","background-image":"","background-repeat":"repeat","background-position":"center center","background-size":"auto","background-attachment":"scroll","background-type":"","background-media":"","overlay-type":"","overlay-color":"","overlay-opacity":"","overlay-gradient":""},"tablet":{"background-color":"var(--ast-global-color-5)","background-image":"","background-repeat":"repeat","background-position":"center center","background-size":"auto","background-attachment":"scroll","background-type":"","background-media":"","overlay-type":"","overlay-color":"","overlay-opacity":"","overlay-gradient":""},"mobile":{"background-color":"var(--ast-global-color-5)","background-image":"","background-repeat":"repeat","background-position":"center center","background-size":"auto","background-attachment":"scroll","background-type":"","background-media":"","overlay-type":"","overlay-color":"","overlay-opacity":"","overlay-gradient":""}}},"product_brand":[],"product_cat":[111],"product_tag":[],"class_list":{"0":"post-5389","1":"product","2":"type-product","3":"status-publish","4":"has-post-thumbnail","6":"product_cat-vermut-es","7":"desktop-align-center","8":"tablet-align-center","9":"mobile-align-center","10":"ast-product-gallery-layout-horizontal","11":"ast-product-gallery-with-no-image","12":"ast-product-tabs-layout-distributed","14":"first","15":"instock","16":"taxable","17":"shipping-taxable","18":"purchasable","19":"product-type-simple"},"_links":{"self":[{"href":"https:\/\/castelldelremei.com\/es\/wp-json\/wp\/v2\/product\/5389","targetHints":{"allow":["GET"]}}],"collection":[{"href":"https:\/\/castelldelremei.com\/es\/wp-json\/wp\/v2\/product"}],"about":[{"href":"https:\/\/castelldelremei.com\/es\/wp-json\/wp\/v2\/types\/product"}],"replies":[{"embeddable":true,"href":"https:\/\/castelldelremei.com\/es\/wp-json\/wp\/v2\/comments?post=5389"}],"wp:featuredmedia":[{"embeddable":true,"href":"https:\/\/castelldelremei.com\/es\/wp-json\/wp\/v2\/media\/11756"}],"wp:attachment":[{"href":"https:\/\/castelldelremei.com\/es\/wp-json\/wp\/v2\/media?parent=5389"}],"wp:term":[{"taxonomy":"product_brand","embeddable":true,"href":"https:\/\/castelldelremei.com\/es\/wp-json\/wp\/v2\/product_brand?post=5389"},{"taxonomy":"product_cat","embeddable":true,"href":"https:\/\/castelldelremei.com\/es\/wp-json\/wp\/v2\/product_cat?post=5389"},{"taxonomy":"product_tag","embeddable":true,"href":"https:\/\/castelldelremei.com\/es\/wp-json\/wp\/v2\/product_tag?post=5389"}],"curies":[{"name":"wp","href":"https:\/\/api.w.org\/{rel}","templated":true}]}}