{"id":5394,"date":"2020-05-15T08:45:57","date_gmt":"2020-05-15T06:45:57","guid":{"rendered":"https:\/\/castelldelremei.com\/producte\/vinagre-yema-puro-vino-0-375cl\/"},"modified":"2025-09-19T13:35:34","modified_gmt":"2025-09-19T11:35:34","slug":"vinagre-yema-puro-vino-0-375cl","status":"publish","type":"product","link":"https:\/\/castelldelremei.com\/es\/producte\/vinagre-yema-puro-vino-0-375cl\/","title":{"rendered":"VINAGRE YEMA PURO VINO 37,5 cl"},"content":{"rendered":"<p>Vinagre muy viejo elaborado de forma natural con vino de &#8220;yema&#8221; de primera calidad, procedente de mosto flor, y envejecido en barricas de roble durante muchos a\u00f1os. De color cereza madura, desprende un aroma intenso y ligeramente afrutado con una acidez agradable al paladar.<\/p>\n<p><strong>Ingredientes: <\/strong>Vinagre de vino.<\/p>\n<p><strong>Caracter\u00edsticas f\u00edsico-qu\u00edmicas: <\/strong><\/p>\n<p>Acidez total: 65 g\/L\u2028Alcohol residual: 1,5%\u2028Extracto seco: &gt; 1,20 g\/Lo ac\u00e8tic Metanol: &lt; 0,5 g\/L\u2028Aceto\u00edna: &gt; 30 mg\/L\u2028Anh\u00eddrido sulfuroso y sulfitos: &lt;170 mg\/L<\/p>\n<p><strong>Sedimentos: <\/strong>Producto natural que puede producir sedimentos en el transcurso del tiempo.<\/p>\n<p><strong>Informaci\u00f3 nutricional per 100ml de producte: <\/strong><\/p>\n<p>Valor enreg\u00e9tico(kJ\/ kcal): 36\/9<\/p>\n<p>Grasas (g): 0<\/p>\n<p>de las cuales saturadas (g):0<\/p>\n<p>Hidratos de carbono (g): 0,1<\/p>\n<p>de los cuales azucares (g): 0,1<\/p>\n<p>Proteinas (g): 0<\/p>\n<p>Sal (g): 0<\/p>\n<p><strong>Caracter\u00edsticas del envase: <\/strong>El producto se envasa en una botella de vidrio, apto para uso alimenticio, de 375 ml. de capacidad, herm\u00e9ticamente cerrado con dosificador incorporado en el tap\u00f3n.<\/p>\n<p><strong>Transporte y distribuci\u00f3n: <\/strong>No requiere de ning\u00fan transporte especial.<\/p>\n<p><strong>Fecha de duraci\u00f3n m\u00ednima: <\/strong>5 a\u00f1os.<\/p>\n<p><strong>Condiciones de coservaci\u00f3n: <\/strong>Mantener en un lugar fresco y seco.<\/p>\n<p><strong>Alerg\u00e9nicos: <\/strong>Contiene sulfitos.<\/p>\n<p><strong>Organismos modificados gen\u00e9ticamnete<\/strong>: El producto no contiene ni est\u00e1 compuesto or ningun OMG.<\/p>\n","protected":false},"excerpt":{"rendered":"<p>Vinagre muy viejo elaborado de forma natural con vino de &#8220;yema&#8221; de primera calidad, procedente de mosto flor, y envejecido en barricas de roble durante muchos a\u00f1os. De color cereza madura, desprende un aroma intenso y ligeramente afrutado con una acidez agradable al paladar.<\/p>\n<p>Env\u00edo antes de 72h.<\/p>\n<p>Los gastos de env\u00edo son gratuitos a partir de 60\u20ac.<\/p>\n","protected":false},"featured_media":5393,"comment_status":"open","ping_status":"closed","template":"","meta":{"om_disable_all_campaigns":false,"_monsterinsights_skip_tracking":false,"_monsterinsights_sitenote_active":false,"_monsterinsights_sitenote_note":"","_monsterinsights_sitenote_category":0,"site-sidebar-layout":"default","site-content-layout":"default","ast-site-content-layout":"default","site-content-style":"default","site-sidebar-style":"default","ast-global-header-display":"","ast-banner-title-visibility":"","ast-main-header-display":"","ast-hfb-above-header-display":"","ast-hfb-below-header-display":"","ast-hfb-mobile-header-display":"","site-post-title":"","ast-breadcrumbs-content":"","ast-featured-img":"","footer-sml-layout":"","ast-disable-related-posts":"","theme-transparent-header-meta":"default","adv-header-id-meta":"","stick-header-meta":"default","header-above-stick-meta":"","header-main-stick-meta":"","header-below-stick-meta":"","astra-migrate-meta-layouts":"set","ast-page-background-enabled":"default","ast-page-background-meta":{"desktop":{"background-color":"","background-image":"","background-repeat":"repeat","background-position":"center center","background-size":"auto","background-attachment":"scroll","background-type":"","background-media":"","overlay-type":"","overlay-color":"","overlay-opacity":"","overlay-gradient":""},"tablet":{"background-color":"","background-image":"","background-repeat":"repeat","background-position":"center center","background-size":"auto","background-attachment":"scroll","background-type":"","background-media":"","overlay-type":"","overlay-color":"","overlay-opacity":"","overlay-gradient":""},"mobile":{"background-color":"","background-image":"","background-repeat":"repeat","background-position":"center center","background-size":"auto","background-attachment":"scroll","background-type":"","background-media":"","overlay-type":"","overlay-color":"","overlay-opacity":"","overlay-gradient":""}},"ast-content-background-meta":{"desktop":{"background-color":"var(--ast-global-color-5)","background-image":"","background-repeat":"repeat","background-position":"center center","background-size":"auto","background-attachment":"scroll","background-type":"","background-media":"","overlay-type":"","overlay-color":"","overlay-opacity":"","overlay-gradient":""},"tablet":{"background-color":"var(--ast-global-color-5)","background-image":"","background-repeat":"repeat","background-position":"center center","background-size":"auto","background-attachment":"scroll","background-type":"","background-media":"","overlay-type":"","overlay-color":"","overlay-opacity":"","overlay-gradient":""},"mobile":{"background-color":"var(--ast-global-color-5)","background-image":"","background-repeat":"repeat","background-position":"center center","background-size":"auto","background-attachment":"scroll","background-type":"","background-media":"","overlay-type":"","overlay-color":"","overlay-opacity":"","overlay-gradient":""}}},"product_brand":[],"product_cat":[68],"product_tag":[],"class_list":{"0":"post-5394","1":"product","2":"type-product","3":"status-publish","4":"has-post-thumbnail","6":"product_cat-vinagre-es","7":"desktop-align-center","8":"tablet-align-center","9":"mobile-align-center","10":"ast-product-gallery-layout-horizontal","11":"ast-product-gallery-with-no-image","12":"ast-product-tabs-layout-distributed","14":"first","15":"outofstock","16":"taxable","17":"shipping-taxable","18":"purchasable","19":"product-type-simple"},"_links":{"self":[{"href":"https:\/\/castelldelremei.com\/es\/wp-json\/wp\/v2\/product\/5394","targetHints":{"allow":["GET"]}}],"collection":[{"href":"https:\/\/castelldelremei.com\/es\/wp-json\/wp\/v2\/product"}],"about":[{"href":"https:\/\/castelldelremei.com\/es\/wp-json\/wp\/v2\/types\/product"}],"replies":[{"embeddable":true,"href":"https:\/\/castelldelremei.com\/es\/wp-json\/wp\/v2\/comments?post=5394"}],"wp:featuredmedia":[{"embeddable":true,"href":"https:\/\/castelldelremei.com\/es\/wp-json\/wp\/v2\/media\/5393"}],"wp:attachment":[{"href":"https:\/\/castelldelremei.com\/es\/wp-json\/wp\/v2\/media?parent=5394"}],"wp:term":[{"taxonomy":"product_brand","embeddable":true,"href":"https:\/\/castelldelremei.com\/es\/wp-json\/wp\/v2\/product_brand?post=5394"},{"taxonomy":"product_cat","embeddable":true,"href":"https:\/\/castelldelremei.com\/es\/wp-json\/wp\/v2\/product_cat?post=5394"},{"taxonomy":"product_tag","embeddable":true,"href":"https:\/\/castelldelremei.com\/es\/wp-json\/wp\/v2\/product_tag?post=5394"}],"curies":[{"name":"wp","href":"https:\/\/api.w.org\/{rel}","templated":true}]}}