{"id":5407,"date":"2020-05-26T08:54:35","date_gmt":"2020-05-26T06:54:35","guid":{"rendered":"https:\/\/castelldelremei.com\/?post_type=product&#038;p=5407"},"modified":"2025-09-19T13:35:01","modified_gmt":"2025-09-19T11:35:01","slug":"gotim-bru-2017-0-75cl-copia","status":"publish","type":"product","link":"https:\/\/castelldelremei.com\/es\/producte\/gotim-bru-2017-0-75cl-copia\/","title":{"rendered":"GOTIM BRU 2021 150cl (MAGNUM)"},"content":{"rendered":"<div class=\"column\">\n<p><strong>Equilibrado y elegante<\/strong><\/p>\n<p>El equilibrio define el Gotim Bru. Insignia de la bodega, este cla\u0301sico vanguardista es tan joven e informal como distinguido y con rai\u0301ces. Es un vino expresivo y elegante que destila historia y que recuerda la frescura del clima continental que lo acoge. La experiencia de muchos an\u0303os lo ha convertido en ma\u0301ximo exponente de la D.O.<\/p>\n<p><strong>Tipo de vino:<\/strong> Fino y de cosecha con crianza en roble, equilibrado y elegante.<\/p>\n<\/div>\n<div class=\"page\" title=\"Page 1\">\n<div class=\"layoutArea\">\n<div class=\"column\">\n<p><strong>Variedades:<\/strong> Garnacha, Tempranillo, Syrah y Cabernet Sauvignon.<\/p>\n<p><strong>Procedencia de la uva:<\/strong> Vi\u00f1edos de las comarcas leridanas de La Noguera, L\u2019Urgell, La Segarra y de las monta\u00f1as de Les Garrigues.<\/p>\n<p><strong>Tipo de suelo:<\/strong> Con arcilla y limos con intercalaciones de areniscas conglomeradas, calizas y diversas cantidades de gravas.<\/p>\n<p><strong>Altitud de los vi\u00f1edos:<\/strong> Entre 250 y 700 metros de altitud.<\/p>\n<p><strong>Agricultura:<\/strong> Sostenible (Adherida al Programa de Sostenibilidad de la DO Costers del Segre).<\/p>\n<p><strong>Elaboraci\u00f3n:<\/strong> Sin sulfurosos durante la vinificaci\u00f3n hasta la malol\u00e1ctica. Maceraciones cortas de poca extracci\u00f3n. Fermentaci\u00f3n entre 22 y 26\u202f\u00b0C. Remontados peri\u00f3dicos.<\/p>\n<div class=\"page\" title=\"Page 1\">\n<div class=\"layoutArea\">\n<div class=\"column\">\n<p><strong>Crianza:<\/strong> 8 meses en barrica de roble americano y france\u0301s de 225 litros.<\/p>\n<div class=\"flex flex-grow flex-col max-w-full\">\n<div class=\"min-h-[20px] text-message flex w-full flex-col items-end gap-2 whitespace-pre-wrap break-words [.text-message+&amp;]:mt-5 overflow-x-auto\" dir=\"auto\" data-message-author-role=\"assistant\" data-message-id=\"db81b906-2d62-450b-9bb8-5532854dedec\">\n<div class=\"flex w-full flex-col gap-1 empty:hidden first:pt-[3px]\">\n<div class=\"markdown prose w-full break-words dark:prose-invert light\">\n<p><strong>An\u00e1lisis:<\/strong> Alcohol: 14% vol.; Acidez total: 5.4 g\/L; pH: 3,53.<\/p>\n<\/div>\n<\/div>\n<\/div>\n<\/div>\n<\/div>\n<\/div>\n<\/div>\n<div class=\"page\" title=\"Page 1\">\n<div class=\"layoutArea\">\n<div class=\"column\">\n<p><strong>Denominacio\u0301n de origen:<\/strong> Costers del Segre.<\/p>\n<div class=\"page\" title=\"Page 1\">\n<div class=\"layoutArea\">\n<div class=\"column\">\n<div class=\"page\" title=\"Page 1\">\n<div class=\"layoutArea\">\n<div class=\"column\">\n<p><strong>Nota de cata:\u00a0<\/strong>Color picota de intensidad media y ribetes granates. La la\u0301grima es densa. En copa parada, gran potencia aroma\u0301tica y complejidad; notas de confitura de frutas rojas, junto con recuerdos la\u0301cticos, tostados y especias dulces. Al airear, aparecen aromas minerales con recuerdos de pasteleri\u0301a, fruta en compota y toques de hierbas aroma\u0301ticas, como el tomillo. La entrada en boca es dulce y voluptuosa. Los taninos son suaves y llenan el paladar. La acidez esta\u0301 presente durante el recorrido y le aporta frescura. Persistencia muy larga y equilibrada. Por vi\u0301a retronasal, recuerdos de frutos secos y de barquillos.<\/p>\n<p><strong>Premios y reconocimientos<\/strong><\/p>\n<ul>\n<li>Gotim Bru 2012: <strong>Gu\u00eda Pe\u00f1\u00edn 2016<\/strong>, 91 puntos.<\/li>\n<li>Gotim Bru 2013: <strong>Gu\u00eda de Oro<\/strong>, menci\u00f3n.<\/li>\n<li>Gotim Bru 2013: <strong>Gilbert &amp; Gaillard<\/strong>, medalla de plata.<\/li>\n<li>Gotim Bru 2013: <strong>Gu\u00eda Pe\u00f1\u00edn 2017<\/strong>, 91 puntos.<\/li>\n<li>Gotim Bru 2014: <strong>Gu\u00eda Pe\u00f1\u00edn 2017<\/strong>, 90 puntos.<\/li>\n<li>Gotim Bru 2015: <strong>Vinous Media<\/strong>, 90 puntos.<\/li>\n<li>Gotim Bru 2016: <strong>Vinous Media<\/strong>, 90 puntos.<\/li>\n<li>Gotim Bru 2017: <strong>Vinous Media 2019<\/strong>, 90 puntos.<\/li>\n<li>Gotim Bru 2018: <strong>Dr. Owen Bargreen 2021<\/strong>, 90 puntos.<\/li>\n<li>Gotim Bru 2020: <strong>Hudin 2023<\/strong>, 91 puntos.<\/li>\n<li>Gotim Bru 2020: <strong>Tasting Panel Magazine<\/strong>, 93 puntos.<\/li>\n<\/ul>\n<p>&nbsp;<\/p>\n<p><a href=\"https:\/\/castelldelremei.com\/wp-content\/uploads\/2024\/07\/Castell-del-Remei-Gotim-Bru-ESP.pdf\"><strong>Descarga aqu\u00ed la ficha t\u00e9cnica.<\/strong><\/a><\/p>\n<\/div>\n<\/div>\n<\/div>\n<\/div>\n<\/div>\n<\/div>\n<\/div>\n<\/div>\n<\/div>\n<\/div>\n<\/div>\n<\/div>\n","protected":false},"excerpt":{"rendered":"<p>El Gotim Bru es un vino equilibrado y elegante, insignia de la bodega. Con 8 meses de crianza en roble, destaca por su expresividad y complejidad arom\u00e1tica, con notas de frutas rojas, especias dulces y hierbas arom\u00e1ticas. Ha recibido altas puntuaciones de diversos cr\u00edticos de vino.<\/p>\n<p>Env\u00edo antes de 72 horas.<\/p>\n<p>Los gastos de env\u00edo son gratuitos a partir de 60\u20ac.<\/p>\n","protected":false},"featured_media":11955,"comment_status":"open","ping_status":"closed","template":"","meta":{"om_disable_all_campaigns":false,"_monsterinsights_skip_tracking":false,"_monsterinsights_sitenote_active":false,"_monsterinsights_sitenote_note":"","_monsterinsights_sitenote_category":0,"site-sidebar-layout":"default","site-content-layout":"default","ast-site-content-layout":"default","site-content-style":"default","site-sidebar-style":"default","ast-global-header-display":"","ast-banner-title-visibility":"","ast-main-header-display":"","ast-hfb-above-header-display":"","ast-hfb-below-header-display":"","ast-hfb-mobile-header-display":"","site-post-title":"","ast-breadcrumbs-content":"","ast-featured-img":"","footer-sml-layout":"","ast-disable-related-posts":"","theme-transparent-header-meta":"default","adv-header-id-meta":"","stick-header-meta":"default","header-above-stick-meta":"","header-main-stick-meta":"","header-below-stick-meta":"","astra-migrate-meta-layouts":"set","ast-page-background-enabled":"default","ast-page-background-meta":{"desktop":{"background-color":"","background-image":"","background-repeat":"repeat","background-position":"center center","background-size":"auto","background-attachment":"scroll","background-type":"","background-media":"","overlay-type":"","overlay-color":"","overlay-opacity":"","overlay-gradient":""},"tablet":{"background-color":"","background-image":"","background-repeat":"repeat","background-position":"center center","background-size":"auto","background-attachment":"scroll","background-type":"","background-media":"","overlay-type":"","overlay-color":"","overlay-opacity":"","overlay-gradient":""},"mobile":{"background-color":"","background-image":"","background-repeat":"repeat","background-position":"center center","background-size":"auto","background-attachment":"scroll","background-type":"","background-media":"","overlay-type":"","overlay-color":"","overlay-opacity":"","overlay-gradient":""}},"ast-content-background-meta":{"desktop":{"background-color":"var(--ast-global-color-5)","background-image":"","background-repeat":"repeat","background-position":"center center","background-size":"auto","background-attachment":"scroll","background-type":"","background-media":"","overlay-type":"","overlay-color":"","overlay-opacity":"","overlay-gradient":""},"tablet":{"background-color":"var(--ast-global-color-5)","background-image":"","background-repeat":"repeat","background-position":"center center","background-size":"auto","background-attachment":"scroll","background-type":"","background-media":"","overlay-type":"","overlay-color":"","overlay-opacity":"","overlay-gradient":""},"mobile":{"background-color":"var(--ast-global-color-5)","background-image":"","background-repeat":"repeat","background-position":"center center","background-size":"auto","background-attachment":"scroll","background-type":"","background-media":"","overlay-type":"","overlay-color":"","overlay-opacity":"","overlay-gradient":""}}},"product_brand":[],"product_cat":[51],"product_tag":[],"class_list":{"0":"post-5407","1":"product","2":"type-product","3":"status-publish","4":"has-post-thumbnail","6":"product_cat-vino-tinto","7":"desktop-align-center","8":"tablet-align-center","9":"mobile-align-center","10":"ast-product-gallery-layout-horizontal","11":"ast-product-gallery-with-no-image","12":"ast-product-tabs-layout-distributed","14":"first","15":"instock","16":"taxable","17":"shipping-taxable","18":"purchasable","19":"product-type-simple"},"_links":{"self":[{"href":"https:\/\/castelldelremei.com\/es\/wp-json\/wp\/v2\/product\/5407","targetHints":{"allow":["GET"]}}],"collection":[{"href":"https:\/\/castelldelremei.com\/es\/wp-json\/wp\/v2\/product"}],"about":[{"href":"https:\/\/castelldelremei.com\/es\/wp-json\/wp\/v2\/types\/product"}],"replies":[{"embeddable":true,"href":"https:\/\/castelldelremei.com\/es\/wp-json\/wp\/v2\/comments?post=5407"}],"wp:featuredmedia":[{"embeddable":true,"href":"https:\/\/castelldelremei.com\/es\/wp-json\/wp\/v2\/media\/11955"}],"wp:attachment":[{"href":"https:\/\/castelldelremei.com\/es\/wp-json\/wp\/v2\/media?parent=5407"}],"wp:term":[{"taxonomy":"product_brand","embeddable":true,"href":"https:\/\/castelldelremei.com\/es\/wp-json\/wp\/v2\/product_brand?post=5407"},{"taxonomy":"product_cat","embeddable":true,"href":"https:\/\/castelldelremei.com\/es\/wp-json\/wp\/v2\/product_cat?post=5407"},{"taxonomy":"product_tag","embeddable":true,"href":"https:\/\/castelldelremei.com\/es\/wp-json\/wp\/v2\/product_tag?post=5407"}],"curies":[{"name":"wp","href":"https:\/\/api.w.org\/{rel}","templated":true}]}}