{"id":5422,"date":"2020-05-26T09:21:26","date_gmt":"2020-05-26T07:21:26","guid":{"rendered":"https:\/\/castelldelremei.com\/?post_type=product&#038;p=5422"},"modified":"2025-09-19T13:35:12","modified_gmt":"2025-09-19T11:35:12","slug":"oda-negre-2015-1-50cl","status":"publish","type":"product","link":"https:\/\/castelldelremei.com\/es\/producte\/oda-negre-2015-1-50cl\/","title":{"rendered":"ODA NEGRE 2021 150cl (MAGNUM)"},"content":{"rendered":"<p><strong>Un vino tinto profundo y complejo, con la nobleza que aportan las variedades ic\u00f3nicas bordelesas y una crianza medida y precisa. La \u00f3ptima insolaci\u00f3n de los vi\u00f1edos que maduran lentamente da como resultado un vino redondeado por la nobleza de las mejores barricas. Un vino complejo y firme con gran profundidad y notas que fusionan especias con fruta madura.<\/strong><\/p>\n<p><strong>Tipo de vino:<\/strong> Tinto corpulento con crianza en madera.<\/p>\n<p><strong>Variedades:<\/strong> Tempranillo, Syrah, Garnacha y Merlot.<\/p>\n<p><strong>Crianza:<\/strong> 12 meses en barricas de roble franc\u00e9s (60%) y americano (40%) de primer y segundo a\u00f1o de 225 L. Crianza en botella de 6 meses antes de salir al mercado.<\/p>\n<p><strong>Elaboraci\u00f3n:<\/strong> Sin sulfuroso durante la vinificaci\u00f3n y hasta la malol\u00e1ctica. Fermentaci\u00f3n alcoh\u00f3lica entre 22 y 26 \u00baC. Remontajes peri\u00f3dicos. Maceraci\u00f3n de unos 6 d\u00edas. Vinificaci\u00f3n en dep\u00f3sito de 10.000 L.<\/p>\n<p><strong>Denominaci\u00f3n de origen:<\/strong> Costers del Segre.<\/p>\n<p><strong>Agricultura:<\/strong> Producido en conversi\u00f3n a la agricultura ecol\u00f3gica.<\/p>\n<p><strong>Alcohol:<\/strong> 14,5% vol.<\/p>\n<p><strong>Nota de cata:<\/strong> Color picota con reflejos vivos y capa alta. Aromas de crianza, cedro y bals\u00e1micos. Al airearse, revela notas de frutas negras confitadas con un recuerdo mineral. La entrada t\u00e1nica con matices dulces da paso a la acidez que alarga en boca y le confiere un postgusto de fruta seca.<\/p>\n<p><strong>Premios y reconocimientos:<\/strong><\/p>\n<ul>\n<li>Oda Negre 2008: <strong>Award 2012<\/strong>, medalla de plata.<\/li>\n<li>Oda Negre 2009: <strong>International Wine &amp; Spirit Competition<\/strong>, medalla de plata.<\/li>\n<li>Oda Negre 2012: <strong>Gu\u00eda Pe\u00f1\u00edn 2016<\/strong>, 90 puntos.<\/li>\n<li>Oda Negre 2012: <strong>Vins excepcionals La Vanguardia 2016<\/strong>, menci\u00f3n.<\/li>\n<li>Oda Negre 2013: <strong>Gu\u00eda Repsol 2018<\/strong>, 91 puntos.<\/li>\n<li>Oda Negre 2015: <strong>Gu\u00eda Pe\u00f1\u00edn 2018<\/strong>, 90 puntos.<\/li>\n<li>Oda Negre 2016: <strong>Gu\u00eda Pe\u00f1\u00edn 2019<\/strong>, 91 puntos.<\/li>\n<li>Oda Negre 2017: <strong>Gu\u00eda Pe\u00f1\u00edn 2020<\/strong>, 90 puntos.<\/li>\n<li>Oda Negre 2018: <strong>Gu\u00eda Pe\u00f1\u00edn 2021<\/strong>, 90 puntos.<\/li>\n<li>Oda Negre 2018: <strong>Gourmet 2022<\/strong>, 92 puntos.<\/li>\n<li>Oda Negre 2019: <strong>Gu\u00eda Pe\u00f1\u00edn 2022<\/strong>, 90 puntos.<\/li>\n<li>Oda Negre 2019: <b>Hudin 2023,<\/b> 90 puntos.<\/li>\n<li>Oda Negre 2020: <strong>TimAtkin MW<\/strong>, 91 puntos.<\/li>\n<\/ul>\n<p>&nbsp;<\/p>\n<p><a href=\"https:\/\/castelldelremei.com\/wp-content\/uploads\/2024\/07\/Castell-del-Remei-Oda-Negre-ESP.pdf\"><strong>Descarga aqu\u00ed la ficha t\u00e9cnica<\/strong><\/a><\/p>\n","protected":false},"excerpt":{"rendered":"<p>Un vino tinto profundo y complejo, con la nobleza que aportan las variedades ic\u00f3nicas bordelesas y una crianza medida y precisa. La \u00f3ptima insolaci\u00f3n de los vi\u00f1edos que maduran lentamente da como resultado un vino redondeado por la nobleza de las mejores barricas para la crianza. Un vino complejo y firme con gran profundidad y notas que fusionan especias con fruta madura.<\/p>\n<p>Env\u00edo antes de 72h.<\/p>\n<p>Los gastos de env\u00edo son gratuitos a partir de 60\u20ac.<\/p>\n","protected":false},"featured_media":12405,"comment_status":"open","ping_status":"closed","template":"","meta":{"om_disable_all_campaigns":false,"_monsterinsights_skip_tracking":false,"_monsterinsights_sitenote_active":false,"_monsterinsights_sitenote_note":"","_monsterinsights_sitenote_category":0,"site-sidebar-layout":"default","site-content-layout":"default","ast-site-content-layout":"default","site-content-style":"default","site-sidebar-style":"default","ast-global-header-display":"","ast-banner-title-visibility":"","ast-main-header-display":"","ast-hfb-above-header-display":"","ast-hfb-below-header-display":"","ast-hfb-mobile-header-display":"","site-post-title":"","ast-breadcrumbs-content":"","ast-featured-img":"","footer-sml-layout":"","ast-disable-related-posts":"","theme-transparent-header-meta":"default","adv-header-id-meta":"","stick-header-meta":"default","header-above-stick-meta":"","header-main-stick-meta":"","header-below-stick-meta":"","astra-migrate-meta-layouts":"set","ast-page-background-enabled":"default","ast-page-background-meta":{"desktop":{"background-color":"","background-image":"","background-repeat":"repeat","background-position":"center center","background-size":"auto","background-attachment":"scroll","background-type":"","background-media":"","overlay-type":"","overlay-color":"","overlay-opacity":"","overlay-gradient":""},"tablet":{"background-color":"","background-image":"","background-repeat":"repeat","background-position":"center center","background-size":"auto","background-attachment":"scroll","background-type":"","background-media":"","overlay-type":"","overlay-color":"","overlay-opacity":"","overlay-gradient":""},"mobile":{"background-color":"","background-image":"","background-repeat":"repeat","background-position":"center center","background-size":"auto","background-attachment":"scroll","background-type":"","background-media":"","overlay-type":"","overlay-color":"","overlay-opacity":"","overlay-gradient":""}},"ast-content-background-meta":{"desktop":{"background-color":"var(--ast-global-color-5)","background-image":"","background-repeat":"repeat","background-position":"center center","background-size":"auto","background-attachment":"scroll","background-type":"","background-media":"","overlay-type":"","overlay-color":"","overlay-opacity":"","overlay-gradient":""},"tablet":{"background-color":"var(--ast-global-color-5)","background-image":"","background-repeat":"repeat","background-position":"center center","background-size":"auto","background-attachment":"scroll","background-type":"","background-media":"","overlay-type":"","overlay-color":"","overlay-opacity":"","overlay-gradient":""},"mobile":{"background-color":"var(--ast-global-color-5)","background-image":"","background-repeat":"repeat","background-position":"center center","background-size":"auto","background-attachment":"scroll","background-type":"","background-media":"","overlay-type":"","overlay-color":"","overlay-opacity":"","overlay-gradient":""}}},"product_brand":[],"product_cat":[51],"product_tag":[],"class_list":{"0":"post-5422","1":"product","2":"type-product","3":"status-publish","4":"has-post-thumbnail","6":"product_cat-vino-tinto","7":"desktop-align-center","8":"tablet-align-center","9":"mobile-align-center","10":"ast-product-gallery-layout-horizontal","11":"ast-product-gallery-with-no-image","12":"ast-product-tabs-layout-distributed","14":"first","15":"instock","16":"taxable","17":"shipping-taxable","18":"purchasable","19":"product-type-simple"},"_links":{"self":[{"href":"https:\/\/castelldelremei.com\/es\/wp-json\/wp\/v2\/product\/5422","targetHints":{"allow":["GET"]}}],"collection":[{"href":"https:\/\/castelldelremei.com\/es\/wp-json\/wp\/v2\/product"}],"about":[{"href":"https:\/\/castelldelremei.com\/es\/wp-json\/wp\/v2\/types\/product"}],"replies":[{"embeddable":true,"href":"https:\/\/castelldelremei.com\/es\/wp-json\/wp\/v2\/comments?post=5422"}],"wp:featuredmedia":[{"embeddable":true,"href":"https:\/\/castelldelremei.com\/es\/wp-json\/wp\/v2\/media\/12405"}],"wp:attachment":[{"href":"https:\/\/castelldelremei.com\/es\/wp-json\/wp\/v2\/media?parent=5422"}],"wp:term":[{"taxonomy":"product_brand","embeddable":true,"href":"https:\/\/castelldelremei.com\/es\/wp-json\/wp\/v2\/product_brand?post=5422"},{"taxonomy":"product_cat","embeddable":true,"href":"https:\/\/castelldelremei.com\/es\/wp-json\/wp\/v2\/product_cat?post=5422"},{"taxonomy":"product_tag","embeddable":true,"href":"https:\/\/castelldelremei.com\/es\/wp-json\/wp\/v2\/product_tag?post=5422"}],"curies":[{"name":"wp","href":"https:\/\/api.w.org\/{rel}","templated":true}]}}