{"id":6190,"date":"2021-05-25T16:27:43","date_gmt":"2021-05-25T14:27:43","guid":{"rendered":"https:\/\/castelldelremei.com\/producte\/garnatxa-del-castell-del-remei-2020-eco-0-75cl\/"},"modified":"2025-10-14T15:01:21","modified_gmt":"2025-10-14T13:01:21","slug":"garnatxa-del-castell-del-remei-2020-eco-0-75cl","status":"publish","type":"product","link":"https:\/\/castelldelremei.com\/es\/producte\/garnatxa-del-castell-del-remei-2020-eco-0-75cl\/","title":{"rendered":"ALTS DEL CASTELL 2024 ECO 75cl"},"content":{"rendered":"<p>El primer monovarietal de Castell del Remei. Parcialmente fermentado con rasp\u00f3n, intenso y profundo, con nervio y sabor.<\/p>\n<p><strong>Tipo de vino:<\/strong> Vino complejo, profundo y fesco.<\/p>\n<p><strong>Variedades:<\/strong> 100% Garnacha tinta.<\/p>\n<p><strong>Procedencia de la uva<\/strong>: Vino procedente de una \u00fanica finca de 5 ha de Garnacha tinta, llamada Alts del Castell, plantadas el a\u00f1o 1981.<\/p>\n<p><strong>Tipo de suelo:<\/strong> Arcillo-calc\u00e1reo con cantos redondos.<\/p>\n<p><strong>Altitud de los vi\u00f1edos:<\/strong> Vi\u00f1edos altos a 717 metros.<\/p>\n<p>Agricultura: Agricultura Ecol\u00f3gica y certificada con CCPAE. Trabajo exclusivo con abonos org\u00e1nicos de propia elaboraci\u00f3n. Labrado entre cepas con la preservaci\u00f3n de la cubierta vegetal del suelo.<\/p>\n<p><strong>Elaboraci\u00f3n:<\/strong> Vendimia a finales de septiembre de 2024. Fermentaci\u00f3n alcoh\u00f3lica a una temperatura controlada entre 20 y 23 \u00baC en dep\u00f3sitos de acero inoxidable durante 9 d\u00edas con remontados diarios.<\/p>\n<p>Vino ecol\u00f3gico certificado por el CCPAE y apto para veganos.<\/p>\n<p><strong>Producci\u00f3n:<\/strong> Limitada de 3.985 botellas.<\/p>\n<p><strong>Analisis:<\/strong><br \/>\nAlcohol: 14,5%vol<br \/>\nATT: 5,1 g\/L<br \/>\npH: 3,51<\/p>\n<p><strong>Nota de cata:<\/strong> Color rojo rub\u00ed con tonos de frutos del bosque rojos y negros. En nariz, notas de hierbas arom\u00e1ticas y flores dulces, en un conjunto bals\u00e1mico y l\u00e1ctico en el que se perciben, claramente, las moras y las frambuesas, con matices de suaves especias, regaliz y un toque de caf\u00e9, a pesar de no haber pasado apenas por crianza en barrica. En boca, la expresi\u00f3n de moras y ciruelas es intensa al tiempo que se aprecia una sensaci\u00f3n levemente salada y licorosa, en combinaci\u00f3n con suaves taninos. Un expresivo contraste entre las especias ex\u00f3ticas y las frutas, como la frambuesa, y las hierbas del bosque.<\/p>\n<p><strong>Premios y reconocimientos:<\/strong><br \/>\nGuia del Vino Cotidiano A\u00f1ada 2023 Gran oro.<br \/>\nTimAtkin MW A\u00f1ada 2023 90 puntos.<br \/>\nGuia Pe\u00f1\u00edn\u2019 25 A\u00f1ada 2022 92 puntos.<br \/>\nGuia Pe\u00f1\u00edn\u201924 A\u00f1ada 2021 91 puntos.<br \/>\nPremis Vinaris\u2019 22 A\u00f1ada 2021 Vinari de plata.<br \/>\nTimAtkin MW A\u00f1ada 2020 91 puntos.<\/p>\n<p><a href=\"https:\/\/castelldelremei.com\/wp-content\/uploads\/2025\/10\/FT_CDR_ALTS-DEL-CASTELL-GARNATXA_2024_CASTELLA_TZ.pdf\"><strong>Descarga aqu\u00ed la ficha t\u00e9cnica<\/strong><\/a><\/p>\n","protected":false},"excerpt":{"rendered":"<p>El primer monovarietal de Castell del Remei. Parcialmente fermentado con rasp\u00f3n, intenso y profundo, con nervio y sabor.<\/p>\n<p>Env\u00edo antes de 72h.<\/p>\n<p>Los gastos de env\u00edo son gratuitos a partir de 60\u20ac.<\/p>\n","protected":false},"featured_media":12068,"comment_status":"open","ping_status":"closed","template":"","meta":{"om_disable_all_campaigns":false,"_monsterinsights_skip_tracking":false,"_monsterinsights_sitenote_active":false,"_monsterinsights_sitenote_note":"","_monsterinsights_sitenote_category":0,"site-sidebar-layout":"default","site-content-layout":"default","ast-site-content-layout":"default","site-content-style":"default","site-sidebar-style":"default","ast-global-header-display":"","ast-banner-title-visibility":"","ast-main-header-display":"","ast-hfb-above-header-display":"","ast-hfb-below-header-display":"","ast-hfb-mobile-header-display":"","site-post-title":"","ast-breadcrumbs-content":"","ast-featured-img":"","footer-sml-layout":"","ast-disable-related-posts":"","theme-transparent-header-meta":"default","adv-header-id-meta":"","stick-header-meta":"default","header-above-stick-meta":"","header-main-stick-meta":"","header-below-stick-meta":"","astra-migrate-meta-layouts":"set","ast-page-background-enabled":"default","ast-page-background-meta":{"desktop":{"background-color":"","background-image":"","background-repeat":"repeat","background-position":"center center","background-size":"auto","background-attachment":"scroll","background-type":"","background-media":"","overlay-type":"","overlay-color":"","overlay-opacity":"","overlay-gradient":""},"tablet":{"background-color":"","background-image":"","background-repeat":"repeat","background-position":"center center","background-size":"auto","background-attachment":"scroll","background-type":"","background-media":"","overlay-type":"","overlay-color":"","overlay-opacity":"","overlay-gradient":""},"mobile":{"background-color":"","background-image":"","background-repeat":"repeat","background-position":"center center","background-size":"auto","background-attachment":"scroll","background-type":"","background-media":"","overlay-type":"","overlay-color":"","overlay-opacity":"","overlay-gradient":""}},"ast-content-background-meta":{"desktop":{"background-color":"var(--ast-global-color-5)","background-image":"","background-repeat":"repeat","background-position":"center center","background-size":"auto","background-attachment":"scroll","background-type":"","background-media":"","overlay-type":"","overlay-color":"","overlay-opacity":"","overlay-gradient":""},"tablet":{"background-color":"var(--ast-global-color-5)","background-image":"","background-repeat":"repeat","background-position":"center center","background-size":"auto","background-attachment":"scroll","background-type":"","background-media":"","overlay-type":"","overlay-color":"","overlay-opacity":"","overlay-gradient":""},"mobile":{"background-color":"var(--ast-global-color-5)","background-image":"","background-repeat":"repeat","background-position":"center center","background-size":"auto","background-attachment":"scroll","background-type":"","background-media":"","overlay-type":"","overlay-color":"","overlay-opacity":"","overlay-gradient":""}}},"product_brand":[],"product_cat":[51],"product_tag":[],"class_list":{"0":"post-6190","1":"product","2":"type-product","3":"status-publish","4":"has-post-thumbnail","6":"product_cat-vino-tinto","7":"desktop-align-center","8":"tablet-align-center","9":"mobile-align-center","10":"ast-product-gallery-layout-horizontal","11":"ast-product-gallery-with-no-image","12":"ast-product-tabs-layout-distributed","14":"first","15":"instock","16":"taxable","17":"shipping-taxable","18":"purchasable","19":"product-type-simple"},"_links":{"self":[{"href":"https:\/\/castelldelremei.com\/es\/wp-json\/wp\/v2\/product\/6190","targetHints":{"allow":["GET"]}}],"collection":[{"href":"https:\/\/castelldelremei.com\/es\/wp-json\/wp\/v2\/product"}],"about":[{"href":"https:\/\/castelldelremei.com\/es\/wp-json\/wp\/v2\/types\/product"}],"replies":[{"embeddable":true,"href":"https:\/\/castelldelremei.com\/es\/wp-json\/wp\/v2\/comments?post=6190"}],"wp:featuredmedia":[{"embeddable":true,"href":"https:\/\/castelldelremei.com\/es\/wp-json\/wp\/v2\/media\/12068"}],"wp:attachment":[{"href":"https:\/\/castelldelremei.com\/es\/wp-json\/wp\/v2\/media?parent=6190"}],"wp:term":[{"taxonomy":"product_brand","embeddable":true,"href":"https:\/\/castelldelremei.com\/es\/wp-json\/wp\/v2\/product_brand?post=6190"},{"taxonomy":"product_cat","embeddable":true,"href":"https:\/\/castelldelremei.com\/es\/wp-json\/wp\/v2\/product_cat?post=6190"},{"taxonomy":"product_tag","embeddable":true,"href":"https:\/\/castelldelremei.com\/es\/wp-json\/wp\/v2\/product_tag?post=6190"}],"curies":[{"name":"wp","href":"https:\/\/api.w.org\/{rel}","templated":true}]}}