{"id":10771,"date":"2024-11-04T22:41:11","date_gmt":"2024-11-04T21:41:11","guid":{"rendered":"https:\/\/castelldelremei.com\/classe-magistral-amb-tomas-cusine\/"},"modified":"2024-11-04T22:41:12","modified_gmt":"2024-11-04T21:41:12","slug":"classe-magistral-amb-tomas-cusine","status":"publish","type":"page","link":"https:\/\/castelldelremei.com\/zh-hant\/classe-magistral-amb-tomas-cusine\/","title":{"rendered":"Classe Magistral amb Tom\u00e0s Cusin\u00e9"},"content":{"rendered":"\t\t<div data-elementor-type=\"wp-page\" data-elementor-id=\"10771\" class=\"elementor elementor-10771 elementor-10611\" data-elementor-post-type=\"page\">\n\t\t\t\t\t\t<section class=\"elementor-section elementor-top-section elementor-element elementor-element-ac7ce98 elementor-section-boxed elementor-section-height-default elementor-section-height-default\" data-id=\"ac7ce98\" data-element_type=\"section\" data-e-type=\"section\">\n\t\t\t\t\t\t<div class=\"elementor-container elementor-column-gap-default\">\n\t\t\t\t\t<div class=\"elementor-column elementor-col-100 elementor-top-column elementor-element elementor-element-1e45941\" data-id=\"1e45941\" data-element_type=\"column\" data-e-type=\"column\">\n\t\t\t<div class=\"elementor-widget-wrap elementor-element-populated\">\n\t\t\t\t\t\t<div class=\"elementor-element elementor-element-cbb0132 elementor-widget elementor-widget-heading\" data-id=\"cbb0132\" data-element_type=\"widget\" data-e-type=\"widget\" data-widget_type=\"heading.default\">\n\t\t\t\t<div class=\"elementor-widget-container\">\n\t\t\t\t\t<h1 class=\"elementor-heading-title elementor-size-default\">Classe Magistral amb Tom\u00e0s Cusin\u00e9<\/h1>\t\t\t\t<\/div>\n\t\t\t\t<\/div>\n\t\t\t\t\t<\/div>\n\t\t<\/div>\n\t\t\t\t\t<\/div>\n\t\t<\/section>\n\t\t\t\t<section class=\"elementor-section elementor-top-section elementor-element elementor-element-800cdbc elementor-section-boxed elementor-section-height-default elementor-section-height-default\" data-id=\"800cdbc\" data-element_type=\"section\" data-e-type=\"section\">\n\t\t\t\t\t\t<div class=\"elementor-container elementor-column-gap-default\">\n\t\t\t\t\t<div class=\"elementor-column elementor-col-100 elementor-top-column elementor-element elementor-element-3be1021\" data-id=\"3be1021\" data-element_type=\"column\" data-e-type=\"column\">\n\t\t\t<div class=\"elementor-widget-wrap elementor-element-populated\">\n\t\t\t\t\t\t<div class=\"elementor-element elementor-element-7aa9f77 elementor-widget elementor-widget-heading\" data-id=\"7aa9f77\" data-element_type=\"widget\" data-e-type=\"widget\" data-widget_type=\"heading.default\">\n\t\t\t\t<div class=\"elementor-widget-container\">\n\t\t\t\t\t<h3 class=\"elementor-heading-title elementor-size-default\">Selecci\u00f3 de Nadal - Grans vins<\/h3>\t\t\t\t<\/div>\n\t\t\t\t<\/div>\n\t\t\t\t\t<\/div>\n\t\t<\/div>\n\t\t\t\t\t<\/div>\n\t\t<\/section>\n\t\t\t\t<section class=\"elementor-section elementor-top-section elementor-element elementor-element-3441cb6 elementor-section-boxed elementor-section-height-default elementor-section-height-default\" data-id=\"3441cb6\" data-element_type=\"section\" data-e-type=\"section\">\n\t\t\t\t\t\t<div class=\"elementor-container elementor-column-gap-default\">\n\t\t\t\t\t<div class=\"elementor-column elementor-col-100 elementor-top-column elementor-element elementor-element-7a70926\" data-id=\"7a70926\" data-element_type=\"column\" data-e-type=\"column\">\n\t\t\t<div class=\"elementor-widget-wrap elementor-element-populated\">\n\t\t\t\t\t\t<div class=\"elementor-element elementor-element-8cfaa75 elementor-widget elementor-widget-text-editor\" data-id=\"8cfaa75\" data-element_type=\"widget\" data-e-type=\"widget\" data-widget_type=\"text-editor.default\">\n\t\t\t\t<div class=\"elementor-widget-container\">\n\t\t\t\t\t\t\t\t\t<p style=\"text-align: center;\"><strong>Divendres, 22 de Novembre<\/strong><br>Celler Castell del Remei<br>de 19 h a 21:30 h<\/p>\r\n<p style=\"text-align: center;\">La recaptaci\u00f3 <b>\u00edntegra<\/b> es destinar\u00e0 als damnificats per la DANA al pa\u00eds Valenci\u00e0. Concretament, a la poblaci\u00f3 de Picanya (Pa\u00eds Valenci\u00e0), de les majors v\u00edctimes de la cat\u00e0strofe.<\/p>\t\t\t\t\t\t\t\t<\/div>\n\t\t\t\t<\/div>\n\t\t\t\t\t<\/div>\n\t\t<\/div>\n\t\t\t\t\t<\/div>\n\t\t<\/section>\n\t\t\t\t<section class=\"elementor-section elementor-top-section elementor-element elementor-element-3fd9b51 elementor-section-boxed elementor-section-height-default elementor-section-height-default\" data-id=\"3fd9b51\" data-element_type=\"section\" data-e-type=\"section\">\n\t\t\t\t\t\t<div class=\"elementor-container elementor-column-gap-default\">\n\t\t\t\t\t<div class=\"elementor-column elementor-col-100 elementor-top-column elementor-element elementor-element-b5e60fa\" data-id=\"b5e60fa\" data-element_type=\"column\" data-e-type=\"column\">\n\t\t\t<div class=\"elementor-widget-wrap elementor-element-populated\">\n\t\t\t\t\t\t<div class=\"elementor-element elementor-element-89cb4c4 elementor-widget elementor-widget-image\" data-id=\"89cb4c4\" data-element_type=\"widget\" data-e-type=\"widget\" data-widget_type=\"image.default\">\n\t\t\t\t<div class=\"elementor-widget-container\">\n\t\t\t\t\t\t\t\t\t\t\t\t\t\t\t<img decoding=\"async\" width=\"300\" height=\"58\" src=\"https:\/\/castelldelremei.com\/wp-content\/uploads\/2024\/11\/LOGO-FUNDACIO-CASTELL-DEL-REMEI_HD-01-300x58.jpeg\" class=\"attachment-medium size-medium wp-image-10755\" alt=\"\" srcset=\"https:\/\/castelldelremei.com\/wp-content\/uploads\/2024\/11\/LOGO-FUNDACIO-CASTELL-DEL-REMEI_HD-01-300x58.jpeg 300w, https:\/\/castelldelremei.com\/wp-content\/uploads\/2024\/11\/LOGO-FUNDACIO-CASTELL-DEL-REMEI_HD-01-600x116.jpeg 600w, https:\/\/castelldelremei.com\/wp-content\/uploads\/2024\/11\/LOGO-FUNDACIO-CASTELL-DEL-REMEI_HD-01.jpeg 640w\" sizes=\"(max-width: 300px) 100vw, 300px\" \/>\t\t\t\t\t\t\t\t\t\t\t\t\t\t\t<\/div>\n\t\t\t\t<\/div>\n\t\t\t\t\t<\/div>\n\t\t<\/div>\n\t\t\t\t\t<\/div>\n\t\t<\/section>\n\t\t\t\t<section class=\"elementor-section elementor-top-section elementor-element elementor-element-61f173e elementor-section-boxed elementor-section-height-default elementor-section-height-default\" data-id=\"61f173e\" data-element_type=\"section\" data-e-type=\"section\">\n\t\t\t\t\t\t<div class=\"elementor-container elementor-column-gap-default\">\n\t\t\t\t\t<div class=\"elementor-column elementor-col-100 elementor-top-column elementor-element elementor-element-e5a47ef\" data-id=\"e5a47ef\" data-element_type=\"column\" data-e-type=\"column\">\n\t\t\t<div class=\"elementor-widget-wrap elementor-element-populated\">\n\t\t\t\t\t\t<div class=\"elementor-element elementor-element-d625d0d elementor-widget-divider--view-line elementor-widget elementor-widget-divider\" data-id=\"d625d0d\" data-element_type=\"widget\" data-e-type=\"widget\" data-widget_type=\"divider.default\">\n\t\t\t\t<div class=\"elementor-widget-container\">\n\t\t\t\t\t\t\t<div class=\"elementor-divider\">\n\t\t\t<span class=\"elementor-divider-separator\">\n\t\t\t\t\t\t<\/span>\n\t\t<\/div>\n\t\t\t\t\t\t<\/div>\n\t\t\t\t<\/div>\n\t\t\t\t\t<\/div>\n\t\t<\/div>\n\t\t\t\t\t<\/div>\n\t\t<\/section>\n\t\t\t\t<section class=\"elementor-section elementor-top-section elementor-element elementor-element-27c9356 elementor-section-boxed elementor-section-height-default elementor-section-height-default\" data-id=\"27c9356\" data-element_type=\"section\" data-e-type=\"section\">\n\t\t\t\t\t\t<div class=\"elementor-container elementor-column-gap-default\">\n\t\t\t\t\t<div class=\"elementor-column elementor-col-100 elementor-top-column elementor-element elementor-element-10d35b3\" data-id=\"10d35b3\" data-element_type=\"column\" data-e-type=\"column\">\n\t\t\t<div class=\"elementor-widget-wrap elementor-element-populated\">\n\t\t\t\t\t\t<div class=\"elementor-element elementor-element-fa9bd05 elementor-widget elementor-widget-html\" data-id=\"fa9bd05\" data-element_type=\"widget\" data-e-type=\"widget\" data-widget_type=\"html.default\">\n\t\t\t\t<div class=\"elementor-widget-container\">\n\t\t\t\t\t<div class=\"bambuyo-products\" data-bambuyo-orders='{\"price\":\"asc\"}' data-bambuyo-filters='{\"id\":{\"in\":[\"3316fd5a-d2c4-4858-83bb-7308cb08a681\",\"46bd4880-dfaf-48ab-b469-0c33c666220c\",\"fcad80c1-ffe4-4397-942e-316da68ac643\",\"c2b8788a-a73a-4794-b516-6b7746d60ac8\"]}}'><\/div>\t\t\t\t<\/div>\n\t\t\t\t<\/div>\n\t\t\t\t\t<\/div>\n\t\t<\/div>\n\t\t\t\t\t<\/div>\n\t\t<\/section>\n\t\t\t\t<section class=\"elementor-section elementor-top-section elementor-element elementor-element-b4e6a8d elementor-section-boxed elementor-section-height-default elementor-section-height-default\" data-id=\"b4e6a8d\" data-element_type=\"section\" data-e-type=\"section\">\n\t\t\t\t\t\t<div class=\"elementor-container elementor-column-gap-default\">\n\t\t\t\t\t<div class=\"elementor-column elementor-col-100 elementor-top-column elementor-element elementor-element-e9f478c\" data-id=\"e9f478c\" data-element_type=\"column\" data-e-type=\"column\">\n\t\t\t<div class=\"elementor-widget-wrap elementor-element-populated\">\n\t\t\t\t\t\t<div class=\"elementor-element elementor-element-14ffdf2 elementor-widget-divider--view-line elementor-widget elementor-widget-divider\" data-id=\"14ffdf2\" data-element_type=\"widget\" data-e-type=\"widget\" data-widget_type=\"divider.default\">\n\t\t\t\t<div class=\"elementor-widget-container\">\n\t\t\t\t\t\t\t<div class=\"elementor-divider\">\n\t\t\t<span class=\"elementor-divider-separator\">\n\t\t\t\t\t\t<\/span>\n\t\t<\/div>\n\t\t\t\t\t\t<\/div>\n\t\t\t\t<\/div>\n\t\t\t\t<div class=\"elementor-element elementor-element-122cc4d elementor-widget elementor-widget-image\" data-id=\"122cc4d\" data-element_type=\"widget\" data-e-type=\"widget\" data-widget_type=\"image.default\">\n\t\t\t\t<div class=\"elementor-widget-container\">\n\t\t\t\t\t\t\t\t\t\t\t\t\t\t\t<img fetchpriority=\"high\" decoding=\"async\" width=\"576\" height=\"1024\" src=\"https:\/\/castelldelremei.com\/wp-content\/uploads\/2024\/11\/Tast-576x1024.png\" class=\"attachment-large size-large wp-image-10632\" alt=\"Classe Magistral amb Tom\u00e0s Cusin\u00e9\" srcset=\"https:\/\/castelldelremei.com\/wp-content\/uploads\/2024\/11\/Tast-576x1024.png 576w, https:\/\/castelldelremei.com\/wp-content\/uploads\/2024\/11\/Tast-169x300.png 169w, https:\/\/castelldelremei.com\/wp-content\/uploads\/2024\/11\/Tast-768x1365.png 768w, https:\/\/castelldelremei.com\/wp-content\/uploads\/2024\/11\/Tast-864x1536.png 864w, https:\/\/castelldelremei.com\/wp-content\/uploads\/2024\/11\/Tast-600x1067.png 600w, https:\/\/castelldelremei.com\/wp-content\/uploads\/2024\/11\/Tast.png 1080w\" sizes=\"(max-width: 576px) 100vw, 576px\" \/>\t\t\t\t\t\t\t\t\t\t\t\t\t\t\t<\/div>\n\t\t\t\t<\/div>\n\t\t\t\t\t<\/div>\n\t\t<\/div>\n\t\t\t\t\t<\/div>\n\t\t<\/section>\n\t\t\t\t<\/div>\n\t\t","protected":false},"excerpt":{"rendered":"<p> [&hellip;]<\/p>\n","protected":false},"author":18,"featured_media":0,"parent":0,"menu_order":0,"comment_status":"closed","ping_status":"closed","template":"","meta":{"om_disable_all_campaigns":false,"_monsterinsights_skip_tracking":false,"_monsterinsights_sitenote_active":false,"_monsterinsights_sitenote_note":"","_monsterinsights_sitenote_category":0,"site-sidebar-layout":"no-sidebar","site-content-layout":"page-builder","ast-site-content-layout":"full-width-container","site-content-style":"default","site-sidebar-style":"default","ast-global-header-display":"","ast-banner-title-visibility":"","ast-main-header-display":"","ast-hfb-above-header-display":"","ast-hfb-below-header-display":"","ast-hfb-mobile-header-display":"","site-post-title":"disabled","ast-breadcrumbs-content":"","ast-featured-img":"disabled","footer-sml-layout":"","ast-disable-related-posts":"","theme-transparent-header-meta":"default","adv-header-id-meta":"","stick-header-meta":"default","header-above-stick-meta":"","header-main-stick-meta":"","header-below-stick-meta":"","astra-migrate-meta-layouts":"default","ast-page-background-enabled":"default","ast-page-background-meta":{"desktop":{"background-color":"","background-image":"","background-repeat":"repeat","background-position":"center center","background-size":"auto","background-attachment":"scroll","background-type":"","background-media":"","overlay-type":"","overlay-color":"","overlay-opacity":"","overlay-gradient":""},"tablet":{"background-color":"","background-image":"","background-repeat":"repeat","background-position":"center center","background-size":"auto","background-attachment":"scroll","background-type":"","background-media":"","overlay-type":"","overlay-color":"","overlay-opacity":"","overlay-gradient":""},"mobile":{"background-color":"","background-image":"","background-repeat":"repeat","background-position":"center center","background-size":"auto","background-attachment":"scroll","background-type":"","background-media":"","overlay-type":"","overlay-color":"","overlay-opacity":"","overlay-gradient":""}},"ast-content-background-meta":{"desktop":{"background-color":"var(--ast-global-color-5)","background-image":"","background-repeat":"repeat","background-position":"center center","background-size":"auto","background-attachment":"scroll","background-type":"","background-media":"","overlay-type":"","overlay-color":"","overlay-opacity":"","overlay-gradient":""},"tablet":{"background-color":"var(--ast-global-color-5)","background-image":"","background-repeat":"repeat","background-position":"center center","background-size":"auto","background-attachment":"scroll","background-type":"","background-media":"","overlay-type":"","overlay-color":"","overlay-opacity":"","overlay-gradient":""},"mobile":{"background-color":"var(--ast-global-color-5)","background-image":"","background-repeat":"repeat","background-position":"center center","background-size":"auto","background-attachment":"scroll","background-type":"","background-media":"","overlay-type":"","overlay-color":"","overlay-opacity":"","overlay-gradient":""}},"footnotes":""},"class_list":["post-10771","page","type-page","status-publish","hentry"],"_links":{"self":[{"href":"https:\/\/castelldelremei.com\/zh-hant\/wp-json\/wp\/v2\/pages\/10771","targetHints":{"allow":["GET"]}}],"collection":[{"href":"https:\/\/castelldelremei.com\/zh-hant\/wp-json\/wp\/v2\/pages"}],"about":[{"href":"https:\/\/castelldelremei.com\/zh-hant\/wp-json\/wp\/v2\/types\/page"}],"author":[{"embeddable":true,"href":"https:\/\/castelldelremei.com\/zh-hant\/wp-json\/wp\/v2\/users\/18"}],"replies":[{"embeddable":true,"href":"https:\/\/castelldelremei.com\/zh-hant\/wp-json\/wp\/v2\/comments?post=10771"}],"version-history":[{"count":0,"href":"https:\/\/castelldelremei.com\/zh-hant\/wp-json\/wp\/v2\/pages\/10771\/revisions"}],"wp:attachment":[{"href":"https:\/\/castelldelremei.com\/zh-hant\/wp-json\/wp\/v2\/media?parent=10771"}],"curies":[{"name":"wp","href":"https:\/\/api.w.org\/{rel}","templated":true}]}}